{"id":21328,"date":"2021-03-15T17:24:48","date_gmt":"2021-03-15T15:24:48","guid":{"rendered":"https:\/\/visitkalajoki.fi\/accommodation\/hiekka-booking-lkv-ja-wesain-oy\/"},"modified":"2026-04-02T10:03:03","modified_gmt":"2026-04-02T07:03:03","slug":"hiekka-booking","status":"publish","type":"page","link":"https:\/\/visitkalajoki.fi\/en\/accommodation\/hiekka-booking\/","title":{"rendered":"Hiekka Booking Apartments"},"content":{"rendered":"","protected":false},"excerpt":{"rendered":"","protected":false},"author":20,"featured_media":30462,"parent":6524,"menu_order":0,"comment_status":"closed","ping_status":"closed","template":"","meta":{"_acf_changed":false,"footnotes":""},"class_list":["post-21328","page","type-page","status-publish","has-post-thumbnail","hentry"],"acf":[],"yoast_head":"<!-- This site is optimized with the Yoast SEO plugin v27.2 - https:\/\/yoast.com\/product\/yoast-seo-wordpress\/ -->\n<title>Loma-asunto Kalajoelta - Hiekka Booking Apartments - Visit Kalajoki<\/title>\n<meta name=\"description\" content=\"Hiekka Booking rents holiday apartments for short-term use and Hiekka LKV provides traditional real estate services in Hiekkas\u00e4rk\u00e4t holiday area in Kalajoki.\" \/>\n<meta name=\"robots\" content=\"index, follow, max-snippet:-1, max-image-preview:large, max-video-preview:-1\" \/>\n<link rel=\"canonical\" href=\"https:\/\/visitkalajoki.fi\/en\/accommodation\/hiekka-booking\/\" \/>\n<meta property=\"og:locale\" content=\"en_US\" \/>\n<meta property=\"og:type\" content=\"article\" \/>\n<meta property=\"og:title\" content=\"Loma-asunto Kalajoelta - Hiekka Booking Apartments - Visit Kalajoki\" \/>\n<meta property=\"og:description\" content=\"Hiekka Booking rents holiday apartments for short-term use and Hiekka LKV provides traditional real estate services in Hiekkas\u00e4rk\u00e4t holiday area in Kalajoki.\" \/>\n<meta property=\"og:url\" content=\"https:\/\/visitkalajoki.fi\/en\/accommodation\/hiekka-booking\/\" \/>\n<meta property=\"og:site_name\" content=\"Visit Kalajoki\" \/>\n<meta property=\"article:publisher\" content=\"https:\/\/www.facebook.com\/visitkalajoki\" \/>\n<meta property=\"article:modified_time\" content=\"2026-04-02T07:03:03+00:00\" \/>\n<meta property=\"og:image\" content=\"https:\/\/visitkalajoki.fi\/wp-content\/uploads\/2024\/01\/marina-resort-b6-ruokailutila.jpg\" \/>\n\t<meta property=\"og:image:width\" content=\"1920\" \/>\n\t<meta property=\"og:image:height\" content=\"992\" \/>\n\t<meta property=\"og:image:type\" content=\"image\/jpeg\" \/>\n<meta name=\"twitter:card\" content=\"summary_large_image\" \/>\n<meta name=\"twitter:site\" content=\"@Kalajoki\" \/>\n<meta name=\"twitter:label1\" content=\"Est. reading time\" \/>\n\t<meta name=\"twitter:data1\" content=\"2 minutes\" \/>\n<script type=\"application\/ld+json\" class=\"yoast-schema-graph\">{\"@context\":\"https:\/\/schema.org\",\"@graph\":[{\"@type\":\"WebPage\",\"@id\":\"https:\/\/visitkalajoki.fi\/en\/accommodation\/hiekka-booking\/\",\"url\":\"https:\/\/visitkalajoki.fi\/en\/accommodation\/hiekka-booking\/\",\"name\":\"Loma-asunto Kalajoelta - Hiekka Booking Apartments - Visit Kalajoki\",\"isPartOf\":{\"@id\":\"https:\/\/visitkalajoki.fi\/en\/#website\"},\"primaryImageOfPage\":{\"@id\":\"https:\/\/visitkalajoki.fi\/en\/accommodation\/hiekka-booking\/#primaryimage\"},\"image\":{\"@id\":\"https:\/\/visitkalajoki.fi\/en\/accommodation\/hiekka-booking\/#primaryimage\"},\"thumbnailUrl\":\"https:\/\/visitkalajoki.fi\/wp-content\/uploads\/2024\/01\/marina-resort-b6-ruokailutila.jpg\",\"datePublished\":\"2021-03-15T15:24:48+00:00\",\"dateModified\":\"2026-04-02T07:03:03+00:00\",\"description\":\"Hiekka Booking rents holiday apartments for short-term use and Hiekka LKV provides traditional real estate services in Hiekkas\u00e4rk\u00e4t holiday area in Kalajoki.\",\"breadcrumb\":{\"@id\":\"https:\/\/visitkalajoki.fi\/en\/accommodation\/hiekka-booking\/#breadcrumb\"},\"inLanguage\":\"en-US\",\"potentialAction\":[{\"@type\":\"ReadAction\",\"target\":[\"https:\/\/visitkalajoki.fi\/en\/accommodation\/hiekka-booking\/\"]}]},{\"@type\":\"ImageObject\",\"inLanguage\":\"en-US\",\"@id\":\"https:\/\/visitkalajoki.fi\/en\/accommodation\/hiekka-booking\/#primaryimage\",\"url\":\"https:\/\/visitkalajoki.fi\/wp-content\/uploads\/2024\/01\/marina-resort-b6-ruokailutila.jpg\",\"contentUrl\":\"https:\/\/visitkalajoki.fi\/wp-content\/uploads\/2024\/01\/marina-resort-b6-ruokailutila.jpg\",\"width\":1920,\"height\":992,\"caption\":\"Marina Resort majoitus meren \u00e4\u00e4relt\u00e4\"},{\"@type\":\"BreadcrumbList\",\"@id\":\"https:\/\/visitkalajoki.fi\/en\/accommodation\/hiekka-booking\/#breadcrumb\",\"itemListElement\":[{\"@type\":\"ListItem\",\"position\":1,\"name\":\"Accommodation\",\"item\":\"https:\/\/visitkalajoki.fi\/en\/accommodation\/\"},{\"@type\":\"ListItem\",\"position\":2,\"name\":\"Hiekka Booking Apartments\"}]},{\"@type\":\"WebSite\",\"@id\":\"https:\/\/visitkalajoki.fi\/en\/#website\",\"url\":\"https:\/\/visitkalajoki.fi\/en\/\",\"name\":\"Visit Kalajoki\",\"description\":\"\",\"potentialAction\":[{\"@type\":\"SearchAction\",\"target\":{\"@type\":\"EntryPoint\",\"urlTemplate\":\"https:\/\/visitkalajoki.fi\/en\/?s={search_term_string}\"},\"query-input\":{\"@type\":\"PropertyValueSpecification\",\"valueRequired\":true,\"valueName\":\"search_term_string\"}}],\"inLanguage\":\"en-US\"}]}<\/script>\n<!-- \/ Yoast SEO plugin. -->","yoast_head_json":{"title":"Loma-asunto Kalajoelta - Hiekka Booking Apartments - Visit Kalajoki","description":"Hiekka Booking rents holiday apartments for short-term use and Hiekka LKV provides traditional real estate services in Hiekkas\u00e4rk\u00e4t holiday area in Kalajoki.","robots":{"index":"index","follow":"follow","max-snippet":"max-snippet:-1","max-image-preview":"max-image-preview:large","max-video-preview":"max-video-preview:-1"},"canonical":"https:\/\/visitkalajoki.fi\/en\/accommodation\/hiekka-booking\/","og_locale":"en_US","og_type":"article","og_title":"Loma-asunto Kalajoelta - Hiekka Booking Apartments - Visit Kalajoki","og_description":"Hiekka Booking rents holiday apartments for short-term use and Hiekka LKV provides traditional real estate services in Hiekkas\u00e4rk\u00e4t holiday area in Kalajoki.","og_url":"https:\/\/visitkalajoki.fi\/en\/accommodation\/hiekka-booking\/","og_site_name":"Visit Kalajoki","article_publisher":"https:\/\/www.facebook.com\/visitkalajoki","article_modified_time":"2026-04-02T07:03:03+00:00","og_image":[{"width":1920,"height":992,"url":"https:\/\/visitkalajoki.fi\/wp-content\/uploads\/2024\/01\/marina-resort-b6-ruokailutila.jpg","type":"image\/jpeg"}],"twitter_card":"summary_large_image","twitter_site":"@Kalajoki","twitter_misc":{"Est. reading time":"2 minutes"},"schema":{"@context":"https:\/\/schema.org","@graph":[{"@type":"WebPage","@id":"https:\/\/visitkalajoki.fi\/en\/accommodation\/hiekka-booking\/","url":"https:\/\/visitkalajoki.fi\/en\/accommodation\/hiekka-booking\/","name":"Loma-asunto Kalajoelta - Hiekka Booking Apartments - Visit Kalajoki","isPartOf":{"@id":"https:\/\/visitkalajoki.fi\/en\/#website"},"primaryImageOfPage":{"@id":"https:\/\/visitkalajoki.fi\/en\/accommodation\/hiekka-booking\/#primaryimage"},"image":{"@id":"https:\/\/visitkalajoki.fi\/en\/accommodation\/hiekka-booking\/#primaryimage"},"thumbnailUrl":"https:\/\/visitkalajoki.fi\/wp-content\/uploads\/2024\/01\/marina-resort-b6-ruokailutila.jpg","datePublished":"2021-03-15T15:24:48+00:00","dateModified":"2026-04-02T07:03:03+00:00","description":"Hiekka Booking rents holiday apartments for short-term use and Hiekka LKV provides traditional real estate services in Hiekkas\u00e4rk\u00e4t holiday area in Kalajoki.","breadcrumb":{"@id":"https:\/\/visitkalajoki.fi\/en\/accommodation\/hiekka-booking\/#breadcrumb"},"inLanguage":"en-US","potentialAction":[{"@type":"ReadAction","target":["https:\/\/visitkalajoki.fi\/en\/accommodation\/hiekka-booking\/"]}]},{"@type":"ImageObject","inLanguage":"en-US","@id":"https:\/\/visitkalajoki.fi\/en\/accommodation\/hiekka-booking\/#primaryimage","url":"https:\/\/visitkalajoki.fi\/wp-content\/uploads\/2024\/01\/marina-resort-b6-ruokailutila.jpg","contentUrl":"https:\/\/visitkalajoki.fi\/wp-content\/uploads\/2024\/01\/marina-resort-b6-ruokailutila.jpg","width":1920,"height":992,"caption":"Marina Resort majoitus meren \u00e4\u00e4relt\u00e4"},{"@type":"BreadcrumbList","@id":"https:\/\/visitkalajoki.fi\/en\/accommodation\/hiekka-booking\/#breadcrumb","itemListElement":[{"@type":"ListItem","position":1,"name":"Accommodation","item":"https:\/\/visitkalajoki.fi\/en\/accommodation\/"},{"@type":"ListItem","position":2,"name":"Hiekka Booking Apartments"}]},{"@type":"WebSite","@id":"https:\/\/visitkalajoki.fi\/en\/#website","url":"https:\/\/visitkalajoki.fi\/en\/","name":"Visit Kalajoki","description":"","potentialAction":[{"@type":"SearchAction","target":{"@type":"EntryPoint","urlTemplate":"https:\/\/visitkalajoki.fi\/en\/?s={search_term_string}"},"query-input":{"@type":"PropertyValueSpecification","valueRequired":true,"valueName":"search_term_string"}}],"inLanguage":"en-US"}]}},"_links":{"self":[{"href":"https:\/\/visitkalajoki.fi\/en\/wp-json\/wp\/v2\/pages\/21328","targetHints":{"allow":["GET"]}}],"collection":[{"href":"https:\/\/visitkalajoki.fi\/en\/wp-json\/wp\/v2\/pages"}],"about":[{"href":"https:\/\/visitkalajoki.fi\/en\/wp-json\/wp\/v2\/types\/page"}],"author":[{"embeddable":true,"href":"https:\/\/visitkalajoki.fi\/en\/wp-json\/wp\/v2\/users\/20"}],"replies":[{"embeddable":true,"href":"https:\/\/visitkalajoki.fi\/en\/wp-json\/wp\/v2\/comments?post=21328"}],"version-history":[{"count":15,"href":"https:\/\/visitkalajoki.fi\/en\/wp-json\/wp\/v2\/pages\/21328\/revisions"}],"predecessor-version":[{"id":34437,"href":"https:\/\/visitkalajoki.fi\/en\/wp-json\/wp\/v2\/pages\/21328\/revisions\/34437"}],"up":[{"embeddable":true,"href":"https:\/\/visitkalajoki.fi\/en\/wp-json\/wp\/v2\/pages\/6524"}],"wp:featuredmedia":[{"embeddable":true,"href":"https:\/\/visitkalajoki.fi\/en\/wp-json\/wp\/v2\/media\/30462"}],"wp:attachment":[{"href":"https:\/\/visitkalajoki.fi\/en\/wp-json\/wp\/v2\/media?parent=21328"}],"curies":[{"name":"wp","href":"https:\/\/api.w.org\/{rel}","templated":true}]}}