{"id":29493,"date":"2023-07-21T09:41:43","date_gmt":"2023-07-21T06:41:43","guid":{"rendered":"https:\/\/visitkalajoki.fi\/be-active\/outdoors\/sporthouse-kalajoki\/"},"modified":"2023-08-23T14:14:39","modified_gmt":"2023-08-23T11:14:39","slug":"sporthouse-kalajoki","status":"publish","type":"page","link":"https:\/\/visitkalajoki.fi\/en\/be-active\/outdoors\/sporthouse-kalajoki\/","title":{"rendered":"Sport House Kalajoki"},"content":{"rendered":"","protected":false},"excerpt":{"rendered":"","protected":false},"author":11,"featured_media":29646,"parent":6388,"menu_order":0,"comment_status":"closed","ping_status":"closed","template":"","meta":{"_acf_changed":false,"footnotes":""},"class_list":["post-29493","page","type-page","status-publish","has-post-thumbnail","hentry"],"acf":[],"yoast_head":"<!-- This site is optimized with the Yoast SEO plugin v27.2 - https:\/\/yoast.com\/product\/yoast-seo-wordpress\/ -->\n<title>Sport House Kalajoki - Visit Kalajoki<\/title>\n<meta name=\"description\" content=\"High-quality mountain bikes for both children and adults. The selection includes electric-assisted and traditional fatbikes.\" \/>\n<meta name=\"robots\" content=\"index, follow, max-snippet:-1, max-image-preview:large, max-video-preview:-1\" \/>\n<link rel=\"canonical\" href=\"https:\/\/visitkalajoki.fi\/en\/be-active\/outdoors\/sporthouse-kalajoki\/\" \/>\n<meta property=\"og:locale\" content=\"en_US\" \/>\n<meta property=\"og:type\" content=\"article\" \/>\n<meta property=\"og:title\" content=\"Sport House Kalajoki - Visit Kalajoki\" \/>\n<meta property=\"og:description\" content=\"High-quality mountain bikes for both children and adults. The selection includes electric-assisted and traditional fatbikes.\" \/>\n<meta property=\"og:url\" content=\"https:\/\/visitkalajoki.fi\/en\/be-active\/outdoors\/sporthouse-kalajoki\/\" \/>\n<meta property=\"og:site_name\" content=\"Visit Kalajoki\" \/>\n<meta property=\"article:publisher\" content=\"https:\/\/www.facebook.com\/visitkalajoki\" \/>\n<meta property=\"article:modified_time\" content=\"2023-08-23T11:14:39+00:00\" \/>\n<meta property=\"og:image\" content=\"https:\/\/visitkalajoki.fi\/wp-content\/uploads\/2023\/08\/SportHouse2023-15.jpg\" \/>\n\t<meta property=\"og:image:width\" content=\"2048\" \/>\n\t<meta property=\"og:image:height\" content=\"1026\" \/>\n\t<meta property=\"og:image:type\" content=\"image\/jpeg\" \/>\n<meta name=\"twitter:card\" content=\"summary_large_image\" \/>\n<meta name=\"twitter:site\" content=\"@Kalajoki\" \/>\n<script type=\"application\/ld+json\" class=\"yoast-schema-graph\">{\"@context\":\"https:\/\/schema.org\",\"@graph\":[{\"@type\":\"WebPage\",\"@id\":\"https:\/\/visitkalajoki.fi\/en\/be-active\/outdoors\/sporthouse-kalajoki\/\",\"url\":\"https:\/\/visitkalajoki.fi\/en\/be-active\/outdoors\/sporthouse-kalajoki\/\",\"name\":\"Sport House Kalajoki - Visit Kalajoki\",\"isPartOf\":{\"@id\":\"https:\/\/visitkalajoki.fi\/en\/#website\"},\"primaryImageOfPage\":{\"@id\":\"https:\/\/visitkalajoki.fi\/en\/be-active\/outdoors\/sporthouse-kalajoki\/#primaryimage\"},\"image\":{\"@id\":\"https:\/\/visitkalajoki.fi\/en\/be-active\/outdoors\/sporthouse-kalajoki\/#primaryimage\"},\"thumbnailUrl\":\"https:\/\/visitkalajoki.fi\/wp-content\/uploads\/2023\/08\/SportHouse2023-15.jpg\",\"datePublished\":\"2023-07-21T06:41:43+00:00\",\"dateModified\":\"2023-08-23T11:14:39+00:00\",\"description\":\"High-quality mountain bikes for both children and adults. The selection includes electric-assisted and traditional fatbikes.\",\"breadcrumb\":{\"@id\":\"https:\/\/visitkalajoki.fi\/en\/be-active\/outdoors\/sporthouse-kalajoki\/#breadcrumb\"},\"inLanguage\":\"en-US\",\"potentialAction\":[{\"@type\":\"ReadAction\",\"target\":[\"https:\/\/visitkalajoki.fi\/en\/be-active\/outdoors\/sporthouse-kalajoki\/\"]}]},{\"@type\":\"ImageObject\",\"inLanguage\":\"en-US\",\"@id\":\"https:\/\/visitkalajoki.fi\/en\/be-active\/outdoors\/sporthouse-kalajoki\/#primaryimage\",\"url\":\"https:\/\/visitkalajoki.fi\/wp-content\/uploads\/2023\/08\/SportHouse2023-15.jpg\",\"contentUrl\":\"https:\/\/visitkalajoki.fi\/wp-content\/uploads\/2023\/08\/SportHouse2023-15.jpg\",\"width\":2048,\"height\":1026,\"caption\":\"S\u00e4hk\u00f6py\u00f6r\u00e4t Fatbike efatbike\"},{\"@type\":\"BreadcrumbList\",\"@id\":\"https:\/\/visitkalajoki.fi\/en\/be-active\/outdoors\/sporthouse-kalajoki\/#breadcrumb\",\"itemListElement\":[{\"@type\":\"ListItem\",\"position\":1,\"name\":\"Be active\",\"item\":\"https:\/\/visitkalajoki.fi\/en\/be-active\/\"},{\"@type\":\"ListItem\",\"position\":2,\"name\":\"Outdoors\",\"item\":\"https:\/\/visitkalajoki.fi\/en\/be-active\/outdoors\/\"},{\"@type\":\"ListItem\",\"position\":3,\"name\":\"Sport House Kalajoki\"}]},{\"@type\":\"WebSite\",\"@id\":\"https:\/\/visitkalajoki.fi\/en\/#website\",\"url\":\"https:\/\/visitkalajoki.fi\/en\/\",\"name\":\"Visit Kalajoki\",\"description\":\"\",\"potentialAction\":[{\"@type\":\"SearchAction\",\"target\":{\"@type\":\"EntryPoint\",\"urlTemplate\":\"https:\/\/visitkalajoki.fi\/en\/?s={search_term_string}\"},\"query-input\":{\"@type\":\"PropertyValueSpecification\",\"valueRequired\":true,\"valueName\":\"search_term_string\"}}],\"inLanguage\":\"en-US\"}]}<\/script>\n<!-- \/ Yoast SEO plugin. -->","yoast_head_json":{"title":"Sport House Kalajoki - Visit Kalajoki","description":"High-quality mountain bikes for both children and adults. The selection includes electric-assisted and traditional fatbikes.","robots":{"index":"index","follow":"follow","max-snippet":"max-snippet:-1","max-image-preview":"max-image-preview:large","max-video-preview":"max-video-preview:-1"},"canonical":"https:\/\/visitkalajoki.fi\/en\/be-active\/outdoors\/sporthouse-kalajoki\/","og_locale":"en_US","og_type":"article","og_title":"Sport House Kalajoki - Visit Kalajoki","og_description":"High-quality mountain bikes for both children and adults. The selection includes electric-assisted and traditional fatbikes.","og_url":"https:\/\/visitkalajoki.fi\/en\/be-active\/outdoors\/sporthouse-kalajoki\/","og_site_name":"Visit Kalajoki","article_publisher":"https:\/\/www.facebook.com\/visitkalajoki","article_modified_time":"2023-08-23T11:14:39+00:00","og_image":[{"width":2048,"height":1026,"url":"https:\/\/visitkalajoki.fi\/wp-content\/uploads\/2023\/08\/SportHouse2023-15.jpg","type":"image\/jpeg"}],"twitter_card":"summary_large_image","twitter_site":"@Kalajoki","schema":{"@context":"https:\/\/schema.org","@graph":[{"@type":"WebPage","@id":"https:\/\/visitkalajoki.fi\/en\/be-active\/outdoors\/sporthouse-kalajoki\/","url":"https:\/\/visitkalajoki.fi\/en\/be-active\/outdoors\/sporthouse-kalajoki\/","name":"Sport House Kalajoki - Visit Kalajoki","isPartOf":{"@id":"https:\/\/visitkalajoki.fi\/en\/#website"},"primaryImageOfPage":{"@id":"https:\/\/visitkalajoki.fi\/en\/be-active\/outdoors\/sporthouse-kalajoki\/#primaryimage"},"image":{"@id":"https:\/\/visitkalajoki.fi\/en\/be-active\/outdoors\/sporthouse-kalajoki\/#primaryimage"},"thumbnailUrl":"https:\/\/visitkalajoki.fi\/wp-content\/uploads\/2023\/08\/SportHouse2023-15.jpg","datePublished":"2023-07-21T06:41:43+00:00","dateModified":"2023-08-23T11:14:39+00:00","description":"High-quality mountain bikes for both children and adults. The selection includes electric-assisted and traditional fatbikes.","breadcrumb":{"@id":"https:\/\/visitkalajoki.fi\/en\/be-active\/outdoors\/sporthouse-kalajoki\/#breadcrumb"},"inLanguage":"en-US","potentialAction":[{"@type":"ReadAction","target":["https:\/\/visitkalajoki.fi\/en\/be-active\/outdoors\/sporthouse-kalajoki\/"]}]},{"@type":"ImageObject","inLanguage":"en-US","@id":"https:\/\/visitkalajoki.fi\/en\/be-active\/outdoors\/sporthouse-kalajoki\/#primaryimage","url":"https:\/\/visitkalajoki.fi\/wp-content\/uploads\/2023\/08\/SportHouse2023-15.jpg","contentUrl":"https:\/\/visitkalajoki.fi\/wp-content\/uploads\/2023\/08\/SportHouse2023-15.jpg","width":2048,"height":1026,"caption":"S\u00e4hk\u00f6py\u00f6r\u00e4t Fatbike efatbike"},{"@type":"BreadcrumbList","@id":"https:\/\/visitkalajoki.fi\/en\/be-active\/outdoors\/sporthouse-kalajoki\/#breadcrumb","itemListElement":[{"@type":"ListItem","position":1,"name":"Be active","item":"https:\/\/visitkalajoki.fi\/en\/be-active\/"},{"@type":"ListItem","position":2,"name":"Outdoors","item":"https:\/\/visitkalajoki.fi\/en\/be-active\/outdoors\/"},{"@type":"ListItem","position":3,"name":"Sport House Kalajoki"}]},{"@type":"WebSite","@id":"https:\/\/visitkalajoki.fi\/en\/#website","url":"https:\/\/visitkalajoki.fi\/en\/","name":"Visit Kalajoki","description":"","potentialAction":[{"@type":"SearchAction","target":{"@type":"EntryPoint","urlTemplate":"https:\/\/visitkalajoki.fi\/en\/?s={search_term_string}"},"query-input":{"@type":"PropertyValueSpecification","valueRequired":true,"valueName":"search_term_string"}}],"inLanguage":"en-US"}]}},"_links":{"self":[{"href":"https:\/\/visitkalajoki.fi\/en\/wp-json\/wp\/v2\/pages\/29493","targetHints":{"allow":["GET"]}}],"collection":[{"href":"https:\/\/visitkalajoki.fi\/en\/wp-json\/wp\/v2\/pages"}],"about":[{"href":"https:\/\/visitkalajoki.fi\/en\/wp-json\/wp\/v2\/types\/page"}],"author":[{"embeddable":true,"href":"https:\/\/visitkalajoki.fi\/en\/wp-json\/wp\/v2\/users\/11"}],"replies":[{"embeddable":true,"href":"https:\/\/visitkalajoki.fi\/en\/wp-json\/wp\/v2\/comments?post=29493"}],"version-history":[{"count":6,"href":"https:\/\/visitkalajoki.fi\/en\/wp-json\/wp\/v2\/pages\/29493\/revisions"}],"predecessor-version":[{"id":29691,"href":"https:\/\/visitkalajoki.fi\/en\/wp-json\/wp\/v2\/pages\/29493\/revisions\/29691"}],"up":[{"embeddable":true,"href":"https:\/\/visitkalajoki.fi\/en\/wp-json\/wp\/v2\/pages\/6388"}],"wp:featuredmedia":[{"embeddable":true,"href":"https:\/\/visitkalajoki.fi\/en\/wp-json\/wp\/v2\/media\/29646"}],"wp:attachment":[{"href":"https:\/\/visitkalajoki.fi\/en\/wp-json\/wp\/v2\/media?parent=29493"}],"curies":[{"name":"wp","href":"https:\/\/api.w.org\/{rel}","templated":true}]}}