{"id":6499,"date":"2019-04-02T14:00:59","date_gmt":"2019-04-02T14:00:59","guid":{"rendered":"http:\/\/ntrnz.com\/asiakas\/visitkalajoki2019\/activate\/outdoors\/valinevuokraus\/"},"modified":"2026-01-07T10:13:43","modified_gmt":"2026-01-07T08:13:43","slug":"equipment-rental","status":"publish","type":"page","link":"https:\/\/visitkalajoki.fi\/en\/be-active\/outdoors\/equipment-rental\/","title":{"rendered":"Equipment rental"},"content":{"rendered":"","protected":false},"excerpt":{"rendered":"","protected":false},"author":20,"featured_media":33684,"parent":6388,"menu_order":0,"comment_status":"closed","ping_status":"closed","template":"","meta":{"_acf_changed":false,"footnotes":""},"class_list":["post-6499","page","type-page","status-publish","has-post-thumbnail","hentry"],"acf":[],"yoast_head":"<!-- This site is optimized with the Yoast SEO plugin v27.2 - https:\/\/yoast.com\/product\/yoast-seo-wordpress\/ -->\n<title>Equipment rental - Visit Kalajoki<\/title>\n<meta name=\"description\" content=\"Rent a bike, a SUP-board, canoe, ATV, snowmobile... and head to the nature of Kalajoki and Hiekkas\u00e4rk\u00e4t when ever you like!\" \/>\n<meta name=\"robots\" content=\"index, follow, max-snippet:-1, max-image-preview:large, max-video-preview:-1\" \/>\n<link rel=\"canonical\" href=\"https:\/\/visitkalajoki.fi\/en\/be-active\/outdoors\/equipment-rental\/\" \/>\n<meta property=\"og:locale\" content=\"en_US\" \/>\n<meta property=\"og:type\" content=\"article\" \/>\n<meta property=\"og:title\" content=\"Equipment rental - Visit Kalajoki\" \/>\n<meta property=\"og:description\" content=\"Rent a bike, a SUP-board, canoe, ATV, snowmobile... and head to the nature of Kalajoki and Hiekkas\u00e4rk\u00e4t when ever you like!\" \/>\n<meta property=\"og:url\" content=\"https:\/\/visitkalajoki.fi\/en\/be-active\/outdoors\/equipment-rental\/\" \/>\n<meta property=\"og:site_name\" content=\"Visit Kalajoki\" \/>\n<meta property=\"article:publisher\" content=\"https:\/\/www.facebook.com\/visitkalajoki\" \/>\n<meta property=\"article:modified_time\" content=\"2026-01-07T08:13:43+00:00\" \/>\n<meta property=\"og:image\" content=\"https:\/\/visitkalajoki.fi\/wp-content\/uploads\/2025\/12\/Monitoimireitit-merenjaa-013.jpg\" \/>\n\t<meta property=\"og:image:width\" content=\"1920\" \/>\n\t<meta property=\"og:image:height\" content=\"824\" \/>\n\t<meta property=\"og:image:type\" content=\"image\/jpeg\" \/>\n<meta name=\"twitter:card\" content=\"summary_large_image\" \/>\n<meta name=\"twitter:site\" content=\"@Kalajoki\" \/>\n<meta name=\"twitter:label1\" content=\"Est. reading time\" \/>\n\t<meta name=\"twitter:data1\" content=\"2 minutes\" \/>\n<script type=\"application\/ld+json\" class=\"yoast-schema-graph\">{\"@context\":\"https:\/\/schema.org\",\"@graph\":[{\"@type\":\"WebPage\",\"@id\":\"https:\/\/visitkalajoki.fi\/en\/be-active\/outdoors\/equipment-rental\/\",\"url\":\"https:\/\/visitkalajoki.fi\/en\/be-active\/outdoors\/equipment-rental\/\",\"name\":\"Equipment rental - Visit Kalajoki\",\"isPartOf\":{\"@id\":\"https:\/\/visitkalajoki.fi\/en\/#website\"},\"primaryImageOfPage\":{\"@id\":\"https:\/\/visitkalajoki.fi\/en\/be-active\/outdoors\/equipment-rental\/#primaryimage\"},\"image\":{\"@id\":\"https:\/\/visitkalajoki.fi\/en\/be-active\/outdoors\/equipment-rental\/#primaryimage\"},\"thumbnailUrl\":\"https:\/\/visitkalajoki.fi\/wp-content\/uploads\/2025\/12\/Monitoimireitit-merenjaa-013.jpg\",\"datePublished\":\"2019-04-02T14:00:59+00:00\",\"dateModified\":\"2026-01-07T08:13:43+00:00\",\"description\":\"Rent a bike, a SUP-board, canoe, ATV, snowmobile... and head to the nature of Kalajoki and Hiekkas\u00e4rk\u00e4t when ever you like!\",\"breadcrumb\":{\"@id\":\"https:\/\/visitkalajoki.fi\/en\/be-active\/outdoors\/equipment-rental\/#breadcrumb\"},\"inLanguage\":\"en-US\",\"potentialAction\":[{\"@type\":\"ReadAction\",\"target\":[\"https:\/\/visitkalajoki.fi\/en\/be-active\/outdoors\/equipment-rental\/\"]}]},{\"@type\":\"ImageObject\",\"inLanguage\":\"en-US\",\"@id\":\"https:\/\/visitkalajoki.fi\/en\/be-active\/outdoors\/equipment-rental\/#primaryimage\",\"url\":\"https:\/\/visitkalajoki.fi\/wp-content\/uploads\/2025\/12\/Monitoimireitit-merenjaa-013.jpg\",\"contentUrl\":\"https:\/\/visitkalajoki.fi\/wp-content\/uploads\/2025\/12\/Monitoimireitit-merenjaa-013.jpg\",\"width\":1920,\"height\":824,\"caption\":\"Hiiht\u00e4mist\u00e4 ja py\u00f6r\u00e4ily\u00e4 meren j\u00e4\u00e4ll\u00e4\"},{\"@type\":\"BreadcrumbList\",\"@id\":\"https:\/\/visitkalajoki.fi\/en\/be-active\/outdoors\/equipment-rental\/#breadcrumb\",\"itemListElement\":[{\"@type\":\"ListItem\",\"position\":1,\"name\":\"Be active\",\"item\":\"https:\/\/visitkalajoki.fi\/en\/be-active\/\"},{\"@type\":\"ListItem\",\"position\":2,\"name\":\"Outdoors\",\"item\":\"https:\/\/visitkalajoki.fi\/en\/be-active\/outdoors\/\"},{\"@type\":\"ListItem\",\"position\":3,\"name\":\"Equipment rental\"}]},{\"@type\":\"WebSite\",\"@id\":\"https:\/\/visitkalajoki.fi\/en\/#website\",\"url\":\"https:\/\/visitkalajoki.fi\/en\/\",\"name\":\"Visit Kalajoki\",\"description\":\"\",\"potentialAction\":[{\"@type\":\"SearchAction\",\"target\":{\"@type\":\"EntryPoint\",\"urlTemplate\":\"https:\/\/visitkalajoki.fi\/en\/?s={search_term_string}\"},\"query-input\":{\"@type\":\"PropertyValueSpecification\",\"valueRequired\":true,\"valueName\":\"search_term_string\"}}],\"inLanguage\":\"en-US\"}]}<\/script>\n<!-- \/ Yoast SEO plugin. -->","yoast_head_json":{"title":"Equipment rental - Visit Kalajoki","description":"Rent a bike, a SUP-board, canoe, ATV, snowmobile... and head to the nature of Kalajoki and Hiekkas\u00e4rk\u00e4t when ever you like!","robots":{"index":"index","follow":"follow","max-snippet":"max-snippet:-1","max-image-preview":"max-image-preview:large","max-video-preview":"max-video-preview:-1"},"canonical":"https:\/\/visitkalajoki.fi\/en\/be-active\/outdoors\/equipment-rental\/","og_locale":"en_US","og_type":"article","og_title":"Equipment rental - Visit Kalajoki","og_description":"Rent a bike, a SUP-board, canoe, ATV, snowmobile... and head to the nature of Kalajoki and Hiekkas\u00e4rk\u00e4t when ever you like!","og_url":"https:\/\/visitkalajoki.fi\/en\/be-active\/outdoors\/equipment-rental\/","og_site_name":"Visit Kalajoki","article_publisher":"https:\/\/www.facebook.com\/visitkalajoki","article_modified_time":"2026-01-07T08:13:43+00:00","og_image":[{"width":1920,"height":824,"url":"https:\/\/visitkalajoki.fi\/wp-content\/uploads\/2025\/12\/Monitoimireitit-merenjaa-013.jpg","type":"image\/jpeg"}],"twitter_card":"summary_large_image","twitter_site":"@Kalajoki","twitter_misc":{"Est. reading time":"2 minutes"},"schema":{"@context":"https:\/\/schema.org","@graph":[{"@type":"WebPage","@id":"https:\/\/visitkalajoki.fi\/en\/be-active\/outdoors\/equipment-rental\/","url":"https:\/\/visitkalajoki.fi\/en\/be-active\/outdoors\/equipment-rental\/","name":"Equipment rental - Visit Kalajoki","isPartOf":{"@id":"https:\/\/visitkalajoki.fi\/en\/#website"},"primaryImageOfPage":{"@id":"https:\/\/visitkalajoki.fi\/en\/be-active\/outdoors\/equipment-rental\/#primaryimage"},"image":{"@id":"https:\/\/visitkalajoki.fi\/en\/be-active\/outdoors\/equipment-rental\/#primaryimage"},"thumbnailUrl":"https:\/\/visitkalajoki.fi\/wp-content\/uploads\/2025\/12\/Monitoimireitit-merenjaa-013.jpg","datePublished":"2019-04-02T14:00:59+00:00","dateModified":"2026-01-07T08:13:43+00:00","description":"Rent a bike, a SUP-board, canoe, ATV, snowmobile... and head to the nature of Kalajoki and Hiekkas\u00e4rk\u00e4t when ever you like!","breadcrumb":{"@id":"https:\/\/visitkalajoki.fi\/en\/be-active\/outdoors\/equipment-rental\/#breadcrumb"},"inLanguage":"en-US","potentialAction":[{"@type":"ReadAction","target":["https:\/\/visitkalajoki.fi\/en\/be-active\/outdoors\/equipment-rental\/"]}]},{"@type":"ImageObject","inLanguage":"en-US","@id":"https:\/\/visitkalajoki.fi\/en\/be-active\/outdoors\/equipment-rental\/#primaryimage","url":"https:\/\/visitkalajoki.fi\/wp-content\/uploads\/2025\/12\/Monitoimireitit-merenjaa-013.jpg","contentUrl":"https:\/\/visitkalajoki.fi\/wp-content\/uploads\/2025\/12\/Monitoimireitit-merenjaa-013.jpg","width":1920,"height":824,"caption":"Hiiht\u00e4mist\u00e4 ja py\u00f6r\u00e4ily\u00e4 meren j\u00e4\u00e4ll\u00e4"},{"@type":"BreadcrumbList","@id":"https:\/\/visitkalajoki.fi\/en\/be-active\/outdoors\/equipment-rental\/#breadcrumb","itemListElement":[{"@type":"ListItem","position":1,"name":"Be active","item":"https:\/\/visitkalajoki.fi\/en\/be-active\/"},{"@type":"ListItem","position":2,"name":"Outdoors","item":"https:\/\/visitkalajoki.fi\/en\/be-active\/outdoors\/"},{"@type":"ListItem","position":3,"name":"Equipment rental"}]},{"@type":"WebSite","@id":"https:\/\/visitkalajoki.fi\/en\/#website","url":"https:\/\/visitkalajoki.fi\/en\/","name":"Visit Kalajoki","description":"","potentialAction":[{"@type":"SearchAction","target":{"@type":"EntryPoint","urlTemplate":"https:\/\/visitkalajoki.fi\/en\/?s={search_term_string}"},"query-input":{"@type":"PropertyValueSpecification","valueRequired":true,"valueName":"search_term_string"}}],"inLanguage":"en-US"}]}},"_links":{"self":[{"href":"https:\/\/visitkalajoki.fi\/en\/wp-json\/wp\/v2\/pages\/6499","targetHints":{"allow":["GET"]}}],"collection":[{"href":"https:\/\/visitkalajoki.fi\/en\/wp-json\/wp\/v2\/pages"}],"about":[{"href":"https:\/\/visitkalajoki.fi\/en\/wp-json\/wp\/v2\/types\/page"}],"author":[{"embeddable":true,"href":"https:\/\/visitkalajoki.fi\/en\/wp-json\/wp\/v2\/users\/20"}],"replies":[{"embeddable":true,"href":"https:\/\/visitkalajoki.fi\/en\/wp-json\/wp\/v2\/comments?post=6499"}],"version-history":[{"count":14,"href":"https:\/\/visitkalajoki.fi\/en\/wp-json\/wp\/v2\/pages\/6499\/revisions"}],"predecessor-version":[{"id":33805,"href":"https:\/\/visitkalajoki.fi\/en\/wp-json\/wp\/v2\/pages\/6499\/revisions\/33805"}],"up":[{"embeddable":true,"href":"https:\/\/visitkalajoki.fi\/en\/wp-json\/wp\/v2\/pages\/6388"}],"wp:featuredmedia":[{"embeddable":true,"href":"https:\/\/visitkalajoki.fi\/en\/wp-json\/wp\/v2\/media\/33684"}],"wp:attachment":[{"href":"https:\/\/visitkalajoki.fi\/en\/wp-json\/wp\/v2\/media?parent=6499"}],"curies":[{"name":"wp","href":"https:\/\/api.w.org\/{rel}","templated":true}]}}