{"id":7019,"date":"2019-02-06T07:56:56","date_gmt":"2019-02-06T07:56:56","guid":{"rendered":"http:\/\/ntrnz.com\/asiakas\/visitkalajoki2019\/etusivu\/"},"modified":"2026-03-18T13:42:50","modified_gmt":"2026-03-18T11:42:50","slug":"etusivu-2","status":"publish","type":"page","link":"https:\/\/visitkalajoki.fi\/en\/","title":{"rendered":"Visit Kalajoki"},"content":{"rendered":"","protected":false},"excerpt":{"rendered":"","protected":false},"author":20,"featured_media":32776,"parent":0,"menu_order":0,"comment_status":"closed","ping_status":"closed","template":"page-templates\/front.php","meta":{"_acf_changed":false,"footnotes":""},"class_list":["post-7019","page","type-page","status-publish","has-post-thumbnail","hentry"],"acf":[],"yoast_head":"<!-- This site is optimized with the Yoast SEO plugin v27.2 - https:\/\/yoast.com\/product\/yoast-seo-wordpress\/ -->\n<title>Loma Kalajoella - Kalajoen Hiekkas\u00e4rk\u00e4t kutsuvat - Visit Kalajoki<\/title>\n<meta name=\"description\" content=\"Viet\u00e4 el\u00e4m\u00e4si loma Kalajoella! Hiekkas\u00e4rk\u00e4t, merenranta, palvelut, huikea luonto ja tekemist\u00e4 ymp\u00e4ri vuoden! Varaa loma, jolle palaat aina uudestaan!\" \/>\n<meta name=\"robots\" content=\"index, follow, max-snippet:-1, max-image-preview:large, max-video-preview:-1\" \/>\n<link rel=\"canonical\" href=\"https:\/\/visitkalajoki.fi\/en\/\" \/>\n<meta property=\"og:locale\" content=\"en_US\" \/>\n<meta property=\"og:type\" content=\"article\" \/>\n<meta property=\"og:title\" content=\"Loma Kalajoella - Kalajoen Hiekkas\u00e4rk\u00e4t kutsuvat - Visit Kalajoki\" \/>\n<meta property=\"og:description\" content=\"Viet\u00e4 el\u00e4m\u00e4si loma Kalajoella! Hiekkas\u00e4rk\u00e4t, merenranta, palvelut, huikea luonto ja tekemist\u00e4 ymp\u00e4ri vuoden! Varaa loma, jolle palaat aina uudestaan!\" \/>\n<meta property=\"og:url\" content=\"https:\/\/visitkalajoki.fi\/en\/\" \/>\n<meta property=\"og:site_name\" content=\"Visit Kalajoki\" \/>\n<meta property=\"article:publisher\" content=\"https:\/\/www.facebook.com\/visitkalajoki\" \/>\n<meta property=\"article:modified_time\" content=\"2026-03-18T11:42:50+00:00\" \/>\n<meta property=\"og:image\" content=\"https:\/\/visitkalajoki.fi\/wp-content\/uploads\/2025\/04\/etusivu.jpg\" \/>\n\t<meta property=\"og:image:width\" content=\"1920\" \/>\n\t<meta property=\"og:image:height\" content=\"750\" \/>\n\t<meta property=\"og:image:type\" content=\"image\/jpeg\" \/>\n<meta name=\"twitter:card\" content=\"summary_large_image\" \/>\n<meta name=\"twitter:site\" content=\"@Kalajoki\" \/>\n<meta name=\"twitter:label1\" content=\"Est. reading time\" \/>\n\t<meta name=\"twitter:data1\" content=\"4 minutes\" \/>\n<script type=\"application\/ld+json\" class=\"yoast-schema-graph\">{\"@context\":\"https:\/\/schema.org\",\"@graph\":[{\"@type\":\"WebPage\",\"@id\":\"https:\/\/visitkalajoki.fi\/en\/\",\"url\":\"https:\/\/visitkalajoki.fi\/en\/\",\"name\":\"Loma Kalajoella - Kalajoen Hiekkas\u00e4rk\u00e4t kutsuvat - Visit Kalajoki\",\"isPartOf\":{\"@id\":\"https:\/\/visitkalajoki.fi\/en\/#website\"},\"primaryImageOfPage\":{\"@id\":\"https:\/\/visitkalajoki.fi\/en\/#primaryimage\"},\"image\":{\"@id\":\"https:\/\/visitkalajoki.fi\/en\/#primaryimage\"},\"thumbnailUrl\":\"https:\/\/visitkalajoki.fi\/wp-content\/uploads\/2025\/04\/etusivu.jpg\",\"datePublished\":\"2019-02-06T07:56:56+00:00\",\"dateModified\":\"2026-03-18T11:42:50+00:00\",\"description\":\"Viet\u00e4 el\u00e4m\u00e4si loma Kalajoella! Hiekkas\u00e4rk\u00e4t, merenranta, palvelut, huikea luonto ja tekemist\u00e4 ymp\u00e4ri vuoden! Varaa loma, jolle palaat aina uudestaan!\",\"inLanguage\":\"en-US\",\"potentialAction\":[{\"@type\":\"ReadAction\",\"target\":[\"https:\/\/visitkalajoki.fi\/en\/\"]}]},{\"@type\":\"ImageObject\",\"inLanguage\":\"en-US\",\"@id\":\"https:\/\/visitkalajoki.fi\/en\/#primaryimage\",\"url\":\"https:\/\/visitkalajoki.fi\/wp-content\/uploads\/2025\/04\/etusivu.jpg\",\"contentUrl\":\"https:\/\/visitkalajoki.fi\/wp-content\/uploads\/2025\/04\/etusivu.jpg\",\"width\":1920,\"height\":750,\"caption\":\"Majoitu Kalajoen hiekkas\u00e4rkill\u00e4\"},{\"@type\":\"WebSite\",\"@id\":\"https:\/\/visitkalajoki.fi\/en\/#website\",\"url\":\"https:\/\/visitkalajoki.fi\/en\/\",\"name\":\"Visit Kalajoki\",\"description\":\"\",\"potentialAction\":[{\"@type\":\"SearchAction\",\"target\":{\"@type\":\"EntryPoint\",\"urlTemplate\":\"https:\/\/visitkalajoki.fi\/en\/?s={search_term_string}\"},\"query-input\":{\"@type\":\"PropertyValueSpecification\",\"valueRequired\":true,\"valueName\":\"search_term_string\"}}],\"inLanguage\":\"en-US\"}]}<\/script>\n<!-- \/ Yoast SEO plugin. -->","yoast_head_json":{"title":"Loma Kalajoella - Kalajoen Hiekkas\u00e4rk\u00e4t kutsuvat - Visit Kalajoki","description":"Viet\u00e4 el\u00e4m\u00e4si loma Kalajoella! Hiekkas\u00e4rk\u00e4t, merenranta, palvelut, huikea luonto ja tekemist\u00e4 ymp\u00e4ri vuoden! Varaa loma, jolle palaat aina uudestaan!","robots":{"index":"index","follow":"follow","max-snippet":"max-snippet:-1","max-image-preview":"max-image-preview:large","max-video-preview":"max-video-preview:-1"},"canonical":"https:\/\/visitkalajoki.fi\/en\/","og_locale":"en_US","og_type":"article","og_title":"Loma Kalajoella - Kalajoen Hiekkas\u00e4rk\u00e4t kutsuvat - Visit Kalajoki","og_description":"Viet\u00e4 el\u00e4m\u00e4si loma Kalajoella! Hiekkas\u00e4rk\u00e4t, merenranta, palvelut, huikea luonto ja tekemist\u00e4 ymp\u00e4ri vuoden! Varaa loma, jolle palaat aina uudestaan!","og_url":"https:\/\/visitkalajoki.fi\/en\/","og_site_name":"Visit Kalajoki","article_publisher":"https:\/\/www.facebook.com\/visitkalajoki","article_modified_time":"2026-03-18T11:42:50+00:00","og_image":[{"width":1920,"height":750,"url":"https:\/\/visitkalajoki.fi\/wp-content\/uploads\/2025\/04\/etusivu.jpg","type":"image\/jpeg"}],"twitter_card":"summary_large_image","twitter_site":"@Kalajoki","twitter_misc":{"Est. reading time":"4 minutes"},"schema":{"@context":"https:\/\/schema.org","@graph":[{"@type":"WebPage","@id":"https:\/\/visitkalajoki.fi\/en\/","url":"https:\/\/visitkalajoki.fi\/en\/","name":"Loma Kalajoella - Kalajoen Hiekkas\u00e4rk\u00e4t kutsuvat - Visit Kalajoki","isPartOf":{"@id":"https:\/\/visitkalajoki.fi\/en\/#website"},"primaryImageOfPage":{"@id":"https:\/\/visitkalajoki.fi\/en\/#primaryimage"},"image":{"@id":"https:\/\/visitkalajoki.fi\/en\/#primaryimage"},"thumbnailUrl":"https:\/\/visitkalajoki.fi\/wp-content\/uploads\/2025\/04\/etusivu.jpg","datePublished":"2019-02-06T07:56:56+00:00","dateModified":"2026-03-18T11:42:50+00:00","description":"Viet\u00e4 el\u00e4m\u00e4si loma Kalajoella! Hiekkas\u00e4rk\u00e4t, merenranta, palvelut, huikea luonto ja tekemist\u00e4 ymp\u00e4ri vuoden! Varaa loma, jolle palaat aina uudestaan!","inLanguage":"en-US","potentialAction":[{"@type":"ReadAction","target":["https:\/\/visitkalajoki.fi\/en\/"]}]},{"@type":"ImageObject","inLanguage":"en-US","@id":"https:\/\/visitkalajoki.fi\/en\/#primaryimage","url":"https:\/\/visitkalajoki.fi\/wp-content\/uploads\/2025\/04\/etusivu.jpg","contentUrl":"https:\/\/visitkalajoki.fi\/wp-content\/uploads\/2025\/04\/etusivu.jpg","width":1920,"height":750,"caption":"Majoitu Kalajoen hiekkas\u00e4rkill\u00e4"},{"@type":"WebSite","@id":"https:\/\/visitkalajoki.fi\/en\/#website","url":"https:\/\/visitkalajoki.fi\/en\/","name":"Visit Kalajoki","description":"","potentialAction":[{"@type":"SearchAction","target":{"@type":"EntryPoint","urlTemplate":"https:\/\/visitkalajoki.fi\/en\/?s={search_term_string}"},"query-input":{"@type":"PropertyValueSpecification","valueRequired":true,"valueName":"search_term_string"}}],"inLanguage":"en-US"}]}},"_links":{"self":[{"href":"https:\/\/visitkalajoki.fi\/en\/wp-json\/wp\/v2\/pages\/7019","targetHints":{"allow":["GET"]}}],"collection":[{"href":"https:\/\/visitkalajoki.fi\/en\/wp-json\/wp\/v2\/pages"}],"about":[{"href":"https:\/\/visitkalajoki.fi\/en\/wp-json\/wp\/v2\/types\/page"}],"author":[{"embeddable":true,"href":"https:\/\/visitkalajoki.fi\/en\/wp-json\/wp\/v2\/users\/20"}],"replies":[{"embeddable":true,"href":"https:\/\/visitkalajoki.fi\/en\/wp-json\/wp\/v2\/comments?post=7019"}],"version-history":[{"count":134,"href":"https:\/\/visitkalajoki.fi\/en\/wp-json\/wp\/v2\/pages\/7019\/revisions"}],"predecessor-version":[{"id":34381,"href":"https:\/\/visitkalajoki.fi\/en\/wp-json\/wp\/v2\/pages\/7019\/revisions\/34381"}],"wp:featuredmedia":[{"embeddable":true,"href":"https:\/\/visitkalajoki.fi\/en\/wp-json\/wp\/v2\/media\/32776"}],"wp:attachment":[{"href":"https:\/\/visitkalajoki.fi\/en\/wp-json\/wp\/v2\/media?parent=7019"}],"curies":[{"name":"wp","href":"https:\/\/api.w.org\/{rel}","templated":true}]}}