{"id":7358,"date":"2019-04-03T12:25:30","date_gmt":"2019-04-03T12:25:30","guid":{"rendered":"http:\/\/ntrnz.com\/asiakas\/visitkalajoki2019\/relax\/rentoudu-kylpylassa\/"},"modified":"2022-01-03T10:40:15","modified_gmt":"2022-01-03T08:40:15","slug":"relax-at-a-spa","status":"publish","type":"page","link":"https:\/\/visitkalajoki.fi\/en\/relax\/relax-at-a-spa\/","title":{"rendered":"Relax at a Spa"},"content":{"rendered":"","protected":false},"excerpt":{"rendered":"","protected":false},"author":20,"featured_media":28865,"parent":6632,"menu_order":0,"comment_status":"closed","ping_status":"closed","template":"","meta":{"_acf_changed":false,"footnotes":""},"class_list":["post-7358","page","type-page","status-publish","has-post-thumbnail","hentry"],"acf":[],"yoast_head":"<!-- This site is optimized with the Yoast SEO plugin v27.2 - https:\/\/yoast.com\/product\/yoast-seo-wordpress\/ -->\n<title>Relax at a Spa - Visit Kalajoki<\/title>\n<meta name=\"description\" content=\"Enjoy the hot tubs, the flowing river, the massaging water jets and the 25-metre fitness pool of SaniFani Spa located in the heart of the Hiekkas\u00e4rk\u00e4t holiday area in Kalajoki.\" \/>\n<meta name=\"robots\" content=\"index, follow, max-snippet:-1, max-image-preview:large, max-video-preview:-1\" \/>\n<link rel=\"canonical\" href=\"https:\/\/visitkalajoki.fi\/en\/relax\/relax-at-a-spa\/\" \/>\n<meta property=\"og:locale\" content=\"en_US\" \/>\n<meta property=\"og:type\" content=\"article\" \/>\n<meta property=\"og:title\" content=\"Relax at a Spa - Visit Kalajoki\" \/>\n<meta property=\"og:description\" content=\"Enjoy the hot tubs, the flowing river, the massaging water jets and the 25-metre fitness pool of SaniFani Spa located in the heart of the Hiekkas\u00e4rk\u00e4t holiday area in Kalajoki.\" \/>\n<meta property=\"og:url\" content=\"https:\/\/visitkalajoki.fi\/en\/relax\/relax-at-a-spa\/\" \/>\n<meta property=\"og:site_name\" content=\"Visit Kalajoki\" \/>\n<meta property=\"article:publisher\" content=\"https:\/\/www.facebook.com\/visitkalajoki\" \/>\n<meta property=\"article:modified_time\" content=\"2022-01-03T08:40:15+00:00\" \/>\n<meta property=\"og:image\" content=\"https:\/\/visitkalajoki.fi\/wp-content\/uploads\/2023\/03\/Kylpyla-rentoudu-1.jpg\" \/>\n\t<meta property=\"og:image:width\" content=\"1920\" \/>\n\t<meta property=\"og:image:height\" content=\"750\" \/>\n\t<meta property=\"og:image:type\" content=\"image\/jpeg\" \/>\n<meta name=\"twitter:card\" content=\"summary_large_image\" \/>\n<meta name=\"twitter:site\" content=\"@Kalajoki\" \/>\n<script type=\"application\/ld+json\" class=\"yoast-schema-graph\">{\"@context\":\"https:\/\/schema.org\",\"@graph\":[{\"@type\":\"WebPage\",\"@id\":\"https:\/\/visitkalajoki.fi\/en\/relax\/relax-at-a-spa\/\",\"url\":\"https:\/\/visitkalajoki.fi\/en\/relax\/relax-at-a-spa\/\",\"name\":\"Relax at a Spa - Visit Kalajoki\",\"isPartOf\":{\"@id\":\"https:\/\/visitkalajoki.fi\/en\/#website\"},\"primaryImageOfPage\":{\"@id\":\"https:\/\/visitkalajoki.fi\/en\/relax\/relax-at-a-spa\/#primaryimage\"},\"image\":{\"@id\":\"https:\/\/visitkalajoki.fi\/en\/relax\/relax-at-a-spa\/#primaryimage\"},\"thumbnailUrl\":\"https:\/\/visitkalajoki.fi\/wp-content\/uploads\/2023\/03\/Kylpyla-rentoudu-1.jpg\",\"datePublished\":\"2019-04-03T12:25:30+00:00\",\"dateModified\":\"2022-01-03T08:40:15+00:00\",\"description\":\"Enjoy the hot tubs, the flowing river, the massaging water jets and the 25-metre fitness pool of SaniFani Spa located in the heart of the Hiekkas\u00e4rk\u00e4t holiday area in Kalajoki.\",\"breadcrumb\":{\"@id\":\"https:\/\/visitkalajoki.fi\/en\/relax\/relax-at-a-spa\/#breadcrumb\"},\"inLanguage\":\"en-US\",\"potentialAction\":[{\"@type\":\"ReadAction\",\"target\":[\"https:\/\/visitkalajoki.fi\/en\/relax\/relax-at-a-spa\/\"]}]},{\"@type\":\"ImageObject\",\"inLanguage\":\"en-US\",\"@id\":\"https:\/\/visitkalajoki.fi\/en\/relax\/relax-at-a-spa\/#primaryimage\",\"url\":\"https:\/\/visitkalajoki.fi\/wp-content\/uploads\/2023\/03\/Kylpyla-rentoudu-1.jpg\",\"contentUrl\":\"https:\/\/visitkalajoki.fi\/wp-content\/uploads\/2023\/03\/Kylpyla-rentoudu-1.jpg\",\"width\":1920,\"height\":750,\"caption\":\"Kalajoen Hiekkas\u00e4rk\u00e4t kylpyl\u00e4\"},{\"@type\":\"BreadcrumbList\",\"@id\":\"https:\/\/visitkalajoki.fi\/en\/relax\/relax-at-a-spa\/#breadcrumb\",\"itemListElement\":[{\"@type\":\"ListItem\",\"position\":1,\"name\":\"Relax\",\"item\":\"https:\/\/visitkalajoki.fi\/en\/relax\/\"},{\"@type\":\"ListItem\",\"position\":2,\"name\":\"Relax at a Spa\"}]},{\"@type\":\"WebSite\",\"@id\":\"https:\/\/visitkalajoki.fi\/en\/#website\",\"url\":\"https:\/\/visitkalajoki.fi\/en\/\",\"name\":\"Visit Kalajoki\",\"description\":\"\",\"potentialAction\":[{\"@type\":\"SearchAction\",\"target\":{\"@type\":\"EntryPoint\",\"urlTemplate\":\"https:\/\/visitkalajoki.fi\/en\/?s={search_term_string}\"},\"query-input\":{\"@type\":\"PropertyValueSpecification\",\"valueRequired\":true,\"valueName\":\"search_term_string\"}}],\"inLanguage\":\"en-US\"}]}<\/script>\n<!-- \/ Yoast SEO plugin. -->","yoast_head_json":{"title":"Relax at a Spa - Visit Kalajoki","description":"Enjoy the hot tubs, the flowing river, the massaging water jets and the 25-metre fitness pool of SaniFani Spa located in the heart of the Hiekkas\u00e4rk\u00e4t holiday area in Kalajoki.","robots":{"index":"index","follow":"follow","max-snippet":"max-snippet:-1","max-image-preview":"max-image-preview:large","max-video-preview":"max-video-preview:-1"},"canonical":"https:\/\/visitkalajoki.fi\/en\/relax\/relax-at-a-spa\/","og_locale":"en_US","og_type":"article","og_title":"Relax at a Spa - Visit Kalajoki","og_description":"Enjoy the hot tubs, the flowing river, the massaging water jets and the 25-metre fitness pool of SaniFani Spa located in the heart of the Hiekkas\u00e4rk\u00e4t holiday area in Kalajoki.","og_url":"https:\/\/visitkalajoki.fi\/en\/relax\/relax-at-a-spa\/","og_site_name":"Visit Kalajoki","article_publisher":"https:\/\/www.facebook.com\/visitkalajoki","article_modified_time":"2022-01-03T08:40:15+00:00","og_image":[{"width":1920,"height":750,"url":"https:\/\/visitkalajoki.fi\/wp-content\/uploads\/2023\/03\/Kylpyla-rentoudu-1.jpg","type":"image\/jpeg"}],"twitter_card":"summary_large_image","twitter_site":"@Kalajoki","schema":{"@context":"https:\/\/schema.org","@graph":[{"@type":"WebPage","@id":"https:\/\/visitkalajoki.fi\/en\/relax\/relax-at-a-spa\/","url":"https:\/\/visitkalajoki.fi\/en\/relax\/relax-at-a-spa\/","name":"Relax at a Spa - Visit Kalajoki","isPartOf":{"@id":"https:\/\/visitkalajoki.fi\/en\/#website"},"primaryImageOfPage":{"@id":"https:\/\/visitkalajoki.fi\/en\/relax\/relax-at-a-spa\/#primaryimage"},"image":{"@id":"https:\/\/visitkalajoki.fi\/en\/relax\/relax-at-a-spa\/#primaryimage"},"thumbnailUrl":"https:\/\/visitkalajoki.fi\/wp-content\/uploads\/2023\/03\/Kylpyla-rentoudu-1.jpg","datePublished":"2019-04-03T12:25:30+00:00","dateModified":"2022-01-03T08:40:15+00:00","description":"Enjoy the hot tubs, the flowing river, the massaging water jets and the 25-metre fitness pool of SaniFani Spa located in the heart of the Hiekkas\u00e4rk\u00e4t holiday area in Kalajoki.","breadcrumb":{"@id":"https:\/\/visitkalajoki.fi\/en\/relax\/relax-at-a-spa\/#breadcrumb"},"inLanguage":"en-US","potentialAction":[{"@type":"ReadAction","target":["https:\/\/visitkalajoki.fi\/en\/relax\/relax-at-a-spa\/"]}]},{"@type":"ImageObject","inLanguage":"en-US","@id":"https:\/\/visitkalajoki.fi\/en\/relax\/relax-at-a-spa\/#primaryimage","url":"https:\/\/visitkalajoki.fi\/wp-content\/uploads\/2023\/03\/Kylpyla-rentoudu-1.jpg","contentUrl":"https:\/\/visitkalajoki.fi\/wp-content\/uploads\/2023\/03\/Kylpyla-rentoudu-1.jpg","width":1920,"height":750,"caption":"Kalajoen Hiekkas\u00e4rk\u00e4t kylpyl\u00e4"},{"@type":"BreadcrumbList","@id":"https:\/\/visitkalajoki.fi\/en\/relax\/relax-at-a-spa\/#breadcrumb","itemListElement":[{"@type":"ListItem","position":1,"name":"Relax","item":"https:\/\/visitkalajoki.fi\/en\/relax\/"},{"@type":"ListItem","position":2,"name":"Relax at a Spa"}]},{"@type":"WebSite","@id":"https:\/\/visitkalajoki.fi\/en\/#website","url":"https:\/\/visitkalajoki.fi\/en\/","name":"Visit Kalajoki","description":"","potentialAction":[{"@type":"SearchAction","target":{"@type":"EntryPoint","urlTemplate":"https:\/\/visitkalajoki.fi\/en\/?s={search_term_string}"},"query-input":{"@type":"PropertyValueSpecification","valueRequired":true,"valueName":"search_term_string"}}],"inLanguage":"en-US"}]}},"_links":{"self":[{"href":"https:\/\/visitkalajoki.fi\/en\/wp-json\/wp\/v2\/pages\/7358","targetHints":{"allow":["GET"]}}],"collection":[{"href":"https:\/\/visitkalajoki.fi\/en\/wp-json\/wp\/v2\/pages"}],"about":[{"href":"https:\/\/visitkalajoki.fi\/en\/wp-json\/wp\/v2\/types\/page"}],"author":[{"embeddable":true,"href":"https:\/\/visitkalajoki.fi\/en\/wp-json\/wp\/v2\/users\/20"}],"replies":[{"embeddable":true,"href":"https:\/\/visitkalajoki.fi\/en\/wp-json\/wp\/v2\/comments?post=7358"}],"version-history":[{"count":4,"href":"https:\/\/visitkalajoki.fi\/en\/wp-json\/wp\/v2\/pages\/7358\/revisions"}],"predecessor-version":[{"id":25834,"href":"https:\/\/visitkalajoki.fi\/en\/wp-json\/wp\/v2\/pages\/7358\/revisions\/25834"}],"up":[{"embeddable":true,"href":"https:\/\/visitkalajoki.fi\/en\/wp-json\/wp\/v2\/pages\/6632"}],"wp:featuredmedia":[{"embeddable":true,"href":"https:\/\/visitkalajoki.fi\/en\/wp-json\/wp\/v2\/media\/28865"}],"wp:attachment":[{"href":"https:\/\/visitkalajoki.fi\/en\/wp-json\/wp\/v2\/media?parent=7358"}],"curies":[{"name":"wp","href":"https:\/\/api.w.org\/{rel}","templated":true}]}}