{"id":14694,"date":"2020-01-31T12:36:47","date_gmt":"2020-01-31T10:36:47","guid":{"rendered":"https:\/\/visitkalajoki.fi\/kalajoki-dance-danslager\/"},"modified":"2022-12-29T11:09:43","modified_gmt":"2022-12-29T09:09:43","slug":"kalajoki-dance-danslager","status":"publish","type":"page","link":"https:\/\/visitkalajoki.fi\/sv\/evenemang\/kalajoki-dance-danslager\/","title":{"rendered":"Kalajoki Dance-dansl\u00e4ger"},"content":{"rendered":"","protected":false},"excerpt":{"rendered":"","protected":false},"author":20,"featured_media":20390,"parent":14714,"menu_order":0,"comment_status":"closed","ping_status":"closed","template":"","meta":{"_acf_changed":false,"footnotes":""},"class_list":["post-14694","page","type-page","status-publish","has-post-thumbnail","hentry"],"acf":[],"yoast_head":"<!-- This site is optimized with the Yoast SEO plugin v27.4 - https:\/\/yoast.com\/product\/yoast-seo-wordpress\/ -->\n<title>Kalajoki Dance-dansl\u00e4ger - Visit Kalajoki<\/title>\n<meta name=\"description\" content=\"Under Kalajoki Dance -dansl\u00e4gret har man m\u00f6jlighet att bekanta sig och l\u00e4ra sig allt fr\u00e5n trendiga pardanser!\" \/>\n<meta name=\"robots\" content=\"index, follow, max-snippet:-1, max-image-preview:large, max-video-preview:-1\" \/>\n<link rel=\"canonical\" href=\"https:\/\/visitkalajoki.fi\/sv\/evenemang\/kalajoki-dance-danslager\/\" \/>\n<meta property=\"og:locale\" content=\"sv_SE\" \/>\n<meta property=\"og:type\" content=\"article\" \/>\n<meta property=\"og:title\" content=\"Kalajoki Dance-dansl\u00e4ger - Visit Kalajoki\" \/>\n<meta property=\"og:description\" content=\"Under Kalajoki Dance -dansl\u00e4gret har man m\u00f6jlighet att bekanta sig och l\u00e4ra sig allt fr\u00e5n trendiga pardanser!\" \/>\n<meta property=\"og:url\" content=\"https:\/\/visitkalajoki.fi\/sv\/evenemang\/kalajoki-dance-danslager\/\" \/>\n<meta property=\"og:site_name\" content=\"Visit Kalajoki\" \/>\n<meta property=\"article:publisher\" content=\"https:\/\/www.facebook.com\/visitkalajoki\" \/>\n<meta property=\"article:modified_time\" content=\"2022-12-29T09:09:43+00:00\" \/>\n<meta property=\"og:image\" content=\"https:\/\/visitkalajoki.fi\/wp-content\/uploads\/2021\/01\/kalajokidance.png\" \/>\n\t<meta property=\"og:image:width\" content=\"1640\" \/>\n\t<meta property=\"og:image:height\" content=\"720\" \/>\n\t<meta property=\"og:image:type\" content=\"image\/png\" \/>\n<meta name=\"twitter:card\" content=\"summary_large_image\" \/>\n<meta name=\"twitter:site\" content=\"@Kalajoki\" \/>\n<script type=\"application\/ld+json\" class=\"yoast-schema-graph\">{\"@context\":\"https:\\\/\\\/schema.org\",\"@graph\":[{\"@type\":\"WebPage\",\"@id\":\"https:\\\/\\\/visitkalajoki.fi\\\/sv\\\/evenemang\\\/kalajoki-dance-danslager\\\/\",\"url\":\"https:\\\/\\\/visitkalajoki.fi\\\/sv\\\/evenemang\\\/kalajoki-dance-danslager\\\/\",\"name\":\"Kalajoki Dance-dansl\u00e4ger - Visit Kalajoki\",\"isPartOf\":{\"@id\":\"https:\\\/\\\/visitkalajoki.fi\\\/sv\\\/#website\"},\"primaryImageOfPage\":{\"@id\":\"https:\\\/\\\/visitkalajoki.fi\\\/sv\\\/evenemang\\\/kalajoki-dance-danslager\\\/#primaryimage\"},\"image\":{\"@id\":\"https:\\\/\\\/visitkalajoki.fi\\\/sv\\\/evenemang\\\/kalajoki-dance-danslager\\\/#primaryimage\"},\"thumbnailUrl\":\"https:\\\/\\\/visitkalajoki.fi\\\/wp-content\\\/uploads\\\/2021\\\/01\\\/kalajokidance.png\",\"datePublished\":\"2020-01-31T10:36:47+00:00\",\"dateModified\":\"2022-12-29T09:09:43+00:00\",\"description\":\"Under Kalajoki Dance -dansl\u00e4gret har man m\u00f6jlighet att bekanta sig och l\u00e4ra sig allt fr\u00e5n trendiga pardanser!\",\"breadcrumb\":{\"@id\":\"https:\\\/\\\/visitkalajoki.fi\\\/sv\\\/evenemang\\\/kalajoki-dance-danslager\\\/#breadcrumb\"},\"inLanguage\":\"sv-SE\",\"potentialAction\":[{\"@type\":\"ReadAction\",\"target\":[\"https:\\\/\\\/visitkalajoki.fi\\\/sv\\\/evenemang\\\/kalajoki-dance-danslager\\\/\"]}]},{\"@type\":\"ImageObject\",\"inLanguage\":\"sv-SE\",\"@id\":\"https:\\\/\\\/visitkalajoki.fi\\\/sv\\\/evenemang\\\/kalajoki-dance-danslager\\\/#primaryimage\",\"url\":\"https:\\\/\\\/visitkalajoki.fi\\\/wp-content\\\/uploads\\\/2021\\\/01\\\/kalajokidance.png\",\"contentUrl\":\"https:\\\/\\\/visitkalajoki.fi\\\/wp-content\\\/uploads\\\/2021\\\/01\\\/kalajokidance.png\",\"width\":1640,\"height\":720,\"caption\":\"Kalajokidance\"},{\"@type\":\"BreadcrumbList\",\"@id\":\"https:\\\/\\\/visitkalajoki.fi\\\/sv\\\/evenemang\\\/kalajoki-dance-danslager\\\/#breadcrumb\",\"itemListElement\":[{\"@type\":\"ListItem\",\"position\":1,\"name\":\"Evenemang\",\"item\":\"https:\\\/\\\/visitkalajoki.fi\\\/sv\\\/koe\\\/\"},{\"@type\":\"ListItem\",\"position\":2,\"name\":\"Kalajoki Dance-dansl\u00e4ger\"}]},{\"@type\":\"WebSite\",\"@id\":\"https:\\\/\\\/visitkalajoki.fi\\\/sv\\\/#website\",\"url\":\"https:\\\/\\\/visitkalajoki.fi\\\/sv\\\/\",\"name\":\"Visit Kalajoki\",\"description\":\"\",\"potentialAction\":[{\"@type\":\"SearchAction\",\"target\":{\"@type\":\"EntryPoint\",\"urlTemplate\":\"https:\\\/\\\/visitkalajoki.fi\\\/sv\\\/?s={search_term_string}\"},\"query-input\":{\"@type\":\"PropertyValueSpecification\",\"valueRequired\":true,\"valueName\":\"search_term_string\"}}],\"inLanguage\":\"sv-SE\"}]}<\/script>\n<!-- \/ Yoast SEO plugin. -->","yoast_head_json":{"title":"Kalajoki Dance-dansl\u00e4ger - Visit Kalajoki","description":"Under Kalajoki Dance -dansl\u00e4gret har man m\u00f6jlighet att bekanta sig och l\u00e4ra sig allt fr\u00e5n trendiga pardanser!","robots":{"index":"index","follow":"follow","max-snippet":"max-snippet:-1","max-image-preview":"max-image-preview:large","max-video-preview":"max-video-preview:-1"},"canonical":"https:\/\/visitkalajoki.fi\/sv\/evenemang\/kalajoki-dance-danslager\/","og_locale":"sv_SE","og_type":"article","og_title":"Kalajoki Dance-dansl\u00e4ger - Visit Kalajoki","og_description":"Under Kalajoki Dance -dansl\u00e4gret har man m\u00f6jlighet att bekanta sig och l\u00e4ra sig allt fr\u00e5n trendiga pardanser!","og_url":"https:\/\/visitkalajoki.fi\/sv\/evenemang\/kalajoki-dance-danslager\/","og_site_name":"Visit Kalajoki","article_publisher":"https:\/\/www.facebook.com\/visitkalajoki","article_modified_time":"2022-12-29T09:09:43+00:00","og_image":[{"width":1640,"height":720,"url":"https:\/\/visitkalajoki.fi\/wp-content\/uploads\/2021\/01\/kalajokidance.png","type":"image\/png"}],"twitter_card":"summary_large_image","twitter_site":"@Kalajoki","schema":{"@context":"https:\/\/schema.org","@graph":[{"@type":"WebPage","@id":"https:\/\/visitkalajoki.fi\/sv\/evenemang\/kalajoki-dance-danslager\/","url":"https:\/\/visitkalajoki.fi\/sv\/evenemang\/kalajoki-dance-danslager\/","name":"Kalajoki Dance-dansl\u00e4ger - Visit Kalajoki","isPartOf":{"@id":"https:\/\/visitkalajoki.fi\/sv\/#website"},"primaryImageOfPage":{"@id":"https:\/\/visitkalajoki.fi\/sv\/evenemang\/kalajoki-dance-danslager\/#primaryimage"},"image":{"@id":"https:\/\/visitkalajoki.fi\/sv\/evenemang\/kalajoki-dance-danslager\/#primaryimage"},"thumbnailUrl":"https:\/\/visitkalajoki.fi\/wp-content\/uploads\/2021\/01\/kalajokidance.png","datePublished":"2020-01-31T10:36:47+00:00","dateModified":"2022-12-29T09:09:43+00:00","description":"Under Kalajoki Dance -dansl\u00e4gret har man m\u00f6jlighet att bekanta sig och l\u00e4ra sig allt fr\u00e5n trendiga pardanser!","breadcrumb":{"@id":"https:\/\/visitkalajoki.fi\/sv\/evenemang\/kalajoki-dance-danslager\/#breadcrumb"},"inLanguage":"sv-SE","potentialAction":[{"@type":"ReadAction","target":["https:\/\/visitkalajoki.fi\/sv\/evenemang\/kalajoki-dance-danslager\/"]}]},{"@type":"ImageObject","inLanguage":"sv-SE","@id":"https:\/\/visitkalajoki.fi\/sv\/evenemang\/kalajoki-dance-danslager\/#primaryimage","url":"https:\/\/visitkalajoki.fi\/wp-content\/uploads\/2021\/01\/kalajokidance.png","contentUrl":"https:\/\/visitkalajoki.fi\/wp-content\/uploads\/2021\/01\/kalajokidance.png","width":1640,"height":720,"caption":"Kalajokidance"},{"@type":"BreadcrumbList","@id":"https:\/\/visitkalajoki.fi\/sv\/evenemang\/kalajoki-dance-danslager\/#breadcrumb","itemListElement":[{"@type":"ListItem","position":1,"name":"Evenemang","item":"https:\/\/visitkalajoki.fi\/sv\/koe\/"},{"@type":"ListItem","position":2,"name":"Kalajoki Dance-dansl\u00e4ger"}]},{"@type":"WebSite","@id":"https:\/\/visitkalajoki.fi\/sv\/#website","url":"https:\/\/visitkalajoki.fi\/sv\/","name":"Visit Kalajoki","description":"","potentialAction":[{"@type":"SearchAction","target":{"@type":"EntryPoint","urlTemplate":"https:\/\/visitkalajoki.fi\/sv\/?s={search_term_string}"},"query-input":{"@type":"PropertyValueSpecification","valueRequired":true,"valueName":"search_term_string"}}],"inLanguage":"sv-SE"}]}},"_links":{"self":[{"href":"https:\/\/visitkalajoki.fi\/sv\/wp-json\/wp\/v2\/pages\/14694","targetHints":{"allow":["GET"]}}],"collection":[{"href":"https:\/\/visitkalajoki.fi\/sv\/wp-json\/wp\/v2\/pages"}],"about":[{"href":"https:\/\/visitkalajoki.fi\/sv\/wp-json\/wp\/v2\/types\/page"}],"author":[{"embeddable":true,"href":"https:\/\/visitkalajoki.fi\/sv\/wp-json\/wp\/v2\/users\/20"}],"replies":[{"embeddable":true,"href":"https:\/\/visitkalajoki.fi\/sv\/wp-json\/wp\/v2\/comments?post=14694"}],"version-history":[{"count":7,"href":"https:\/\/visitkalajoki.fi\/sv\/wp-json\/wp\/v2\/pages\/14694\/revisions"}],"predecessor-version":[{"id":28202,"href":"https:\/\/visitkalajoki.fi\/sv\/wp-json\/wp\/v2\/pages\/14694\/revisions\/28202"}],"up":[{"embeddable":true,"href":"https:\/\/visitkalajoki.fi\/sv\/wp-json\/wp\/v2\/pages\/14714"}],"wp:featuredmedia":[{"embeddable":true,"href":"https:\/\/visitkalajoki.fi\/sv\/wp-json\/wp\/v2\/media\/20390"}],"wp:attachment":[{"href":"https:\/\/visitkalajoki.fi\/sv\/wp-json\/wp\/v2\/media?parent=14694"}],"curies":[{"name":"wp","href":"https:\/\/api.w.org\/{rel}","templated":true}]}}