{"id":14873,"date":"2020-02-10T12:23:17","date_gmt":"2020-02-10T10:23:17","guid":{"rendered":"https:\/\/visitkalajoki.fi\/?page_id=14873"},"modified":"2023-04-04T12:38:33","modified_gmt":"2023-04-04T09:38:33","slug":"spela-aventyrsgolf","status":"publish","type":"page","link":"https:\/\/visitkalajoki.fi\/sv\/aktivera-dig\/ute\/spela-aventyrsgolf\/","title":{"rendered":"Spela \u00e4ventyrsgolf"},"content":{"rendered":"","protected":false},"excerpt":{"rendered":"","protected":false},"author":20,"featured_media":19177,"parent":7830,"menu_order":0,"comment_status":"closed","ping_status":"closed","template":"","meta":{"_acf_changed":false,"footnotes":""},"class_list":["post-14873","page","type-page","status-publish","has-post-thumbnail","hentry"],"acf":[],"yoast_head":"<!-- This site is optimized with the Yoast SEO plugin v27.2 - https:\/\/yoast.com\/product\/yoast-seo-wordpress\/ -->\n<title>Spela \u00e4ventyrsgolf - Visit Kalajoki<\/title>\n<meta name=\"description\" content=\"\u00c4ventyrsGolf Kalajoki har 18 sp\u00e4nnande banor med havstema och en trivsam caf\u00e9-restaurang och stor uteservering. I \u00c4ventyrsgolfen trivs man hela dagen tillsammans med familj, v\u00e4nner eller arbetskamrater.\" \/>\n<meta name=\"robots\" content=\"index, follow, max-snippet:-1, max-image-preview:large, max-video-preview:-1\" \/>\n<link rel=\"canonical\" href=\"https:\/\/visitkalajoki.fi\/sv\/aktivera-dig\/ute\/spela-aventyrsgolf\/\" \/>\n<meta property=\"og:locale\" content=\"sv_SE\" \/>\n<meta property=\"og:type\" content=\"article\" \/>\n<meta property=\"og:title\" content=\"Spela \u00e4ventyrsgolf - Visit Kalajoki\" \/>\n<meta property=\"og:description\" content=\"\u00c4ventyrsGolf Kalajoki har 18 sp\u00e4nnande banor med havstema och en trivsam caf\u00e9-restaurang och stor uteservering. I \u00c4ventyrsgolfen trivs man hela dagen tillsammans med familj, v\u00e4nner eller arbetskamrater.\" \/>\n<meta property=\"og:url\" content=\"https:\/\/visitkalajoki.fi\/sv\/aktivera-dig\/ute\/spela-aventyrsgolf\/\" \/>\n<meta property=\"og:site_name\" content=\"Visit Kalajoki\" \/>\n<meta property=\"article:publisher\" content=\"https:\/\/www.facebook.com\/visitkalajoki\" \/>\n<meta property=\"article:modified_time\" content=\"2023-04-04T09:38:33+00:00\" \/>\n<meta property=\"og:image\" content=\"https:\/\/visitkalajoki.fi\/wp-content\/uploads\/2020\/09\/1920x520px_seikkailugolf-min.jpg\" \/>\n\t<meta property=\"og:image:width\" content=\"1920\" \/>\n\t<meta property=\"og:image:height\" content=\"520\" \/>\n\t<meta property=\"og:image:type\" content=\"image\/jpeg\" \/>\n<meta name=\"twitter:card\" content=\"summary_large_image\" \/>\n<meta name=\"twitter:site\" content=\"@Kalajoki\" \/>\n<script type=\"application\/ld+json\" class=\"yoast-schema-graph\">{\"@context\":\"https:\/\/schema.org\",\"@graph\":[{\"@type\":\"WebPage\",\"@id\":\"https:\/\/visitkalajoki.fi\/sv\/aktivera-dig\/ute\/spela-aventyrsgolf\/\",\"url\":\"https:\/\/visitkalajoki.fi\/sv\/aktivera-dig\/ute\/spela-aventyrsgolf\/\",\"name\":\"Spela \u00e4ventyrsgolf - Visit Kalajoki\",\"isPartOf\":{\"@id\":\"https:\/\/visitkalajoki.fi\/sv\/#website\"},\"primaryImageOfPage\":{\"@id\":\"https:\/\/visitkalajoki.fi\/sv\/aktivera-dig\/ute\/spela-aventyrsgolf\/#primaryimage\"},\"image\":{\"@id\":\"https:\/\/visitkalajoki.fi\/sv\/aktivera-dig\/ute\/spela-aventyrsgolf\/#primaryimage\"},\"thumbnailUrl\":\"https:\/\/visitkalajoki.fi\/wp-content\/uploads\/2020\/09\/1920x520px_seikkailugolf-min.jpg\",\"datePublished\":\"2020-02-10T10:23:17+00:00\",\"dateModified\":\"2023-04-04T09:38:33+00:00\",\"description\":\"\u00c4ventyrsGolf Kalajoki har 18 sp\u00e4nnande banor med havstema och en trivsam caf\u00e9-restaurang och stor uteservering. I \u00c4ventyrsgolfen trivs man hela dagen tillsammans med familj, v\u00e4nner eller arbetskamrater.\",\"breadcrumb\":{\"@id\":\"https:\/\/visitkalajoki.fi\/sv\/aktivera-dig\/ute\/spela-aventyrsgolf\/#breadcrumb\"},\"inLanguage\":\"sv-SE\",\"potentialAction\":[{\"@type\":\"ReadAction\",\"target\":[\"https:\/\/visitkalajoki.fi\/sv\/aktivera-dig\/ute\/spela-aventyrsgolf\/\"]}]},{\"@type\":\"ImageObject\",\"inLanguage\":\"sv-SE\",\"@id\":\"https:\/\/visitkalajoki.fi\/sv\/aktivera-dig\/ute\/spela-aventyrsgolf\/#primaryimage\",\"url\":\"https:\/\/visitkalajoki.fi\/wp-content\/uploads\/2020\/09\/1920x520px_seikkailugolf-min.jpg\",\"contentUrl\":\"https:\/\/visitkalajoki.fi\/wp-content\/uploads\/2020\/09\/1920x520px_seikkailugolf-min.jpg\",\"width\":1920,\"height\":520},{\"@type\":\"BreadcrumbList\",\"@id\":\"https:\/\/visitkalajoki.fi\/sv\/aktivera-dig\/ute\/spela-aventyrsgolf\/#breadcrumb\",\"itemListElement\":[{\"@type\":\"ListItem\",\"position\":1,\"name\":\"Aktivera dig\",\"item\":\"https:\/\/visitkalajoki.fi\/sv\/aktivera-dig\/\"},{\"@type\":\"ListItem\",\"position\":2,\"name\":\"Ute\",\"item\":\"https:\/\/visitkalajoki.fi\/sv\/aktivera-dig\/ute\/\"},{\"@type\":\"ListItem\",\"position\":3,\"name\":\"Spela \u00e4ventyrsgolf\"}]},{\"@type\":\"WebSite\",\"@id\":\"https:\/\/visitkalajoki.fi\/sv\/#website\",\"url\":\"https:\/\/visitkalajoki.fi\/sv\/\",\"name\":\"Visit Kalajoki\",\"description\":\"\",\"potentialAction\":[{\"@type\":\"SearchAction\",\"target\":{\"@type\":\"EntryPoint\",\"urlTemplate\":\"https:\/\/visitkalajoki.fi\/sv\/?s={search_term_string}\"},\"query-input\":{\"@type\":\"PropertyValueSpecification\",\"valueRequired\":true,\"valueName\":\"search_term_string\"}}],\"inLanguage\":\"sv-SE\"}]}<\/script>\n<!-- \/ Yoast SEO plugin. -->","yoast_head_json":{"title":"Spela \u00e4ventyrsgolf - Visit Kalajoki","description":"\u00c4ventyrsGolf Kalajoki har 18 sp\u00e4nnande banor med havstema och en trivsam caf\u00e9-restaurang och stor uteservering. I \u00c4ventyrsgolfen trivs man hela dagen tillsammans med familj, v\u00e4nner eller arbetskamrater.","robots":{"index":"index","follow":"follow","max-snippet":"max-snippet:-1","max-image-preview":"max-image-preview:large","max-video-preview":"max-video-preview:-1"},"canonical":"https:\/\/visitkalajoki.fi\/sv\/aktivera-dig\/ute\/spela-aventyrsgolf\/","og_locale":"sv_SE","og_type":"article","og_title":"Spela \u00e4ventyrsgolf - Visit Kalajoki","og_description":"\u00c4ventyrsGolf Kalajoki har 18 sp\u00e4nnande banor med havstema och en trivsam caf\u00e9-restaurang och stor uteservering. I \u00c4ventyrsgolfen trivs man hela dagen tillsammans med familj, v\u00e4nner eller arbetskamrater.","og_url":"https:\/\/visitkalajoki.fi\/sv\/aktivera-dig\/ute\/spela-aventyrsgolf\/","og_site_name":"Visit Kalajoki","article_publisher":"https:\/\/www.facebook.com\/visitkalajoki","article_modified_time":"2023-04-04T09:38:33+00:00","og_image":[{"width":1920,"height":520,"url":"https:\/\/visitkalajoki.fi\/wp-content\/uploads\/2020\/09\/1920x520px_seikkailugolf-min.jpg","type":"image\/jpeg"}],"twitter_card":"summary_large_image","twitter_site":"@Kalajoki","schema":{"@context":"https:\/\/schema.org","@graph":[{"@type":"WebPage","@id":"https:\/\/visitkalajoki.fi\/sv\/aktivera-dig\/ute\/spela-aventyrsgolf\/","url":"https:\/\/visitkalajoki.fi\/sv\/aktivera-dig\/ute\/spela-aventyrsgolf\/","name":"Spela \u00e4ventyrsgolf - Visit Kalajoki","isPartOf":{"@id":"https:\/\/visitkalajoki.fi\/sv\/#website"},"primaryImageOfPage":{"@id":"https:\/\/visitkalajoki.fi\/sv\/aktivera-dig\/ute\/spela-aventyrsgolf\/#primaryimage"},"image":{"@id":"https:\/\/visitkalajoki.fi\/sv\/aktivera-dig\/ute\/spela-aventyrsgolf\/#primaryimage"},"thumbnailUrl":"https:\/\/visitkalajoki.fi\/wp-content\/uploads\/2020\/09\/1920x520px_seikkailugolf-min.jpg","datePublished":"2020-02-10T10:23:17+00:00","dateModified":"2023-04-04T09:38:33+00:00","description":"\u00c4ventyrsGolf Kalajoki har 18 sp\u00e4nnande banor med havstema och en trivsam caf\u00e9-restaurang och stor uteservering. I \u00c4ventyrsgolfen trivs man hela dagen tillsammans med familj, v\u00e4nner eller arbetskamrater.","breadcrumb":{"@id":"https:\/\/visitkalajoki.fi\/sv\/aktivera-dig\/ute\/spela-aventyrsgolf\/#breadcrumb"},"inLanguage":"sv-SE","potentialAction":[{"@type":"ReadAction","target":["https:\/\/visitkalajoki.fi\/sv\/aktivera-dig\/ute\/spela-aventyrsgolf\/"]}]},{"@type":"ImageObject","inLanguage":"sv-SE","@id":"https:\/\/visitkalajoki.fi\/sv\/aktivera-dig\/ute\/spela-aventyrsgolf\/#primaryimage","url":"https:\/\/visitkalajoki.fi\/wp-content\/uploads\/2020\/09\/1920x520px_seikkailugolf-min.jpg","contentUrl":"https:\/\/visitkalajoki.fi\/wp-content\/uploads\/2020\/09\/1920x520px_seikkailugolf-min.jpg","width":1920,"height":520},{"@type":"BreadcrumbList","@id":"https:\/\/visitkalajoki.fi\/sv\/aktivera-dig\/ute\/spela-aventyrsgolf\/#breadcrumb","itemListElement":[{"@type":"ListItem","position":1,"name":"Aktivera dig","item":"https:\/\/visitkalajoki.fi\/sv\/aktivera-dig\/"},{"@type":"ListItem","position":2,"name":"Ute","item":"https:\/\/visitkalajoki.fi\/sv\/aktivera-dig\/ute\/"},{"@type":"ListItem","position":3,"name":"Spela \u00e4ventyrsgolf"}]},{"@type":"WebSite","@id":"https:\/\/visitkalajoki.fi\/sv\/#website","url":"https:\/\/visitkalajoki.fi\/sv\/","name":"Visit Kalajoki","description":"","potentialAction":[{"@type":"SearchAction","target":{"@type":"EntryPoint","urlTemplate":"https:\/\/visitkalajoki.fi\/sv\/?s={search_term_string}"},"query-input":{"@type":"PropertyValueSpecification","valueRequired":true,"valueName":"search_term_string"}}],"inLanguage":"sv-SE"}]}},"_links":{"self":[{"href":"https:\/\/visitkalajoki.fi\/sv\/wp-json\/wp\/v2\/pages\/14873","targetHints":{"allow":["GET"]}}],"collection":[{"href":"https:\/\/visitkalajoki.fi\/sv\/wp-json\/wp\/v2\/pages"}],"about":[{"href":"https:\/\/visitkalajoki.fi\/sv\/wp-json\/wp\/v2\/types\/page"}],"author":[{"embeddable":true,"href":"https:\/\/visitkalajoki.fi\/sv\/wp-json\/wp\/v2\/users\/20"}],"replies":[{"embeddable":true,"href":"https:\/\/visitkalajoki.fi\/sv\/wp-json\/wp\/v2\/comments?post=14873"}],"version-history":[{"count":6,"href":"https:\/\/visitkalajoki.fi\/sv\/wp-json\/wp\/v2\/pages\/14873\/revisions"}],"predecessor-version":[{"id":29008,"href":"https:\/\/visitkalajoki.fi\/sv\/wp-json\/wp\/v2\/pages\/14873\/revisions\/29008"}],"up":[{"embeddable":true,"href":"https:\/\/visitkalajoki.fi\/sv\/wp-json\/wp\/v2\/pages\/7830"}],"wp:featuredmedia":[{"embeddable":true,"href":"https:\/\/visitkalajoki.fi\/sv\/wp-json\/wp\/v2\/media\/19177"}],"wp:attachment":[{"href":"https:\/\/visitkalajoki.fi\/sv\/wp-json\/wp\/v2\/media?parent=14873"}],"curies":[{"name":"wp","href":"https:\/\/api.w.org\/{rel}","templated":true}]}}