{"id":15917,"date":"2019-04-03T12:48:14","date_gmt":"2019-04-03T12:48:14","guid":{"rendered":"https:\/\/visitkalajoki.fi\/evenemang\/pakan-pimeaseikkailut\/"},"modified":"2022-11-28T09:21:09","modified_gmt":"2022-11-28T07:21:09","slug":"morkeraventyr","status":"publish","type":"page","link":"https:\/\/visitkalajoki.fi\/sv\/evenemang\/morkeraventyr\/","title":{"rendered":"M\u00f6rker\u00e4ventyr"},"content":{"rendered":"","protected":false},"excerpt":{"rendered":"","protected":false},"author":20,"featured_media":27714,"parent":14714,"menu_order":0,"comment_status":"closed","ping_status":"closed","template":"","meta":{"_acf_changed":false,"footnotes":""},"class_list":["post-15917","page","type-page","status-publish","has-post-thumbnail","hentry"],"acf":[],"yoast_head":"<!-- This site is optimized with the Yoast SEO plugin v27.4 - https:\/\/yoast.com\/product\/yoast-seo-wordpress\/ -->\n<title>\u00c4ventyrspark Pakka M\u00f6rke\u00e4ventyr 2021 - Visit Kalajoki<\/title>\n<meta name=\"description\" content=\"V\u00e4lkommen till \u00c4ventyrspark Pakka och M\u00f6rke\u00e4ventyr i Kalajoki! Datum f\u00f6r M\u00f6rker\u00e4ventyr 2021 \u00e4r 22.10. och 29.10.\" \/>\n<meta name=\"robots\" content=\"index, follow, max-snippet:-1, max-image-preview:large, max-video-preview:-1\" \/>\n<link rel=\"canonical\" href=\"https:\/\/visitkalajoki.fi\/sv\/evenemang\/morkeraventyr\/\" \/>\n<meta property=\"og:locale\" content=\"sv_SE\" \/>\n<meta property=\"og:type\" content=\"article\" \/>\n<meta property=\"og:title\" content=\"\u00c4ventyrspark Pakka M\u00f6rke\u00e4ventyr 2021 - Visit Kalajoki\" \/>\n<meta property=\"og:description\" content=\"V\u00e4lkommen till \u00c4ventyrspark Pakka och M\u00f6rke\u00e4ventyr i Kalajoki! Datum f\u00f6r M\u00f6rker\u00e4ventyr 2021 \u00e4r 22.10. och 29.10.\" \/>\n<meta property=\"og:url\" content=\"https:\/\/visitkalajoki.fi\/sv\/evenemang\/morkeraventyr\/\" \/>\n<meta property=\"og:site_name\" content=\"Visit Kalajoki\" \/>\n<meta property=\"article:publisher\" content=\"https:\/\/www.facebook.com\/visitkalajoki\" \/>\n<meta property=\"article:modified_time\" content=\"2022-11-28T07:21:09+00:00\" \/>\n<meta property=\"og:image\" content=\"https:\/\/visitkalajoki.fi\/wp-content\/uploads\/2022\/09\/Pimeaseikkailu-Pakka.jpg\" \/>\n\t<meta property=\"og:image:width\" content=\"1920\" \/>\n\t<meta property=\"og:image:height\" content=\"800\" \/>\n\t<meta property=\"og:image:type\" content=\"image\/jpeg\" \/>\n<meta name=\"twitter:card\" content=\"summary_large_image\" \/>\n<meta name=\"twitter:site\" content=\"@Kalajoki\" \/>\n<script type=\"application\/ld+json\" class=\"yoast-schema-graph\">{\"@context\":\"https:\\\/\\\/schema.org\",\"@graph\":[{\"@type\":\"WebPage\",\"@id\":\"https:\\\/\\\/visitkalajoki.fi\\\/sv\\\/evenemang\\\/morkeraventyr\\\/\",\"url\":\"https:\\\/\\\/visitkalajoki.fi\\\/sv\\\/evenemang\\\/morkeraventyr\\\/\",\"name\":\"\u00c4ventyrspark Pakka M\u00f6rke\u00e4ventyr 2021 - Visit Kalajoki\",\"isPartOf\":{\"@id\":\"https:\\\/\\\/visitkalajoki.fi\\\/sv\\\/#website\"},\"primaryImageOfPage\":{\"@id\":\"https:\\\/\\\/visitkalajoki.fi\\\/sv\\\/evenemang\\\/morkeraventyr\\\/#primaryimage\"},\"image\":{\"@id\":\"https:\\\/\\\/visitkalajoki.fi\\\/sv\\\/evenemang\\\/morkeraventyr\\\/#primaryimage\"},\"thumbnailUrl\":\"https:\\\/\\\/visitkalajoki.fi\\\/wp-content\\\/uploads\\\/2022\\\/09\\\/Pimeaseikkailu-Pakka.jpg\",\"datePublished\":\"2019-04-03T12:48:14+00:00\",\"dateModified\":\"2022-11-28T07:21:09+00:00\",\"description\":\"V\u00e4lkommen till \u00c4ventyrspark Pakka och M\u00f6rke\u00e4ventyr i Kalajoki! Datum f\u00f6r M\u00f6rker\u00e4ventyr 2021 \u00e4r 22.10. och 29.10.\",\"breadcrumb\":{\"@id\":\"https:\\\/\\\/visitkalajoki.fi\\\/sv\\\/evenemang\\\/morkeraventyr\\\/#breadcrumb\"},\"inLanguage\":\"sv-SE\",\"potentialAction\":[{\"@type\":\"ReadAction\",\"target\":[\"https:\\\/\\\/visitkalajoki.fi\\\/sv\\\/evenemang\\\/morkeraventyr\\\/\"]}]},{\"@type\":\"ImageObject\",\"inLanguage\":\"sv-SE\",\"@id\":\"https:\\\/\\\/visitkalajoki.fi\\\/sv\\\/evenemang\\\/morkeraventyr\\\/#primaryimage\",\"url\":\"https:\\\/\\\/visitkalajoki.fi\\\/wp-content\\\/uploads\\\/2022\\\/09\\\/Pimeaseikkailu-Pakka.jpg\",\"contentUrl\":\"https:\\\/\\\/visitkalajoki.fi\\\/wp-content\\\/uploads\\\/2022\\\/09\\\/Pimeaseikkailu-Pakka.jpg\",\"width\":1920,\"height\":800,\"caption\":\"Syysloma Kalajoki\"},{\"@type\":\"BreadcrumbList\",\"@id\":\"https:\\\/\\\/visitkalajoki.fi\\\/sv\\\/evenemang\\\/morkeraventyr\\\/#breadcrumb\",\"itemListElement\":[{\"@type\":\"ListItem\",\"position\":1,\"name\":\"Evenemang\",\"item\":\"https:\\\/\\\/visitkalajoki.fi\\\/sv\\\/koe\\\/\"},{\"@type\":\"ListItem\",\"position\":2,\"name\":\"M\u00f6rker\u00e4ventyr\"}]},{\"@type\":\"WebSite\",\"@id\":\"https:\\\/\\\/visitkalajoki.fi\\\/sv\\\/#website\",\"url\":\"https:\\\/\\\/visitkalajoki.fi\\\/sv\\\/\",\"name\":\"Visit Kalajoki\",\"description\":\"\",\"potentialAction\":[{\"@type\":\"SearchAction\",\"target\":{\"@type\":\"EntryPoint\",\"urlTemplate\":\"https:\\\/\\\/visitkalajoki.fi\\\/sv\\\/?s={search_term_string}\"},\"query-input\":{\"@type\":\"PropertyValueSpecification\",\"valueRequired\":true,\"valueName\":\"search_term_string\"}}],\"inLanguage\":\"sv-SE\"}]}<\/script>\n<!-- \/ Yoast SEO plugin. -->","yoast_head_json":{"title":"\u00c4ventyrspark Pakka M\u00f6rke\u00e4ventyr 2021 - Visit Kalajoki","description":"V\u00e4lkommen till \u00c4ventyrspark Pakka och M\u00f6rke\u00e4ventyr i Kalajoki! Datum f\u00f6r M\u00f6rker\u00e4ventyr 2021 \u00e4r 22.10. och 29.10.","robots":{"index":"index","follow":"follow","max-snippet":"max-snippet:-1","max-image-preview":"max-image-preview:large","max-video-preview":"max-video-preview:-1"},"canonical":"https:\/\/visitkalajoki.fi\/sv\/evenemang\/morkeraventyr\/","og_locale":"sv_SE","og_type":"article","og_title":"\u00c4ventyrspark Pakka M\u00f6rke\u00e4ventyr 2021 - Visit Kalajoki","og_description":"V\u00e4lkommen till \u00c4ventyrspark Pakka och M\u00f6rke\u00e4ventyr i Kalajoki! Datum f\u00f6r M\u00f6rker\u00e4ventyr 2021 \u00e4r 22.10. och 29.10.","og_url":"https:\/\/visitkalajoki.fi\/sv\/evenemang\/morkeraventyr\/","og_site_name":"Visit Kalajoki","article_publisher":"https:\/\/www.facebook.com\/visitkalajoki","article_modified_time":"2022-11-28T07:21:09+00:00","og_image":[{"width":1920,"height":800,"url":"https:\/\/visitkalajoki.fi\/wp-content\/uploads\/2022\/09\/Pimeaseikkailu-Pakka.jpg","type":"image\/jpeg"}],"twitter_card":"summary_large_image","twitter_site":"@Kalajoki","schema":{"@context":"https:\/\/schema.org","@graph":[{"@type":"WebPage","@id":"https:\/\/visitkalajoki.fi\/sv\/evenemang\/morkeraventyr\/","url":"https:\/\/visitkalajoki.fi\/sv\/evenemang\/morkeraventyr\/","name":"\u00c4ventyrspark Pakka M\u00f6rke\u00e4ventyr 2021 - Visit Kalajoki","isPartOf":{"@id":"https:\/\/visitkalajoki.fi\/sv\/#website"},"primaryImageOfPage":{"@id":"https:\/\/visitkalajoki.fi\/sv\/evenemang\/morkeraventyr\/#primaryimage"},"image":{"@id":"https:\/\/visitkalajoki.fi\/sv\/evenemang\/morkeraventyr\/#primaryimage"},"thumbnailUrl":"https:\/\/visitkalajoki.fi\/wp-content\/uploads\/2022\/09\/Pimeaseikkailu-Pakka.jpg","datePublished":"2019-04-03T12:48:14+00:00","dateModified":"2022-11-28T07:21:09+00:00","description":"V\u00e4lkommen till \u00c4ventyrspark Pakka och M\u00f6rke\u00e4ventyr i Kalajoki! Datum f\u00f6r M\u00f6rker\u00e4ventyr 2021 \u00e4r 22.10. och 29.10.","breadcrumb":{"@id":"https:\/\/visitkalajoki.fi\/sv\/evenemang\/morkeraventyr\/#breadcrumb"},"inLanguage":"sv-SE","potentialAction":[{"@type":"ReadAction","target":["https:\/\/visitkalajoki.fi\/sv\/evenemang\/morkeraventyr\/"]}]},{"@type":"ImageObject","inLanguage":"sv-SE","@id":"https:\/\/visitkalajoki.fi\/sv\/evenemang\/morkeraventyr\/#primaryimage","url":"https:\/\/visitkalajoki.fi\/wp-content\/uploads\/2022\/09\/Pimeaseikkailu-Pakka.jpg","contentUrl":"https:\/\/visitkalajoki.fi\/wp-content\/uploads\/2022\/09\/Pimeaseikkailu-Pakka.jpg","width":1920,"height":800,"caption":"Syysloma Kalajoki"},{"@type":"BreadcrumbList","@id":"https:\/\/visitkalajoki.fi\/sv\/evenemang\/morkeraventyr\/#breadcrumb","itemListElement":[{"@type":"ListItem","position":1,"name":"Evenemang","item":"https:\/\/visitkalajoki.fi\/sv\/koe\/"},{"@type":"ListItem","position":2,"name":"M\u00f6rker\u00e4ventyr"}]},{"@type":"WebSite","@id":"https:\/\/visitkalajoki.fi\/sv\/#website","url":"https:\/\/visitkalajoki.fi\/sv\/","name":"Visit Kalajoki","description":"","potentialAction":[{"@type":"SearchAction","target":{"@type":"EntryPoint","urlTemplate":"https:\/\/visitkalajoki.fi\/sv\/?s={search_term_string}"},"query-input":{"@type":"PropertyValueSpecification","valueRequired":true,"valueName":"search_term_string"}}],"inLanguage":"sv-SE"}]}},"_links":{"self":[{"href":"https:\/\/visitkalajoki.fi\/sv\/wp-json\/wp\/v2\/pages\/15917","targetHints":{"allow":["GET"]}}],"collection":[{"href":"https:\/\/visitkalajoki.fi\/sv\/wp-json\/wp\/v2\/pages"}],"about":[{"href":"https:\/\/visitkalajoki.fi\/sv\/wp-json\/wp\/v2\/types\/page"}],"author":[{"embeddable":true,"href":"https:\/\/visitkalajoki.fi\/sv\/wp-json\/wp\/v2\/users\/20"}],"replies":[{"embeddable":true,"href":"https:\/\/visitkalajoki.fi\/sv\/wp-json\/wp\/v2\/comments?post=15917"}],"version-history":[{"count":11,"href":"https:\/\/visitkalajoki.fi\/sv\/wp-json\/wp\/v2\/pages\/15917\/revisions"}],"predecessor-version":[{"id":28067,"href":"https:\/\/visitkalajoki.fi\/sv\/wp-json\/wp\/v2\/pages\/15917\/revisions\/28067"}],"up":[{"embeddable":true,"href":"https:\/\/visitkalajoki.fi\/sv\/wp-json\/wp\/v2\/pages\/14714"}],"wp:featuredmedia":[{"embeddable":true,"href":"https:\/\/visitkalajoki.fi\/sv\/wp-json\/wp\/v2\/media\/27714"}],"wp:attachment":[{"href":"https:\/\/visitkalajoki.fi\/sv\/wp-json\/wp\/v2\/media?parent=15917"}],"curies":[{"name":"wp","href":"https:\/\/api.w.org\/{rel}","templated":true}]}}