{"id":16987,"date":"2020-05-18T11:38:12","date_gmt":"2020-05-18T08:38:12","guid":{"rendered":"https:\/\/visitkalajoki.fi\/?page_id=16987"},"modified":"2020-05-19T08:37:36","modified_gmt":"2020-05-19T05:37:36","slug":"brahestad","status":"publish","type":"page","link":"https:\/\/visitkalajoki.fi\/sv\/aktivera-dig\/nara\/brahestad\/","title":{"rendered":"Brahestad"},"content":{"rendered":"","protected":false},"excerpt":{"rendered":"","protected":false},"author":20,"featured_media":16980,"parent":7735,"menu_order":0,"comment_status":"closed","ping_status":"closed","template":"","meta":{"_acf_changed":false,"footnotes":""},"class_list":["post-16987","page","type-page","status-publish","has-post-thumbnail","hentry"],"acf":[],"yoast_head":"<!-- This site is optimized with the Yoast SEO plugin v27.2 - https:\/\/yoast.com\/product\/yoast-seo-wordpress\/ -->\n<title>Brahestad - Visit Kalajoki<\/title>\n<meta name=\"description\" content=\"Upplev naturen vid havet och den sk\u00e4rg\u00e5rden och Gamla Brahestad tr\u00e4huskvarteren. Njut p\u00e5 de m\u00e5nga evenemangen. G\u00f6r en historisk utflykt till museerna. Brahestad ligger p\u00e5 50 minuters fr\u00e5n Kalajoki.\" \/>\n<meta name=\"robots\" content=\"index, follow, max-snippet:-1, max-image-preview:large, max-video-preview:-1\" \/>\n<link rel=\"canonical\" href=\"https:\/\/visitkalajoki.fi\/sv\/aktivera-dig\/nara\/brahestad\/\" \/>\n<meta property=\"og:locale\" content=\"sv_SE\" \/>\n<meta property=\"og:type\" content=\"article\" \/>\n<meta property=\"og:title\" content=\"Brahestad - Visit Kalajoki\" \/>\n<meta property=\"og:description\" content=\"Upplev naturen vid havet och den sk\u00e4rg\u00e5rden och Gamla Brahestad tr\u00e4huskvarteren. Njut p\u00e5 de m\u00e5nga evenemangen. G\u00f6r en historisk utflykt till museerna. Brahestad ligger p\u00e5 50 minuters fr\u00e5n Kalajoki.\" \/>\n<meta property=\"og:url\" content=\"https:\/\/visitkalajoki.fi\/sv\/aktivera-dig\/nara\/brahestad\/\" \/>\n<meta property=\"og:site_name\" content=\"Visit Kalajoki\" \/>\n<meta property=\"article:publisher\" content=\"https:\/\/www.facebook.com\/visitkalajoki\" \/>\n<meta property=\"article:modified_time\" content=\"2020-05-19T05:37:36+00:00\" \/>\n<meta property=\"og:image\" content=\"https:\/\/visitkalajoki.fi\/wp-content\/uploads\/2020\/05\/Raahe.jpg\" \/>\n\t<meta property=\"og:image:width\" content=\"1640\" \/>\n\t<meta property=\"og:image:height\" content=\"720\" \/>\n\t<meta property=\"og:image:type\" content=\"image\/jpeg\" \/>\n<meta name=\"twitter:card\" content=\"summary_large_image\" \/>\n<meta name=\"twitter:site\" content=\"@Kalajoki\" \/>\n<script type=\"application\/ld+json\" class=\"yoast-schema-graph\">{\"@context\":\"https:\/\/schema.org\",\"@graph\":[{\"@type\":\"WebPage\",\"@id\":\"https:\/\/visitkalajoki.fi\/sv\/aktivera-dig\/nara\/brahestad\/\",\"url\":\"https:\/\/visitkalajoki.fi\/sv\/aktivera-dig\/nara\/brahestad\/\",\"name\":\"Brahestad - Visit Kalajoki\",\"isPartOf\":{\"@id\":\"https:\/\/visitkalajoki.fi\/sv\/#website\"},\"primaryImageOfPage\":{\"@id\":\"https:\/\/visitkalajoki.fi\/sv\/aktivera-dig\/nara\/brahestad\/#primaryimage\"},\"image\":{\"@id\":\"https:\/\/visitkalajoki.fi\/sv\/aktivera-dig\/nara\/brahestad\/#primaryimage\"},\"thumbnailUrl\":\"https:\/\/visitkalajoki.fi\/wp-content\/uploads\/2020\/05\/Raahe.jpg\",\"datePublished\":\"2020-05-18T08:38:12+00:00\",\"dateModified\":\"2020-05-19T05:37:36+00:00\",\"description\":\"Upplev naturen vid havet och den sk\u00e4rg\u00e5rden och Gamla Brahestad tr\u00e4huskvarteren. Njut p\u00e5 de m\u00e5nga evenemangen. G\u00f6r en historisk utflykt till museerna. Brahestad ligger p\u00e5 50 minuters fr\u00e5n Kalajoki.\",\"breadcrumb\":{\"@id\":\"https:\/\/visitkalajoki.fi\/sv\/aktivera-dig\/nara\/brahestad\/#breadcrumb\"},\"inLanguage\":\"sv-SE\",\"potentialAction\":[{\"@type\":\"ReadAction\",\"target\":[\"https:\/\/visitkalajoki.fi\/sv\/aktivera-dig\/nara\/brahestad\/\"]}]},{\"@type\":\"ImageObject\",\"inLanguage\":\"sv-SE\",\"@id\":\"https:\/\/visitkalajoki.fi\/sv\/aktivera-dig\/nara\/brahestad\/#primaryimage\",\"url\":\"https:\/\/visitkalajoki.fi\/wp-content\/uploads\/2020\/05\/Raahe.jpg\",\"contentUrl\":\"https:\/\/visitkalajoki.fi\/wp-content\/uploads\/2020\/05\/Raahe.jpg\",\"width\":1640,\"height\":720,\"caption\":\"Raahe\"},{\"@type\":\"BreadcrumbList\",\"@id\":\"https:\/\/visitkalajoki.fi\/sv\/aktivera-dig\/nara\/brahestad\/#breadcrumb\",\"itemListElement\":[{\"@type\":\"ListItem\",\"position\":1,\"name\":\"Aktivera dig\",\"item\":\"https:\/\/visitkalajoki.fi\/sv\/aktivera-dig\/\"},{\"@type\":\"ListItem\",\"position\":2,\"name\":\"N\u00e4ra\",\"item\":\"https:\/\/visitkalajoki.fi\/sv\/aktivoidu\/lahella\/\"},{\"@type\":\"ListItem\",\"position\":3,\"name\":\"Brahestad\"}]},{\"@type\":\"WebSite\",\"@id\":\"https:\/\/visitkalajoki.fi\/sv\/#website\",\"url\":\"https:\/\/visitkalajoki.fi\/sv\/\",\"name\":\"Visit Kalajoki\",\"description\":\"\",\"potentialAction\":[{\"@type\":\"SearchAction\",\"target\":{\"@type\":\"EntryPoint\",\"urlTemplate\":\"https:\/\/visitkalajoki.fi\/sv\/?s={search_term_string}\"},\"query-input\":{\"@type\":\"PropertyValueSpecification\",\"valueRequired\":true,\"valueName\":\"search_term_string\"}}],\"inLanguage\":\"sv-SE\"}]}<\/script>\n<!-- \/ Yoast SEO plugin. -->","yoast_head_json":{"title":"Brahestad - Visit Kalajoki","description":"Upplev naturen vid havet och den sk\u00e4rg\u00e5rden och Gamla Brahestad tr\u00e4huskvarteren. Njut p\u00e5 de m\u00e5nga evenemangen. G\u00f6r en historisk utflykt till museerna. Brahestad ligger p\u00e5 50 minuters fr\u00e5n Kalajoki.","robots":{"index":"index","follow":"follow","max-snippet":"max-snippet:-1","max-image-preview":"max-image-preview:large","max-video-preview":"max-video-preview:-1"},"canonical":"https:\/\/visitkalajoki.fi\/sv\/aktivera-dig\/nara\/brahestad\/","og_locale":"sv_SE","og_type":"article","og_title":"Brahestad - Visit Kalajoki","og_description":"Upplev naturen vid havet och den sk\u00e4rg\u00e5rden och Gamla Brahestad tr\u00e4huskvarteren. Njut p\u00e5 de m\u00e5nga evenemangen. G\u00f6r en historisk utflykt till museerna. Brahestad ligger p\u00e5 50 minuters fr\u00e5n Kalajoki.","og_url":"https:\/\/visitkalajoki.fi\/sv\/aktivera-dig\/nara\/brahestad\/","og_site_name":"Visit Kalajoki","article_publisher":"https:\/\/www.facebook.com\/visitkalajoki","article_modified_time":"2020-05-19T05:37:36+00:00","og_image":[{"width":1640,"height":720,"url":"https:\/\/visitkalajoki.fi\/wp-content\/uploads\/2020\/05\/Raahe.jpg","type":"image\/jpeg"}],"twitter_card":"summary_large_image","twitter_site":"@Kalajoki","schema":{"@context":"https:\/\/schema.org","@graph":[{"@type":"WebPage","@id":"https:\/\/visitkalajoki.fi\/sv\/aktivera-dig\/nara\/brahestad\/","url":"https:\/\/visitkalajoki.fi\/sv\/aktivera-dig\/nara\/brahestad\/","name":"Brahestad - Visit Kalajoki","isPartOf":{"@id":"https:\/\/visitkalajoki.fi\/sv\/#website"},"primaryImageOfPage":{"@id":"https:\/\/visitkalajoki.fi\/sv\/aktivera-dig\/nara\/brahestad\/#primaryimage"},"image":{"@id":"https:\/\/visitkalajoki.fi\/sv\/aktivera-dig\/nara\/brahestad\/#primaryimage"},"thumbnailUrl":"https:\/\/visitkalajoki.fi\/wp-content\/uploads\/2020\/05\/Raahe.jpg","datePublished":"2020-05-18T08:38:12+00:00","dateModified":"2020-05-19T05:37:36+00:00","description":"Upplev naturen vid havet och den sk\u00e4rg\u00e5rden och Gamla Brahestad tr\u00e4huskvarteren. Njut p\u00e5 de m\u00e5nga evenemangen. G\u00f6r en historisk utflykt till museerna. Brahestad ligger p\u00e5 50 minuters fr\u00e5n Kalajoki.","breadcrumb":{"@id":"https:\/\/visitkalajoki.fi\/sv\/aktivera-dig\/nara\/brahestad\/#breadcrumb"},"inLanguage":"sv-SE","potentialAction":[{"@type":"ReadAction","target":["https:\/\/visitkalajoki.fi\/sv\/aktivera-dig\/nara\/brahestad\/"]}]},{"@type":"ImageObject","inLanguage":"sv-SE","@id":"https:\/\/visitkalajoki.fi\/sv\/aktivera-dig\/nara\/brahestad\/#primaryimage","url":"https:\/\/visitkalajoki.fi\/wp-content\/uploads\/2020\/05\/Raahe.jpg","contentUrl":"https:\/\/visitkalajoki.fi\/wp-content\/uploads\/2020\/05\/Raahe.jpg","width":1640,"height":720,"caption":"Raahe"},{"@type":"BreadcrumbList","@id":"https:\/\/visitkalajoki.fi\/sv\/aktivera-dig\/nara\/brahestad\/#breadcrumb","itemListElement":[{"@type":"ListItem","position":1,"name":"Aktivera dig","item":"https:\/\/visitkalajoki.fi\/sv\/aktivera-dig\/"},{"@type":"ListItem","position":2,"name":"N\u00e4ra","item":"https:\/\/visitkalajoki.fi\/sv\/aktivoidu\/lahella\/"},{"@type":"ListItem","position":3,"name":"Brahestad"}]},{"@type":"WebSite","@id":"https:\/\/visitkalajoki.fi\/sv\/#website","url":"https:\/\/visitkalajoki.fi\/sv\/","name":"Visit Kalajoki","description":"","potentialAction":[{"@type":"SearchAction","target":{"@type":"EntryPoint","urlTemplate":"https:\/\/visitkalajoki.fi\/sv\/?s={search_term_string}"},"query-input":{"@type":"PropertyValueSpecification","valueRequired":true,"valueName":"search_term_string"}}],"inLanguage":"sv-SE"}]}},"_links":{"self":[{"href":"https:\/\/visitkalajoki.fi\/sv\/wp-json\/wp\/v2\/pages\/16987","targetHints":{"allow":["GET"]}}],"collection":[{"href":"https:\/\/visitkalajoki.fi\/sv\/wp-json\/wp\/v2\/pages"}],"about":[{"href":"https:\/\/visitkalajoki.fi\/sv\/wp-json\/wp\/v2\/types\/page"}],"author":[{"embeddable":true,"href":"https:\/\/visitkalajoki.fi\/sv\/wp-json\/wp\/v2\/users\/20"}],"replies":[{"embeddable":true,"href":"https:\/\/visitkalajoki.fi\/sv\/wp-json\/wp\/v2\/comments?post=16987"}],"version-history":[{"count":5,"href":"https:\/\/visitkalajoki.fi\/sv\/wp-json\/wp\/v2\/pages\/16987\/revisions"}],"predecessor-version":[{"id":17010,"href":"https:\/\/visitkalajoki.fi\/sv\/wp-json\/wp\/v2\/pages\/16987\/revisions\/17010"}],"up":[{"embeddable":true,"href":"https:\/\/visitkalajoki.fi\/sv\/wp-json\/wp\/v2\/pages\/7735"}],"wp:featuredmedia":[{"embeddable":true,"href":"https:\/\/visitkalajoki.fi\/sv\/wp-json\/wp\/v2\/media\/16980"}],"wp:attachment":[{"href":"https:\/\/visitkalajoki.fi\/sv\/wp-json\/wp\/v2\/media?parent=16987"}],"curies":[{"name":"wp","href":"https:\/\/api.w.org\/{rel}","templated":true}]}}