{"id":18680,"date":"2020-03-24T13:30:40","date_gmt":"2020-03-24T11:30:40","guid":{"rendered":"https:\/\/visitkalajoki.fi\/aktivera-dig\/ute\/rapsuttele-elaimia\/"},"modified":"2020-08-20T13:08:40","modified_gmt":"2020-08-20T10:08:40","slug":"klappa-djur","status":"publish","type":"page","link":"https:\/\/visitkalajoki.fi\/sv\/aktivera-dig\/ute\/klappa-djur\/","title":{"rendered":"Klappa djur"},"content":{"rendered":"","protected":false},"excerpt":{"rendered":"","protected":false},"author":20,"featured_media":16175,"parent":7830,"menu_order":0,"comment_status":"closed","ping_status":"closed","template":"","meta":{"_acf_changed":false,"footnotes":""},"class_list":["post-18680","page","type-page","status-publish","has-post-thumbnail","hentry"],"acf":[],"yoast_head":"<!-- This site is optimized with the Yoast SEO plugin v27.4 - https:\/\/yoast.com\/product\/yoast-seo-wordpress\/ -->\n<title>Klappa djur - Visit Kalajoki<\/title>\n<meta name=\"description\" content=\"HuliVilis s\u00e4llskapliga djur, s\u00e5som ponnyerna, alpackorna, f\u00e5ren, ullsvinen och m\u00e5nga andra p\u00e4lsklingar, v\u00e4ntar p\u00e5 just dig!\" \/>\n<meta name=\"robots\" content=\"index, follow, max-snippet:-1, max-image-preview:large, max-video-preview:-1\" \/>\n<link rel=\"canonical\" href=\"https:\/\/visitkalajoki.fi\/sv\/aktivera-dig\/ute\/klappa-djur\/\" \/>\n<meta property=\"og:locale\" content=\"sv_SE\" \/>\n<meta property=\"og:type\" content=\"article\" \/>\n<meta property=\"og:title\" content=\"Klappa djur - Visit Kalajoki\" \/>\n<meta property=\"og:description\" content=\"HuliVilis s\u00e4llskapliga djur, s\u00e5som ponnyerna, alpackorna, f\u00e5ren, ullsvinen och m\u00e5nga andra p\u00e4lsklingar, v\u00e4ntar p\u00e5 just dig!\" \/>\n<meta property=\"og:url\" content=\"https:\/\/visitkalajoki.fi\/sv\/aktivera-dig\/ute\/klappa-djur\/\" \/>\n<meta property=\"og:site_name\" content=\"Visit Kalajoki\" \/>\n<meta property=\"article:publisher\" content=\"https:\/\/www.facebook.com\/visitkalajoki\" \/>\n<meta property=\"article:modified_time\" content=\"2020-08-20T10:08:40+00:00\" \/>\n<meta property=\"og:image\" content=\"https:\/\/visitkalajoki.fi\/wp-content\/uploads\/2020\/03\/1920x520px_hulivili-1.jpg\" \/>\n\t<meta property=\"og:image:width\" content=\"1920\" \/>\n\t<meta property=\"og:image:height\" content=\"520\" \/>\n\t<meta property=\"og:image:type\" content=\"image\/jpeg\" \/>\n<meta name=\"twitter:card\" content=\"summary_large_image\" \/>\n<meta name=\"twitter:site\" content=\"@Kalajoki\" \/>\n<script type=\"application\/ld+json\" class=\"yoast-schema-graph\">{\"@context\":\"https:\\\/\\\/schema.org\",\"@graph\":[{\"@type\":\"WebPage\",\"@id\":\"https:\\\/\\\/visitkalajoki.fi\\\/sv\\\/aktivera-dig\\\/ute\\\/klappa-djur\\\/\",\"url\":\"https:\\\/\\\/visitkalajoki.fi\\\/sv\\\/aktivera-dig\\\/ute\\\/klappa-djur\\\/\",\"name\":\"Klappa djur - Visit Kalajoki\",\"isPartOf\":{\"@id\":\"https:\\\/\\\/visitkalajoki.fi\\\/sv\\\/#website\"},\"primaryImageOfPage\":{\"@id\":\"https:\\\/\\\/visitkalajoki.fi\\\/sv\\\/aktivera-dig\\\/ute\\\/klappa-djur\\\/#primaryimage\"},\"image\":{\"@id\":\"https:\\\/\\\/visitkalajoki.fi\\\/sv\\\/aktivera-dig\\\/ute\\\/klappa-djur\\\/#primaryimage\"},\"thumbnailUrl\":\"https:\\\/\\\/visitkalajoki.fi\\\/wp-content\\\/uploads\\\/2020\\\/03\\\/1920x520px_hulivili-1.jpg\",\"datePublished\":\"2020-03-24T11:30:40+00:00\",\"dateModified\":\"2020-08-20T10:08:40+00:00\",\"description\":\"HuliVilis s\u00e4llskapliga djur, s\u00e5som ponnyerna, alpackorna, f\u00e5ren, ullsvinen och m\u00e5nga andra p\u00e4lsklingar, v\u00e4ntar p\u00e5 just dig!\",\"breadcrumb\":{\"@id\":\"https:\\\/\\\/visitkalajoki.fi\\\/sv\\\/aktivera-dig\\\/ute\\\/klappa-djur\\\/#breadcrumb\"},\"inLanguage\":\"sv-SE\",\"potentialAction\":[{\"@type\":\"ReadAction\",\"target\":[\"https:\\\/\\\/visitkalajoki.fi\\\/sv\\\/aktivera-dig\\\/ute\\\/klappa-djur\\\/\"]}]},{\"@type\":\"ImageObject\",\"inLanguage\":\"sv-SE\",\"@id\":\"https:\\\/\\\/visitkalajoki.fi\\\/sv\\\/aktivera-dig\\\/ute\\\/klappa-djur\\\/#primaryimage\",\"url\":\"https:\\\/\\\/visitkalajoki.fi\\\/wp-content\\\/uploads\\\/2020\\\/03\\\/1920x520px_hulivili-1.jpg\",\"contentUrl\":\"https:\\\/\\\/visitkalajoki.fi\\\/wp-content\\\/uploads\\\/2020\\\/03\\\/1920x520px_hulivili-1.jpg\",\"width\":1920,\"height\":520},{\"@type\":\"BreadcrumbList\",\"@id\":\"https:\\\/\\\/visitkalajoki.fi\\\/sv\\\/aktivera-dig\\\/ute\\\/klappa-djur\\\/#breadcrumb\",\"itemListElement\":[{\"@type\":\"ListItem\",\"position\":1,\"name\":\"Aktivera dig\",\"item\":\"https:\\\/\\\/visitkalajoki.fi\\\/sv\\\/aktivera-dig\\\/\"},{\"@type\":\"ListItem\",\"position\":2,\"name\":\"Ute\",\"item\":\"https:\\\/\\\/visitkalajoki.fi\\\/sv\\\/aktivera-dig\\\/ute\\\/\"},{\"@type\":\"ListItem\",\"position\":3,\"name\":\"Klappa djur\"}]},{\"@type\":\"WebSite\",\"@id\":\"https:\\\/\\\/visitkalajoki.fi\\\/sv\\\/#website\",\"url\":\"https:\\\/\\\/visitkalajoki.fi\\\/sv\\\/\",\"name\":\"Visit Kalajoki\",\"description\":\"\",\"potentialAction\":[{\"@type\":\"SearchAction\",\"target\":{\"@type\":\"EntryPoint\",\"urlTemplate\":\"https:\\\/\\\/visitkalajoki.fi\\\/sv\\\/?s={search_term_string}\"},\"query-input\":{\"@type\":\"PropertyValueSpecification\",\"valueRequired\":true,\"valueName\":\"search_term_string\"}}],\"inLanguage\":\"sv-SE\"}]}<\/script>\n<!-- \/ Yoast SEO plugin. -->","yoast_head_json":{"title":"Klappa djur - Visit Kalajoki","description":"HuliVilis s\u00e4llskapliga djur, s\u00e5som ponnyerna, alpackorna, f\u00e5ren, ullsvinen och m\u00e5nga andra p\u00e4lsklingar, v\u00e4ntar p\u00e5 just dig!","robots":{"index":"index","follow":"follow","max-snippet":"max-snippet:-1","max-image-preview":"max-image-preview:large","max-video-preview":"max-video-preview:-1"},"canonical":"https:\/\/visitkalajoki.fi\/sv\/aktivera-dig\/ute\/klappa-djur\/","og_locale":"sv_SE","og_type":"article","og_title":"Klappa djur - Visit Kalajoki","og_description":"HuliVilis s\u00e4llskapliga djur, s\u00e5som ponnyerna, alpackorna, f\u00e5ren, ullsvinen och m\u00e5nga andra p\u00e4lsklingar, v\u00e4ntar p\u00e5 just dig!","og_url":"https:\/\/visitkalajoki.fi\/sv\/aktivera-dig\/ute\/klappa-djur\/","og_site_name":"Visit Kalajoki","article_publisher":"https:\/\/www.facebook.com\/visitkalajoki","article_modified_time":"2020-08-20T10:08:40+00:00","og_image":[{"width":1920,"height":520,"url":"https:\/\/visitkalajoki.fi\/wp-content\/uploads\/2020\/03\/1920x520px_hulivili-1.jpg","type":"image\/jpeg"}],"twitter_card":"summary_large_image","twitter_site":"@Kalajoki","schema":{"@context":"https:\/\/schema.org","@graph":[{"@type":"WebPage","@id":"https:\/\/visitkalajoki.fi\/sv\/aktivera-dig\/ute\/klappa-djur\/","url":"https:\/\/visitkalajoki.fi\/sv\/aktivera-dig\/ute\/klappa-djur\/","name":"Klappa djur - Visit Kalajoki","isPartOf":{"@id":"https:\/\/visitkalajoki.fi\/sv\/#website"},"primaryImageOfPage":{"@id":"https:\/\/visitkalajoki.fi\/sv\/aktivera-dig\/ute\/klappa-djur\/#primaryimage"},"image":{"@id":"https:\/\/visitkalajoki.fi\/sv\/aktivera-dig\/ute\/klappa-djur\/#primaryimage"},"thumbnailUrl":"https:\/\/visitkalajoki.fi\/wp-content\/uploads\/2020\/03\/1920x520px_hulivili-1.jpg","datePublished":"2020-03-24T11:30:40+00:00","dateModified":"2020-08-20T10:08:40+00:00","description":"HuliVilis s\u00e4llskapliga djur, s\u00e5som ponnyerna, alpackorna, f\u00e5ren, ullsvinen och m\u00e5nga andra p\u00e4lsklingar, v\u00e4ntar p\u00e5 just dig!","breadcrumb":{"@id":"https:\/\/visitkalajoki.fi\/sv\/aktivera-dig\/ute\/klappa-djur\/#breadcrumb"},"inLanguage":"sv-SE","potentialAction":[{"@type":"ReadAction","target":["https:\/\/visitkalajoki.fi\/sv\/aktivera-dig\/ute\/klappa-djur\/"]}]},{"@type":"ImageObject","inLanguage":"sv-SE","@id":"https:\/\/visitkalajoki.fi\/sv\/aktivera-dig\/ute\/klappa-djur\/#primaryimage","url":"https:\/\/visitkalajoki.fi\/wp-content\/uploads\/2020\/03\/1920x520px_hulivili-1.jpg","contentUrl":"https:\/\/visitkalajoki.fi\/wp-content\/uploads\/2020\/03\/1920x520px_hulivili-1.jpg","width":1920,"height":520},{"@type":"BreadcrumbList","@id":"https:\/\/visitkalajoki.fi\/sv\/aktivera-dig\/ute\/klappa-djur\/#breadcrumb","itemListElement":[{"@type":"ListItem","position":1,"name":"Aktivera dig","item":"https:\/\/visitkalajoki.fi\/sv\/aktivera-dig\/"},{"@type":"ListItem","position":2,"name":"Ute","item":"https:\/\/visitkalajoki.fi\/sv\/aktivera-dig\/ute\/"},{"@type":"ListItem","position":3,"name":"Klappa djur"}]},{"@type":"WebSite","@id":"https:\/\/visitkalajoki.fi\/sv\/#website","url":"https:\/\/visitkalajoki.fi\/sv\/","name":"Visit Kalajoki","description":"","potentialAction":[{"@type":"SearchAction","target":{"@type":"EntryPoint","urlTemplate":"https:\/\/visitkalajoki.fi\/sv\/?s={search_term_string}"},"query-input":{"@type":"PropertyValueSpecification","valueRequired":true,"valueName":"search_term_string"}}],"inLanguage":"sv-SE"}]}},"_links":{"self":[{"href":"https:\/\/visitkalajoki.fi\/sv\/wp-json\/wp\/v2\/pages\/18680","targetHints":{"allow":["GET"]}}],"collection":[{"href":"https:\/\/visitkalajoki.fi\/sv\/wp-json\/wp\/v2\/pages"}],"about":[{"href":"https:\/\/visitkalajoki.fi\/sv\/wp-json\/wp\/v2\/types\/page"}],"author":[{"embeddable":true,"href":"https:\/\/visitkalajoki.fi\/sv\/wp-json\/wp\/v2\/users\/20"}],"replies":[{"embeddable":true,"href":"https:\/\/visitkalajoki.fi\/sv\/wp-json\/wp\/v2\/comments?post=18680"}],"version-history":[{"count":2,"href":"https:\/\/visitkalajoki.fi\/sv\/wp-json\/wp\/v2\/pages\/18680\/revisions"}],"predecessor-version":[{"id":18682,"href":"https:\/\/visitkalajoki.fi\/sv\/wp-json\/wp\/v2\/pages\/18680\/revisions\/18682"}],"up":[{"embeddable":true,"href":"https:\/\/visitkalajoki.fi\/sv\/wp-json\/wp\/v2\/pages\/7830"}],"wp:featuredmedia":[{"embeddable":true,"href":"https:\/\/visitkalajoki.fi\/sv\/wp-json\/wp\/v2\/media\/16175"}],"wp:attachment":[{"href":"https:\/\/visitkalajoki.fi\/sv\/wp-json\/wp\/v2\/media?parent=18680"}],"curies":[{"name":"wp","href":"https:\/\/api.w.org\/{rel}","templated":true}]}}