{"id":18710,"date":"2020-06-24T12:24:54","date_gmt":"2020-06-24T09:24:54","guid":{"rendered":"https:\/\/visitkalajoki.fi\/shoppa\/unelmien-putiikki\/"},"modified":"2020-08-21T12:01:56","modified_gmt":"2020-08-21T09:01:56","slug":"unelmien-putiikki","status":"publish","type":"page","link":"https:\/\/visitkalajoki.fi\/sv\/shoppa\/unelmien-putiikki\/","title":{"rendered":"Unelmien Putiikki"},"content":{"rendered":"","protected":false},"excerpt":{"rendered":"","protected":false},"author":20,"featured_media":16934,"parent":8209,"menu_order":0,"comment_status":"closed","ping_status":"closed","template":"","meta":{"_acf_changed":false,"footnotes":""},"class_list":["post-18710","page","type-page","status-publish","has-post-thumbnail","hentry"],"acf":[],"yoast_head":"<!-- This site is optimized with the Yoast SEO plugin v27.2 - https:\/\/yoast.com\/product\/yoast-seo-wordpress\/ -->\n<title>Unelmien Putiikki - Visit Kalajoki<\/title>\n<meta name=\"description\" content=\"Unelmien Putiikki \u00e4r en elegant och avslappnad lifestyle-butik, som erbjuder fr\u00e4scha vindar inom damkonfektion.\" \/>\n<meta name=\"robots\" content=\"index, follow, max-snippet:-1, max-image-preview:large, max-video-preview:-1\" \/>\n<link rel=\"canonical\" href=\"https:\/\/visitkalajoki.fi\/sv\/shoppa\/unelmien-putiikki\/\" \/>\n<meta property=\"og:locale\" content=\"sv_SE\" \/>\n<meta property=\"og:type\" content=\"article\" \/>\n<meta property=\"og:title\" content=\"Unelmien Putiikki - Visit Kalajoki\" \/>\n<meta property=\"og:description\" content=\"Unelmien Putiikki \u00e4r en elegant och avslappnad lifestyle-butik, som erbjuder fr\u00e4scha vindar inom damkonfektion.\" \/>\n<meta property=\"og:url\" content=\"https:\/\/visitkalajoki.fi\/sv\/shoppa\/unelmien-putiikki\/\" \/>\n<meta property=\"og:site_name\" content=\"Visit Kalajoki\" \/>\n<meta property=\"article:publisher\" content=\"https:\/\/www.facebook.com\/visitkalajoki\" \/>\n<meta property=\"article:modified_time\" content=\"2020-08-21T09:01:56+00:00\" \/>\n<meta property=\"og:image\" content=\"https:\/\/visitkalajoki.fi\/wp-content\/uploads\/2020\/05\/lifestyle-unelmien-putiikki.jpg\" \/>\n\t<meta property=\"og:image:width\" content=\"1640\" \/>\n\t<meta property=\"og:image:height\" content=\"720\" \/>\n\t<meta property=\"og:image:type\" content=\"image\/jpeg\" \/>\n<meta name=\"twitter:card\" content=\"summary_large_image\" \/>\n<meta name=\"twitter:site\" content=\"@Kalajoki\" \/>\n<script type=\"application\/ld+json\" class=\"yoast-schema-graph\">{\"@context\":\"https:\/\/schema.org\",\"@graph\":[{\"@type\":\"WebPage\",\"@id\":\"https:\/\/visitkalajoki.fi\/sv\/shoppa\/unelmien-putiikki\/\",\"url\":\"https:\/\/visitkalajoki.fi\/sv\/shoppa\/unelmien-putiikki\/\",\"name\":\"Unelmien Putiikki - Visit Kalajoki\",\"isPartOf\":{\"@id\":\"https:\/\/visitkalajoki.fi\/sv\/#website\"},\"primaryImageOfPage\":{\"@id\":\"https:\/\/visitkalajoki.fi\/sv\/shoppa\/unelmien-putiikki\/#primaryimage\"},\"image\":{\"@id\":\"https:\/\/visitkalajoki.fi\/sv\/shoppa\/unelmien-putiikki\/#primaryimage\"},\"thumbnailUrl\":\"https:\/\/visitkalajoki.fi\/wp-content\/uploads\/2020\/05\/lifestyle-unelmien-putiikki.jpg\",\"datePublished\":\"2020-06-24T09:24:54+00:00\",\"dateModified\":\"2020-08-21T09:01:56+00:00\",\"description\":\"Unelmien Putiikki \u00e4r en elegant och avslappnad lifestyle-butik, som erbjuder fr\u00e4scha vindar inom damkonfektion.\",\"breadcrumb\":{\"@id\":\"https:\/\/visitkalajoki.fi\/sv\/shoppa\/unelmien-putiikki\/#breadcrumb\"},\"inLanguage\":\"sv-SE\",\"potentialAction\":[{\"@type\":\"ReadAction\",\"target\":[\"https:\/\/visitkalajoki.fi\/sv\/shoppa\/unelmien-putiikki\/\"]}]},{\"@type\":\"ImageObject\",\"inLanguage\":\"sv-SE\",\"@id\":\"https:\/\/visitkalajoki.fi\/sv\/shoppa\/unelmien-putiikki\/#primaryimage\",\"url\":\"https:\/\/visitkalajoki.fi\/wp-content\/uploads\/2020\/05\/lifestyle-unelmien-putiikki.jpg\",\"contentUrl\":\"https:\/\/visitkalajoki.fi\/wp-content\/uploads\/2020\/05\/lifestyle-unelmien-putiikki.jpg\",\"width\":1640,\"height\":720,\"caption\":\"Unelmien Putiikki on tyylik\u00e4s ja rento lifestyle-myym\u00e4l\u00e4, joka tarjoaa raikkaita tuulahduksia naisten pukeutumiseen. Putiikista l\u00f6yd\u00e4t rennot ja tyylikk\u00e4\u00e4t vaatteet ja asusteet niin rannalle, kaupungille kuin illanistujaisiin. Valikoimista l\u00f6yd\u00e4t my\u00f6s Unelmien Putiikin oman tuoteperheen, johon kuuluu kotimaista luonnonkosmetiikkaa sek\u00e4 ihana Unelma-luomukahvi.\"},{\"@type\":\"BreadcrumbList\",\"@id\":\"https:\/\/visitkalajoki.fi\/sv\/shoppa\/unelmien-putiikki\/#breadcrumb\",\"itemListElement\":[{\"@type\":\"ListItem\",\"position\":1,\"name\":\"Shoppa\",\"item\":\"https:\/\/visitkalajoki.fi\/sv\/shoppa\/\"},{\"@type\":\"ListItem\",\"position\":2,\"name\":\"Unelmien Putiikki\"}]},{\"@type\":\"WebSite\",\"@id\":\"https:\/\/visitkalajoki.fi\/sv\/#website\",\"url\":\"https:\/\/visitkalajoki.fi\/sv\/\",\"name\":\"Visit Kalajoki\",\"description\":\"\",\"potentialAction\":[{\"@type\":\"SearchAction\",\"target\":{\"@type\":\"EntryPoint\",\"urlTemplate\":\"https:\/\/visitkalajoki.fi\/sv\/?s={search_term_string}\"},\"query-input\":{\"@type\":\"PropertyValueSpecification\",\"valueRequired\":true,\"valueName\":\"search_term_string\"}}],\"inLanguage\":\"sv-SE\"}]}<\/script>\n<!-- \/ Yoast SEO plugin. -->","yoast_head_json":{"title":"Unelmien Putiikki - Visit Kalajoki","description":"Unelmien Putiikki \u00e4r en elegant och avslappnad lifestyle-butik, som erbjuder fr\u00e4scha vindar inom damkonfektion.","robots":{"index":"index","follow":"follow","max-snippet":"max-snippet:-1","max-image-preview":"max-image-preview:large","max-video-preview":"max-video-preview:-1"},"canonical":"https:\/\/visitkalajoki.fi\/sv\/shoppa\/unelmien-putiikki\/","og_locale":"sv_SE","og_type":"article","og_title":"Unelmien Putiikki - Visit Kalajoki","og_description":"Unelmien Putiikki \u00e4r en elegant och avslappnad lifestyle-butik, som erbjuder fr\u00e4scha vindar inom damkonfektion.","og_url":"https:\/\/visitkalajoki.fi\/sv\/shoppa\/unelmien-putiikki\/","og_site_name":"Visit Kalajoki","article_publisher":"https:\/\/www.facebook.com\/visitkalajoki","article_modified_time":"2020-08-21T09:01:56+00:00","og_image":[{"width":1640,"height":720,"url":"https:\/\/visitkalajoki.fi\/wp-content\/uploads\/2020\/05\/lifestyle-unelmien-putiikki.jpg","type":"image\/jpeg"}],"twitter_card":"summary_large_image","twitter_site":"@Kalajoki","schema":{"@context":"https:\/\/schema.org","@graph":[{"@type":"WebPage","@id":"https:\/\/visitkalajoki.fi\/sv\/shoppa\/unelmien-putiikki\/","url":"https:\/\/visitkalajoki.fi\/sv\/shoppa\/unelmien-putiikki\/","name":"Unelmien Putiikki - Visit Kalajoki","isPartOf":{"@id":"https:\/\/visitkalajoki.fi\/sv\/#website"},"primaryImageOfPage":{"@id":"https:\/\/visitkalajoki.fi\/sv\/shoppa\/unelmien-putiikki\/#primaryimage"},"image":{"@id":"https:\/\/visitkalajoki.fi\/sv\/shoppa\/unelmien-putiikki\/#primaryimage"},"thumbnailUrl":"https:\/\/visitkalajoki.fi\/wp-content\/uploads\/2020\/05\/lifestyle-unelmien-putiikki.jpg","datePublished":"2020-06-24T09:24:54+00:00","dateModified":"2020-08-21T09:01:56+00:00","description":"Unelmien Putiikki \u00e4r en elegant och avslappnad lifestyle-butik, som erbjuder fr\u00e4scha vindar inom damkonfektion.","breadcrumb":{"@id":"https:\/\/visitkalajoki.fi\/sv\/shoppa\/unelmien-putiikki\/#breadcrumb"},"inLanguage":"sv-SE","potentialAction":[{"@type":"ReadAction","target":["https:\/\/visitkalajoki.fi\/sv\/shoppa\/unelmien-putiikki\/"]}]},{"@type":"ImageObject","inLanguage":"sv-SE","@id":"https:\/\/visitkalajoki.fi\/sv\/shoppa\/unelmien-putiikki\/#primaryimage","url":"https:\/\/visitkalajoki.fi\/wp-content\/uploads\/2020\/05\/lifestyle-unelmien-putiikki.jpg","contentUrl":"https:\/\/visitkalajoki.fi\/wp-content\/uploads\/2020\/05\/lifestyle-unelmien-putiikki.jpg","width":1640,"height":720,"caption":"Unelmien Putiikki on tyylik\u00e4s ja rento lifestyle-myym\u00e4l\u00e4, joka tarjoaa raikkaita tuulahduksia naisten pukeutumiseen. Putiikista l\u00f6yd\u00e4t rennot ja tyylikk\u00e4\u00e4t vaatteet ja asusteet niin rannalle, kaupungille kuin illanistujaisiin. Valikoimista l\u00f6yd\u00e4t my\u00f6s Unelmien Putiikin oman tuoteperheen, johon kuuluu kotimaista luonnonkosmetiikkaa sek\u00e4 ihana Unelma-luomukahvi."},{"@type":"BreadcrumbList","@id":"https:\/\/visitkalajoki.fi\/sv\/shoppa\/unelmien-putiikki\/#breadcrumb","itemListElement":[{"@type":"ListItem","position":1,"name":"Shoppa","item":"https:\/\/visitkalajoki.fi\/sv\/shoppa\/"},{"@type":"ListItem","position":2,"name":"Unelmien Putiikki"}]},{"@type":"WebSite","@id":"https:\/\/visitkalajoki.fi\/sv\/#website","url":"https:\/\/visitkalajoki.fi\/sv\/","name":"Visit Kalajoki","description":"","potentialAction":[{"@type":"SearchAction","target":{"@type":"EntryPoint","urlTemplate":"https:\/\/visitkalajoki.fi\/sv\/?s={search_term_string}"},"query-input":{"@type":"PropertyValueSpecification","valueRequired":true,"valueName":"search_term_string"}}],"inLanguage":"sv-SE"}]}},"_links":{"self":[{"href":"https:\/\/visitkalajoki.fi\/sv\/wp-json\/wp\/v2\/pages\/18710","targetHints":{"allow":["GET"]}}],"collection":[{"href":"https:\/\/visitkalajoki.fi\/sv\/wp-json\/wp\/v2\/pages"}],"about":[{"href":"https:\/\/visitkalajoki.fi\/sv\/wp-json\/wp\/v2\/types\/page"}],"author":[{"embeddable":true,"href":"https:\/\/visitkalajoki.fi\/sv\/wp-json\/wp\/v2\/users\/20"}],"replies":[{"embeddable":true,"href":"https:\/\/visitkalajoki.fi\/sv\/wp-json\/wp\/v2\/comments?post=18710"}],"version-history":[{"count":1,"href":"https:\/\/visitkalajoki.fi\/sv\/wp-json\/wp\/v2\/pages\/18710\/revisions"}],"predecessor-version":[{"id":18711,"href":"https:\/\/visitkalajoki.fi\/sv\/wp-json\/wp\/v2\/pages\/18710\/revisions\/18711"}],"up":[{"embeddable":true,"href":"https:\/\/visitkalajoki.fi\/sv\/wp-json\/wp\/v2\/pages\/8209"}],"wp:featuredmedia":[{"embeddable":true,"href":"https:\/\/visitkalajoki.fi\/sv\/wp-json\/wp\/v2\/media\/16934"}],"wp:attachment":[{"href":"https:\/\/visitkalajoki.fi\/sv\/wp-json\/wp\/v2\/media?parent=18710"}],"curies":[{"name":"wp","href":"https:\/\/api.w.org\/{rel}","templated":true}]}}