{"id":18712,"date":"2020-06-24T12:14:23","date_gmt":"2020-06-24T09:14:23","guid":{"rendered":"https:\/\/visitkalajoki.fi\/at-drick\/restauranger\/ravintola-shangrila\/"},"modified":"2020-08-31T14:38:43","modified_gmt":"2020-08-31T11:38:43","slug":"restaurang-shangrila","status":"publish","type":"page","link":"https:\/\/visitkalajoki.fi\/sv\/at-drick\/restauranger\/restaurang-shangrila\/","title":{"rendered":"Restaurang Shangrila"},"content":{"rendered":"","protected":false},"excerpt":{"rendered":"","protected":false},"author":20,"featured_media":16917,"parent":7985,"menu_order":0,"comment_status":"closed","ping_status":"closed","template":"","meta":{"_acf_changed":false,"footnotes":""},"class_list":["post-18712","page","type-page","status-publish","has-post-thumbnail","hentry"],"acf":[],"yoast_head":"<!-- This site is optimized with the Yoast SEO plugin v27.4 - https:\/\/yoast.com\/product\/yoast-seo-wordpress\/ -->\n<title>Restaurang Shangrila - Visit Kalajoki<\/title>\n<meta name=\"description\" content=\"Restaurang ShangriLa \u00e4r en restaurang som v\u00e5ren 2020 \u00f6ppnades vid Hilmantori, i hj\u00e4rtat av Hiekkas\u00e4rk\u00e4t och serverar l\u00e4cker kinesisk mat samt f\u00e4rsk sushi.\" \/>\n<meta name=\"robots\" content=\"index, follow, max-snippet:-1, max-image-preview:large, max-video-preview:-1\" \/>\n<link rel=\"canonical\" href=\"https:\/\/visitkalajoki.fi\/sv\/at-drick\/restauranger\/restaurang-shangrila\/\" \/>\n<meta property=\"og:locale\" content=\"sv_SE\" \/>\n<meta property=\"og:type\" content=\"article\" \/>\n<meta property=\"og:title\" content=\"Restaurang Shangrila - Visit Kalajoki\" \/>\n<meta property=\"og:description\" content=\"Restaurang ShangriLa \u00e4r en restaurang som v\u00e5ren 2020 \u00f6ppnades vid Hilmantori, i hj\u00e4rtat av Hiekkas\u00e4rk\u00e4t och serverar l\u00e4cker kinesisk mat samt f\u00e4rsk sushi.\" \/>\n<meta property=\"og:url\" content=\"https:\/\/visitkalajoki.fi\/sv\/at-drick\/restauranger\/restaurang-shangrila\/\" \/>\n<meta property=\"og:site_name\" content=\"Visit Kalajoki\" \/>\n<meta property=\"article:publisher\" content=\"https:\/\/www.facebook.com\/visitkalajoki\" \/>\n<meta property=\"article:modified_time\" content=\"2020-08-31T11:38:43+00:00\" \/>\n<meta property=\"og:image\" content=\"https:\/\/visitkalajoki.fi\/wp-content\/uploads\/2020\/05\/E6CAD1B0-FAB5-47C2-B433-9B58091DB1D6_1_201_a-1024x768.jpeg\" \/>\n\t<meta property=\"og:image:width\" content=\"1024\" \/>\n\t<meta property=\"og:image:height\" content=\"768\" \/>\n\t<meta property=\"og:image:type\" content=\"image\/jpeg\" \/>\n<meta name=\"twitter:card\" content=\"summary_large_image\" \/>\n<meta name=\"twitter:site\" content=\"@Kalajoki\" \/>\n<script type=\"application\/ld+json\" class=\"yoast-schema-graph\">{\"@context\":\"https:\\\/\\\/schema.org\",\"@graph\":[{\"@type\":\"WebPage\",\"@id\":\"https:\\\/\\\/visitkalajoki.fi\\\/sv\\\/at-drick\\\/restauranger\\\/restaurang-shangrila\\\/\",\"url\":\"https:\\\/\\\/visitkalajoki.fi\\\/sv\\\/at-drick\\\/restauranger\\\/restaurang-shangrila\\\/\",\"name\":\"Restaurang Shangrila - Visit Kalajoki\",\"isPartOf\":{\"@id\":\"https:\\\/\\\/visitkalajoki.fi\\\/sv\\\/#website\"},\"primaryImageOfPage\":{\"@id\":\"https:\\\/\\\/visitkalajoki.fi\\\/sv\\\/at-drick\\\/restauranger\\\/restaurang-shangrila\\\/#primaryimage\"},\"image\":{\"@id\":\"https:\\\/\\\/visitkalajoki.fi\\\/sv\\\/at-drick\\\/restauranger\\\/restaurang-shangrila\\\/#primaryimage\"},\"thumbnailUrl\":\"https:\\\/\\\/visitkalajoki.fi\\\/wp-content\\\/uploads\\\/2020\\\/05\\\/E6CAD1B0-FAB5-47C2-B433-9B58091DB1D6_1_201_a.jpeg\",\"datePublished\":\"2020-06-24T09:14:23+00:00\",\"dateModified\":\"2020-08-31T11:38:43+00:00\",\"description\":\"Restaurang ShangriLa \u00e4r en restaurang som v\u00e5ren 2020 \u00f6ppnades vid Hilmantori, i hj\u00e4rtat av Hiekkas\u00e4rk\u00e4t och serverar l\u00e4cker kinesisk mat samt f\u00e4rsk sushi.\",\"breadcrumb\":{\"@id\":\"https:\\\/\\\/visitkalajoki.fi\\\/sv\\\/at-drick\\\/restauranger\\\/restaurang-shangrila\\\/#breadcrumb\"},\"inLanguage\":\"sv-SE\",\"potentialAction\":[{\"@type\":\"ReadAction\",\"target\":[\"https:\\\/\\\/visitkalajoki.fi\\\/sv\\\/at-drick\\\/restauranger\\\/restaurang-shangrila\\\/\"]}]},{\"@type\":\"ImageObject\",\"inLanguage\":\"sv-SE\",\"@id\":\"https:\\\/\\\/visitkalajoki.fi\\\/sv\\\/at-drick\\\/restauranger\\\/restaurang-shangrila\\\/#primaryimage\",\"url\":\"https:\\\/\\\/visitkalajoki.fi\\\/wp-content\\\/uploads\\\/2020\\\/05\\\/E6CAD1B0-FAB5-47C2-B433-9B58091DB1D6_1_201_a.jpeg\",\"contentUrl\":\"https:\\\/\\\/visitkalajoki.fi\\\/wp-content\\\/uploads\\\/2020\\\/05\\\/E6CAD1B0-FAB5-47C2-B433-9B58091DB1D6_1_201_a.jpeg\",\"width\":2560,\"height\":1920,\"caption\":\"Ravintola ShangriLa\"},{\"@type\":\"BreadcrumbList\",\"@id\":\"https:\\\/\\\/visitkalajoki.fi\\\/sv\\\/at-drick\\\/restauranger\\\/restaurang-shangrila\\\/#breadcrumb\",\"itemListElement\":[{\"@type\":\"ListItem\",\"position\":1,\"name\":\"\u00c4t &#038; drick\",\"item\":\"https:\\\/\\\/visitkalajoki.fi\\\/sv\\\/at-drick\\\/\"},{\"@type\":\"ListItem\",\"position\":2,\"name\":\"Restauranger\",\"item\":\"https:\\\/\\\/visitkalajoki.fi\\\/sv\\\/at-drick\\\/restauranger\\\/\"},{\"@type\":\"ListItem\",\"position\":3,\"name\":\"Restaurang Shangrila\"}]},{\"@type\":\"WebSite\",\"@id\":\"https:\\\/\\\/visitkalajoki.fi\\\/sv\\\/#website\",\"url\":\"https:\\\/\\\/visitkalajoki.fi\\\/sv\\\/\",\"name\":\"Visit Kalajoki\",\"description\":\"\",\"potentialAction\":[{\"@type\":\"SearchAction\",\"target\":{\"@type\":\"EntryPoint\",\"urlTemplate\":\"https:\\\/\\\/visitkalajoki.fi\\\/sv\\\/?s={search_term_string}\"},\"query-input\":{\"@type\":\"PropertyValueSpecification\",\"valueRequired\":true,\"valueName\":\"search_term_string\"}}],\"inLanguage\":\"sv-SE\"}]}<\/script>\n<!-- \/ Yoast SEO plugin. -->","yoast_head_json":{"title":"Restaurang Shangrila - Visit Kalajoki","description":"Restaurang ShangriLa \u00e4r en restaurang som v\u00e5ren 2020 \u00f6ppnades vid Hilmantori, i hj\u00e4rtat av Hiekkas\u00e4rk\u00e4t och serverar l\u00e4cker kinesisk mat samt f\u00e4rsk sushi.","robots":{"index":"index","follow":"follow","max-snippet":"max-snippet:-1","max-image-preview":"max-image-preview:large","max-video-preview":"max-video-preview:-1"},"canonical":"https:\/\/visitkalajoki.fi\/sv\/at-drick\/restauranger\/restaurang-shangrila\/","og_locale":"sv_SE","og_type":"article","og_title":"Restaurang Shangrila - Visit Kalajoki","og_description":"Restaurang ShangriLa \u00e4r en restaurang som v\u00e5ren 2020 \u00f6ppnades vid Hilmantori, i hj\u00e4rtat av Hiekkas\u00e4rk\u00e4t och serverar l\u00e4cker kinesisk mat samt f\u00e4rsk sushi.","og_url":"https:\/\/visitkalajoki.fi\/sv\/at-drick\/restauranger\/restaurang-shangrila\/","og_site_name":"Visit Kalajoki","article_publisher":"https:\/\/www.facebook.com\/visitkalajoki","article_modified_time":"2020-08-31T11:38:43+00:00","og_image":[{"width":1024,"height":768,"url":"https:\/\/visitkalajoki.fi\/wp-content\/uploads\/2020\/05\/E6CAD1B0-FAB5-47C2-B433-9B58091DB1D6_1_201_a-1024x768.jpeg","type":"image\/jpeg"}],"twitter_card":"summary_large_image","twitter_site":"@Kalajoki","schema":{"@context":"https:\/\/schema.org","@graph":[{"@type":"WebPage","@id":"https:\/\/visitkalajoki.fi\/sv\/at-drick\/restauranger\/restaurang-shangrila\/","url":"https:\/\/visitkalajoki.fi\/sv\/at-drick\/restauranger\/restaurang-shangrila\/","name":"Restaurang Shangrila - Visit Kalajoki","isPartOf":{"@id":"https:\/\/visitkalajoki.fi\/sv\/#website"},"primaryImageOfPage":{"@id":"https:\/\/visitkalajoki.fi\/sv\/at-drick\/restauranger\/restaurang-shangrila\/#primaryimage"},"image":{"@id":"https:\/\/visitkalajoki.fi\/sv\/at-drick\/restauranger\/restaurang-shangrila\/#primaryimage"},"thumbnailUrl":"https:\/\/visitkalajoki.fi\/wp-content\/uploads\/2020\/05\/E6CAD1B0-FAB5-47C2-B433-9B58091DB1D6_1_201_a.jpeg","datePublished":"2020-06-24T09:14:23+00:00","dateModified":"2020-08-31T11:38:43+00:00","description":"Restaurang ShangriLa \u00e4r en restaurang som v\u00e5ren 2020 \u00f6ppnades vid Hilmantori, i hj\u00e4rtat av Hiekkas\u00e4rk\u00e4t och serverar l\u00e4cker kinesisk mat samt f\u00e4rsk sushi.","breadcrumb":{"@id":"https:\/\/visitkalajoki.fi\/sv\/at-drick\/restauranger\/restaurang-shangrila\/#breadcrumb"},"inLanguage":"sv-SE","potentialAction":[{"@type":"ReadAction","target":["https:\/\/visitkalajoki.fi\/sv\/at-drick\/restauranger\/restaurang-shangrila\/"]}]},{"@type":"ImageObject","inLanguage":"sv-SE","@id":"https:\/\/visitkalajoki.fi\/sv\/at-drick\/restauranger\/restaurang-shangrila\/#primaryimage","url":"https:\/\/visitkalajoki.fi\/wp-content\/uploads\/2020\/05\/E6CAD1B0-FAB5-47C2-B433-9B58091DB1D6_1_201_a.jpeg","contentUrl":"https:\/\/visitkalajoki.fi\/wp-content\/uploads\/2020\/05\/E6CAD1B0-FAB5-47C2-B433-9B58091DB1D6_1_201_a.jpeg","width":2560,"height":1920,"caption":"Ravintola ShangriLa"},{"@type":"BreadcrumbList","@id":"https:\/\/visitkalajoki.fi\/sv\/at-drick\/restauranger\/restaurang-shangrila\/#breadcrumb","itemListElement":[{"@type":"ListItem","position":1,"name":"\u00c4t &#038; drick","item":"https:\/\/visitkalajoki.fi\/sv\/at-drick\/"},{"@type":"ListItem","position":2,"name":"Restauranger","item":"https:\/\/visitkalajoki.fi\/sv\/at-drick\/restauranger\/"},{"@type":"ListItem","position":3,"name":"Restaurang Shangrila"}]},{"@type":"WebSite","@id":"https:\/\/visitkalajoki.fi\/sv\/#website","url":"https:\/\/visitkalajoki.fi\/sv\/","name":"Visit Kalajoki","description":"","potentialAction":[{"@type":"SearchAction","target":{"@type":"EntryPoint","urlTemplate":"https:\/\/visitkalajoki.fi\/sv\/?s={search_term_string}"},"query-input":{"@type":"PropertyValueSpecification","valueRequired":true,"valueName":"search_term_string"}}],"inLanguage":"sv-SE"}]}},"_links":{"self":[{"href":"https:\/\/visitkalajoki.fi\/sv\/wp-json\/wp\/v2\/pages\/18712","targetHints":{"allow":["GET"]}}],"collection":[{"href":"https:\/\/visitkalajoki.fi\/sv\/wp-json\/wp\/v2\/pages"}],"about":[{"href":"https:\/\/visitkalajoki.fi\/sv\/wp-json\/wp\/v2\/types\/page"}],"author":[{"embeddable":true,"href":"https:\/\/visitkalajoki.fi\/sv\/wp-json\/wp\/v2\/users\/20"}],"replies":[{"embeddable":true,"href":"https:\/\/visitkalajoki.fi\/sv\/wp-json\/wp\/v2\/comments?post=18712"}],"version-history":[{"count":2,"href":"https:\/\/visitkalajoki.fi\/sv\/wp-json\/wp\/v2\/pages\/18712\/revisions"}],"predecessor-version":[{"id":18714,"href":"https:\/\/visitkalajoki.fi\/sv\/wp-json\/wp\/v2\/pages\/18712\/revisions\/18714"}],"up":[{"embeddable":true,"href":"https:\/\/visitkalajoki.fi\/sv\/wp-json\/wp\/v2\/pages\/7985"}],"wp:featuredmedia":[{"embeddable":true,"href":"https:\/\/visitkalajoki.fi\/sv\/wp-json\/wp\/v2\/media\/16917"}],"wp:attachment":[{"href":"https:\/\/visitkalajoki.fi\/sv\/wp-json\/wp\/v2\/media?parent=18712"}],"curies":[{"name":"wp","href":"https:\/\/api.w.org\/{rel}","templated":true}]}}