{"id":21330,"date":"2021-03-15T17:24:48","date_gmt":"2021-03-15T15:24:48","guid":{"rendered":"https:\/\/visitkalajoki.fi\/inkvartering\/hiekka-booking-lkv-ja-wesain-oy\/"},"modified":"2026-04-02T10:03:27","modified_gmt":"2026-04-02T07:03:27","slug":"hiekka-booking","status":"publish","type":"page","link":"https:\/\/visitkalajoki.fi\/sv\/inkvartering\/hiekka-booking\/","title":{"rendered":"Hiekka Booking Apartments"},"content":{"rendered":"","protected":false},"excerpt":{"rendered":"","protected":false},"author":20,"featured_media":30467,"parent":7671,"menu_order":0,"comment_status":"closed","ping_status":"closed","template":"","meta":{"_acf_changed":false,"footnotes":""},"class_list":["post-21330","page","type-page","status-publish","has-post-thumbnail","hentry"],"acf":[],"yoast_head":"<!-- This site is optimized with the Yoast SEO plugin v27.2 - https:\/\/yoast.com\/product\/yoast-seo-wordpress\/ -->\n<title>Loma-asunto Kalajoelta - Hiekka Booking Apartments - Visit Kalajoki<\/title>\n<meta name=\"description\" content=\"Hiekka Booking hyr ut semesterbost\u00e4der f\u00f6r korta vistelser och Hiekka LKV tillhandah\u00e5ller traditionell bostadsf\u00f6rmedling f\u00f6r objekt i Hiekkas\u00e4rk\u00e4t turistomr\u00e5det i Kalajoki.\" \/>\n<meta name=\"robots\" content=\"index, follow, max-snippet:-1, max-image-preview:large, max-video-preview:-1\" \/>\n<link rel=\"canonical\" href=\"https:\/\/visitkalajoki.fi\/sv\/inkvartering\/hiekka-booking\/\" \/>\n<meta property=\"og:locale\" content=\"sv_SE\" \/>\n<meta property=\"og:type\" content=\"article\" \/>\n<meta property=\"og:title\" content=\"Loma-asunto Kalajoelta - Hiekka Booking Apartments - Visit Kalajoki\" \/>\n<meta property=\"og:description\" content=\"Hiekka Booking hyr ut semesterbost\u00e4der f\u00f6r korta vistelser och Hiekka LKV tillhandah\u00e5ller traditionell bostadsf\u00f6rmedling f\u00f6r objekt i Hiekkas\u00e4rk\u00e4t turistomr\u00e5det i Kalajoki.\" \/>\n<meta property=\"og:url\" content=\"https:\/\/visitkalajoki.fi\/sv\/inkvartering\/hiekka-booking\/\" \/>\n<meta property=\"og:site_name\" content=\"Visit Kalajoki\" \/>\n<meta property=\"article:publisher\" content=\"https:\/\/www.facebook.com\/visitkalajoki\" \/>\n<meta property=\"article:modified_time\" content=\"2026-04-02T07:03:27+00:00\" \/>\n<meta property=\"og:image\" content=\"https:\/\/visitkalajoki.fi\/wp-content\/uploads\/2024\/01\/marina-resort-b6-ruokailutila.jpg\" \/>\n\t<meta property=\"og:image:width\" content=\"1920\" \/>\n\t<meta property=\"og:image:height\" content=\"992\" \/>\n\t<meta property=\"og:image:type\" content=\"image\/jpeg\" \/>\n<meta name=\"twitter:card\" content=\"summary_large_image\" \/>\n<meta name=\"twitter:site\" content=\"@Kalajoki\" \/>\n<meta name=\"twitter:label1\" content=\"Ber\u00e4knad l\u00e4stid\" \/>\n\t<meta name=\"twitter:data1\" content=\"2 minuter\" \/>\n<script type=\"application\/ld+json\" class=\"yoast-schema-graph\">{\"@context\":\"https:\/\/schema.org\",\"@graph\":[{\"@type\":\"WebPage\",\"@id\":\"https:\/\/visitkalajoki.fi\/sv\/inkvartering\/hiekka-booking\/\",\"url\":\"https:\/\/visitkalajoki.fi\/sv\/inkvartering\/hiekka-booking\/\",\"name\":\"Loma-asunto Kalajoelta - Hiekka Booking Apartments - Visit Kalajoki\",\"isPartOf\":{\"@id\":\"https:\/\/visitkalajoki.fi\/sv\/#website\"},\"primaryImageOfPage\":{\"@id\":\"https:\/\/visitkalajoki.fi\/sv\/inkvartering\/hiekka-booking\/#primaryimage\"},\"image\":{\"@id\":\"https:\/\/visitkalajoki.fi\/sv\/inkvartering\/hiekka-booking\/#primaryimage\"},\"thumbnailUrl\":\"https:\/\/visitkalajoki.fi\/wp-content\/uploads\/2024\/01\/marina-resort-b6-ruokailutila.jpg\",\"datePublished\":\"2021-03-15T15:24:48+00:00\",\"dateModified\":\"2026-04-02T07:03:27+00:00\",\"description\":\"Hiekka Booking hyr ut semesterbost\u00e4der f\u00f6r korta vistelser och Hiekka LKV tillhandah\u00e5ller traditionell bostadsf\u00f6rmedling f\u00f6r objekt i Hiekkas\u00e4rk\u00e4t turistomr\u00e5det i Kalajoki.\",\"breadcrumb\":{\"@id\":\"https:\/\/visitkalajoki.fi\/sv\/inkvartering\/hiekka-booking\/#breadcrumb\"},\"inLanguage\":\"sv-SE\",\"potentialAction\":[{\"@type\":\"ReadAction\",\"target\":[\"https:\/\/visitkalajoki.fi\/sv\/inkvartering\/hiekka-booking\/\"]}]},{\"@type\":\"ImageObject\",\"inLanguage\":\"sv-SE\",\"@id\":\"https:\/\/visitkalajoki.fi\/sv\/inkvartering\/hiekka-booking\/#primaryimage\",\"url\":\"https:\/\/visitkalajoki.fi\/wp-content\/uploads\/2024\/01\/marina-resort-b6-ruokailutila.jpg\",\"contentUrl\":\"https:\/\/visitkalajoki.fi\/wp-content\/uploads\/2024\/01\/marina-resort-b6-ruokailutila.jpg\",\"width\":1920,\"height\":992,\"caption\":\"Marina Resort majoitus meren \u00e4\u00e4relt\u00e4\"},{\"@type\":\"BreadcrumbList\",\"@id\":\"https:\/\/visitkalajoki.fi\/sv\/inkvartering\/hiekka-booking\/#breadcrumb\",\"itemListElement\":[{\"@type\":\"ListItem\",\"position\":1,\"name\":\"Inkvartering\",\"item\":\"https:\/\/visitkalajoki.fi\/sv\/inkvartering\/\"},{\"@type\":\"ListItem\",\"position\":2,\"name\":\"Hiekka Booking Apartments\"}]},{\"@type\":\"WebSite\",\"@id\":\"https:\/\/visitkalajoki.fi\/sv\/#website\",\"url\":\"https:\/\/visitkalajoki.fi\/sv\/\",\"name\":\"Visit Kalajoki\",\"description\":\"\",\"potentialAction\":[{\"@type\":\"SearchAction\",\"target\":{\"@type\":\"EntryPoint\",\"urlTemplate\":\"https:\/\/visitkalajoki.fi\/sv\/?s={search_term_string}\"},\"query-input\":{\"@type\":\"PropertyValueSpecification\",\"valueRequired\":true,\"valueName\":\"search_term_string\"}}],\"inLanguage\":\"sv-SE\"}]}<\/script>\n<!-- \/ Yoast SEO plugin. -->","yoast_head_json":{"title":"Loma-asunto Kalajoelta - Hiekka Booking Apartments - Visit Kalajoki","description":"Hiekka Booking hyr ut semesterbost\u00e4der f\u00f6r korta vistelser och Hiekka LKV tillhandah\u00e5ller traditionell bostadsf\u00f6rmedling f\u00f6r objekt i Hiekkas\u00e4rk\u00e4t turistomr\u00e5det i Kalajoki.","robots":{"index":"index","follow":"follow","max-snippet":"max-snippet:-1","max-image-preview":"max-image-preview:large","max-video-preview":"max-video-preview:-1"},"canonical":"https:\/\/visitkalajoki.fi\/sv\/inkvartering\/hiekka-booking\/","og_locale":"sv_SE","og_type":"article","og_title":"Loma-asunto Kalajoelta - Hiekka Booking Apartments - Visit Kalajoki","og_description":"Hiekka Booking hyr ut semesterbost\u00e4der f\u00f6r korta vistelser och Hiekka LKV tillhandah\u00e5ller traditionell bostadsf\u00f6rmedling f\u00f6r objekt i Hiekkas\u00e4rk\u00e4t turistomr\u00e5det i Kalajoki.","og_url":"https:\/\/visitkalajoki.fi\/sv\/inkvartering\/hiekka-booking\/","og_site_name":"Visit Kalajoki","article_publisher":"https:\/\/www.facebook.com\/visitkalajoki","article_modified_time":"2026-04-02T07:03:27+00:00","og_image":[{"width":1920,"height":992,"url":"https:\/\/visitkalajoki.fi\/wp-content\/uploads\/2024\/01\/marina-resort-b6-ruokailutila.jpg","type":"image\/jpeg"}],"twitter_card":"summary_large_image","twitter_site":"@Kalajoki","twitter_misc":{"Ber\u00e4knad l\u00e4stid":"2 minuter"},"schema":{"@context":"https:\/\/schema.org","@graph":[{"@type":"WebPage","@id":"https:\/\/visitkalajoki.fi\/sv\/inkvartering\/hiekka-booking\/","url":"https:\/\/visitkalajoki.fi\/sv\/inkvartering\/hiekka-booking\/","name":"Loma-asunto Kalajoelta - Hiekka Booking Apartments - Visit Kalajoki","isPartOf":{"@id":"https:\/\/visitkalajoki.fi\/sv\/#website"},"primaryImageOfPage":{"@id":"https:\/\/visitkalajoki.fi\/sv\/inkvartering\/hiekka-booking\/#primaryimage"},"image":{"@id":"https:\/\/visitkalajoki.fi\/sv\/inkvartering\/hiekka-booking\/#primaryimage"},"thumbnailUrl":"https:\/\/visitkalajoki.fi\/wp-content\/uploads\/2024\/01\/marina-resort-b6-ruokailutila.jpg","datePublished":"2021-03-15T15:24:48+00:00","dateModified":"2026-04-02T07:03:27+00:00","description":"Hiekka Booking hyr ut semesterbost\u00e4der f\u00f6r korta vistelser och Hiekka LKV tillhandah\u00e5ller traditionell bostadsf\u00f6rmedling f\u00f6r objekt i Hiekkas\u00e4rk\u00e4t turistomr\u00e5det i Kalajoki.","breadcrumb":{"@id":"https:\/\/visitkalajoki.fi\/sv\/inkvartering\/hiekka-booking\/#breadcrumb"},"inLanguage":"sv-SE","potentialAction":[{"@type":"ReadAction","target":["https:\/\/visitkalajoki.fi\/sv\/inkvartering\/hiekka-booking\/"]}]},{"@type":"ImageObject","inLanguage":"sv-SE","@id":"https:\/\/visitkalajoki.fi\/sv\/inkvartering\/hiekka-booking\/#primaryimage","url":"https:\/\/visitkalajoki.fi\/wp-content\/uploads\/2024\/01\/marina-resort-b6-ruokailutila.jpg","contentUrl":"https:\/\/visitkalajoki.fi\/wp-content\/uploads\/2024\/01\/marina-resort-b6-ruokailutila.jpg","width":1920,"height":992,"caption":"Marina Resort majoitus meren \u00e4\u00e4relt\u00e4"},{"@type":"BreadcrumbList","@id":"https:\/\/visitkalajoki.fi\/sv\/inkvartering\/hiekka-booking\/#breadcrumb","itemListElement":[{"@type":"ListItem","position":1,"name":"Inkvartering","item":"https:\/\/visitkalajoki.fi\/sv\/inkvartering\/"},{"@type":"ListItem","position":2,"name":"Hiekka Booking Apartments"}]},{"@type":"WebSite","@id":"https:\/\/visitkalajoki.fi\/sv\/#website","url":"https:\/\/visitkalajoki.fi\/sv\/","name":"Visit Kalajoki","description":"","potentialAction":[{"@type":"SearchAction","target":{"@type":"EntryPoint","urlTemplate":"https:\/\/visitkalajoki.fi\/sv\/?s={search_term_string}"},"query-input":{"@type":"PropertyValueSpecification","valueRequired":true,"valueName":"search_term_string"}}],"inLanguage":"sv-SE"}]}},"_links":{"self":[{"href":"https:\/\/visitkalajoki.fi\/sv\/wp-json\/wp\/v2\/pages\/21330","targetHints":{"allow":["GET"]}}],"collection":[{"href":"https:\/\/visitkalajoki.fi\/sv\/wp-json\/wp\/v2\/pages"}],"about":[{"href":"https:\/\/visitkalajoki.fi\/sv\/wp-json\/wp\/v2\/types\/page"}],"author":[{"embeddable":true,"href":"https:\/\/visitkalajoki.fi\/sv\/wp-json\/wp\/v2\/users\/20"}],"replies":[{"embeddable":true,"href":"https:\/\/visitkalajoki.fi\/sv\/wp-json\/wp\/v2\/comments?post=21330"}],"version-history":[{"count":10,"href":"https:\/\/visitkalajoki.fi\/sv\/wp-json\/wp\/v2\/pages\/21330\/revisions"}],"predecessor-version":[{"id":31577,"href":"https:\/\/visitkalajoki.fi\/sv\/wp-json\/wp\/v2\/pages\/21330\/revisions\/31577"}],"up":[{"embeddable":true,"href":"https:\/\/visitkalajoki.fi\/sv\/wp-json\/wp\/v2\/pages\/7671"}],"wp:featuredmedia":[{"embeddable":true,"href":"https:\/\/visitkalajoki.fi\/sv\/wp-json\/wp\/v2\/media\/30467"}],"wp:attachment":[{"href":"https:\/\/visitkalajoki.fi\/sv\/wp-json\/wp\/v2\/media?parent=21330"}],"curies":[{"name":"wp","href":"https:\/\/api.w.org\/{rel}","templated":true}]}}