{"id":28378,"date":"2022-07-18T08:58:14","date_gmt":"2022-07-18T05:58:14","guid":{"rendered":"https:\/\/visitkalajoki.fi\/koppla-av\/voimaa-luonnosta-hyvinvointia-perinteista\/"},"modified":"2023-01-03T10:34:36","modified_gmt":"2023-01-03T08:34:36","slug":"voimaa-luonnosta-hyvinvointia-perinteista","status":"publish","type":"page","link":"https:\/\/visitkalajoki.fi\/sv\/koppla-av\/voimaa-luonnosta-hyvinvointia-perinteista\/","title":{"rendered":"Styrka fr\u00e5n naturen, v\u00e4lbefinnande fr\u00e5n tradition"},"content":{"rendered":"","protected":false},"excerpt":{"rendered":"","protected":false},"author":11,"featured_media":0,"parent":8191,"menu_order":0,"comment_status":"closed","ping_status":"closed","template":"","meta":{"_acf_changed":false,"footnotes":""},"class_list":["post-28378","page","type-page","status-publish","hentry"],"acf":[],"yoast_head":"<!-- This site is optimized with the Yoast SEO plugin v27.2 - https:\/\/yoast.com\/product\/yoast-seo-wordpress\/ -->\n<title>Styrka fr\u00e5n naturen, v\u00e4lbefinnande fr\u00e5n tradition - Visit Kalajoki<\/title>\n<meta name=\"description\" content=\"Hierontaa, j\u00e4senkorjausta ja palveluita, jotka tuovat voimaa luonnosta ja perinteist\u00e4\" \/>\n<meta name=\"robots\" content=\"index, follow, max-snippet:-1, max-image-preview:large, max-video-preview:-1\" \/>\n<link rel=\"canonical\" href=\"https:\/\/visitkalajoki.fi\/sv\/koppla-av\/voimaa-luonnosta-hyvinvointia-perinteista\/\" \/>\n<meta property=\"og:locale\" content=\"sv_SE\" \/>\n<meta property=\"og:type\" content=\"article\" \/>\n<meta property=\"og:title\" content=\"Styrka fr\u00e5n naturen, v\u00e4lbefinnande fr\u00e5n tradition - Visit Kalajoki\" \/>\n<meta property=\"og:description\" content=\"Hierontaa, j\u00e4senkorjausta ja palveluita, jotka tuovat voimaa luonnosta ja perinteist\u00e4\" \/>\n<meta property=\"og:url\" content=\"https:\/\/visitkalajoki.fi\/sv\/koppla-av\/voimaa-luonnosta-hyvinvointia-perinteista\/\" \/>\n<meta property=\"og:site_name\" content=\"Visit Kalajoki\" \/>\n<meta property=\"article:publisher\" content=\"https:\/\/www.facebook.com\/visitkalajoki\" \/>\n<meta property=\"article:modified_time\" content=\"2023-01-03T08:34:36+00:00\" \/>\n<meta property=\"og:image\" content=\"https:\/\/visitkalajoki.fi\/wp-content\/uploads\/2019\/10\/visitkalajoki-min.jpg\" \/>\n\t<meta property=\"og:image:width\" content=\"1920\" \/>\n\t<meta property=\"og:image:height\" content=\"1080\" \/>\n\t<meta property=\"og:image:type\" content=\"image\/jpeg\" \/>\n<meta name=\"twitter:card\" content=\"summary_large_image\" \/>\n<meta name=\"twitter:site\" content=\"@Kalajoki\" \/>\n<script type=\"application\/ld+json\" class=\"yoast-schema-graph\">{\"@context\":\"https:\/\/schema.org\",\"@graph\":[{\"@type\":\"WebPage\",\"@id\":\"https:\/\/visitkalajoki.fi\/sv\/koppla-av\/voimaa-luonnosta-hyvinvointia-perinteista\/\",\"url\":\"https:\/\/visitkalajoki.fi\/sv\/koppla-av\/voimaa-luonnosta-hyvinvointia-perinteista\/\",\"name\":\"Styrka fr\u00e5n naturen, v\u00e4lbefinnande fr\u00e5n tradition - Visit Kalajoki\",\"isPartOf\":{\"@id\":\"https:\/\/visitkalajoki.fi\/sv\/#website\"},\"datePublished\":\"2022-07-18T05:58:14+00:00\",\"dateModified\":\"2023-01-03T08:34:36+00:00\",\"description\":\"Hierontaa, j\u00e4senkorjausta ja palveluita, jotka tuovat voimaa luonnosta ja perinteist\u00e4\",\"breadcrumb\":{\"@id\":\"https:\/\/visitkalajoki.fi\/sv\/koppla-av\/voimaa-luonnosta-hyvinvointia-perinteista\/#breadcrumb\"},\"inLanguage\":\"sv-SE\",\"potentialAction\":[{\"@type\":\"ReadAction\",\"target\":[\"https:\/\/visitkalajoki.fi\/sv\/koppla-av\/voimaa-luonnosta-hyvinvointia-perinteista\/\"]}]},{\"@type\":\"BreadcrumbList\",\"@id\":\"https:\/\/visitkalajoki.fi\/sv\/koppla-av\/voimaa-luonnosta-hyvinvointia-perinteista\/#breadcrumb\",\"itemListElement\":[{\"@type\":\"ListItem\",\"position\":1,\"name\":\"Koppla av\",\"item\":\"https:\/\/visitkalajoki.fi\/sv\/koppla-av\/\"},{\"@type\":\"ListItem\",\"position\":2,\"name\":\"Styrka fr\u00e5n naturen, v\u00e4lbefinnande fr\u00e5n tradition\"}]},{\"@type\":\"WebSite\",\"@id\":\"https:\/\/visitkalajoki.fi\/sv\/#website\",\"url\":\"https:\/\/visitkalajoki.fi\/sv\/\",\"name\":\"Visit Kalajoki\",\"description\":\"\",\"potentialAction\":[{\"@type\":\"SearchAction\",\"target\":{\"@type\":\"EntryPoint\",\"urlTemplate\":\"https:\/\/visitkalajoki.fi\/sv\/?s={search_term_string}\"},\"query-input\":{\"@type\":\"PropertyValueSpecification\",\"valueRequired\":true,\"valueName\":\"search_term_string\"}}],\"inLanguage\":\"sv-SE\"}]}<\/script>\n<!-- \/ Yoast SEO plugin. -->","yoast_head_json":{"title":"Styrka fr\u00e5n naturen, v\u00e4lbefinnande fr\u00e5n tradition - Visit Kalajoki","description":"Hierontaa, j\u00e4senkorjausta ja palveluita, jotka tuovat voimaa luonnosta ja perinteist\u00e4","robots":{"index":"index","follow":"follow","max-snippet":"max-snippet:-1","max-image-preview":"max-image-preview:large","max-video-preview":"max-video-preview:-1"},"canonical":"https:\/\/visitkalajoki.fi\/sv\/koppla-av\/voimaa-luonnosta-hyvinvointia-perinteista\/","og_locale":"sv_SE","og_type":"article","og_title":"Styrka fr\u00e5n naturen, v\u00e4lbefinnande fr\u00e5n tradition - Visit Kalajoki","og_description":"Hierontaa, j\u00e4senkorjausta ja palveluita, jotka tuovat voimaa luonnosta ja perinteist\u00e4","og_url":"https:\/\/visitkalajoki.fi\/sv\/koppla-av\/voimaa-luonnosta-hyvinvointia-perinteista\/","og_site_name":"Visit Kalajoki","article_publisher":"https:\/\/www.facebook.com\/visitkalajoki","article_modified_time":"2023-01-03T08:34:36+00:00","og_image":[{"width":1920,"height":1080,"url":"https:\/\/visitkalajoki.fi\/wp-content\/uploads\/2019\/10\/visitkalajoki-min.jpg","type":"image\/jpeg"}],"twitter_card":"summary_large_image","twitter_site":"@Kalajoki","schema":{"@context":"https:\/\/schema.org","@graph":[{"@type":"WebPage","@id":"https:\/\/visitkalajoki.fi\/sv\/koppla-av\/voimaa-luonnosta-hyvinvointia-perinteista\/","url":"https:\/\/visitkalajoki.fi\/sv\/koppla-av\/voimaa-luonnosta-hyvinvointia-perinteista\/","name":"Styrka fr\u00e5n naturen, v\u00e4lbefinnande fr\u00e5n tradition - Visit Kalajoki","isPartOf":{"@id":"https:\/\/visitkalajoki.fi\/sv\/#website"},"datePublished":"2022-07-18T05:58:14+00:00","dateModified":"2023-01-03T08:34:36+00:00","description":"Hierontaa, j\u00e4senkorjausta ja palveluita, jotka tuovat voimaa luonnosta ja perinteist\u00e4","breadcrumb":{"@id":"https:\/\/visitkalajoki.fi\/sv\/koppla-av\/voimaa-luonnosta-hyvinvointia-perinteista\/#breadcrumb"},"inLanguage":"sv-SE","potentialAction":[{"@type":"ReadAction","target":["https:\/\/visitkalajoki.fi\/sv\/koppla-av\/voimaa-luonnosta-hyvinvointia-perinteista\/"]}]},{"@type":"BreadcrumbList","@id":"https:\/\/visitkalajoki.fi\/sv\/koppla-av\/voimaa-luonnosta-hyvinvointia-perinteista\/#breadcrumb","itemListElement":[{"@type":"ListItem","position":1,"name":"Koppla av","item":"https:\/\/visitkalajoki.fi\/sv\/koppla-av\/"},{"@type":"ListItem","position":2,"name":"Styrka fr\u00e5n naturen, v\u00e4lbefinnande fr\u00e5n tradition"}]},{"@type":"WebSite","@id":"https:\/\/visitkalajoki.fi\/sv\/#website","url":"https:\/\/visitkalajoki.fi\/sv\/","name":"Visit Kalajoki","description":"","potentialAction":[{"@type":"SearchAction","target":{"@type":"EntryPoint","urlTemplate":"https:\/\/visitkalajoki.fi\/sv\/?s={search_term_string}"},"query-input":{"@type":"PropertyValueSpecification","valueRequired":true,"valueName":"search_term_string"}}],"inLanguage":"sv-SE"}]}},"_links":{"self":[{"href":"https:\/\/visitkalajoki.fi\/sv\/wp-json\/wp\/v2\/pages\/28378","targetHints":{"allow":["GET"]}}],"collection":[{"href":"https:\/\/visitkalajoki.fi\/sv\/wp-json\/wp\/v2\/pages"}],"about":[{"href":"https:\/\/visitkalajoki.fi\/sv\/wp-json\/wp\/v2\/types\/page"}],"author":[{"embeddable":true,"href":"https:\/\/visitkalajoki.fi\/sv\/wp-json\/wp\/v2\/users\/11"}],"replies":[{"embeddable":true,"href":"https:\/\/visitkalajoki.fi\/sv\/wp-json\/wp\/v2\/comments?post=28378"}],"version-history":[{"count":2,"href":"https:\/\/visitkalajoki.fi\/sv\/wp-json\/wp\/v2\/pages\/28378\/revisions"}],"predecessor-version":[{"id":28382,"href":"https:\/\/visitkalajoki.fi\/sv\/wp-json\/wp\/v2\/pages\/28378\/revisions\/28382"}],"up":[{"embeddable":true,"href":"https:\/\/visitkalajoki.fi\/sv\/wp-json\/wp\/v2\/pages\/8191"}],"wp:attachment":[{"href":"https:\/\/visitkalajoki.fi\/sv\/wp-json\/wp\/v2\/media?parent=28378"}],"curies":[{"name":"wp","href":"https:\/\/api.w.org\/{rel}","templated":true}]}}