{"id":29075,"date":"2021-05-27T13:40:36","date_gmt":"2021-05-27T10:40:36","guid":{"rendered":"https:\/\/visitkalajoki.fi\/shoppa\/kohtaamispaikka-loisto\/"},"modified":"2024-09-02T08:56:47","modified_gmt":"2024-09-02T05:56:47","slug":"kohtaamispaikka-loisto","status":"publish","type":"page","link":"https:\/\/visitkalajoki.fi\/sv\/shoppa\/kohtaamispaikka-loisto\/","title":{"rendered":"Kohtaamispaikka Loisto"},"content":{"rendered":"","protected":false},"excerpt":{"rendered":"","protected":false},"author":11,"featured_media":23245,"parent":8209,"menu_order":0,"comment_status":"closed","ping_status":"closed","template":"","meta":{"_acf_changed":false,"footnotes":""},"class_list":["post-29075","page","type-page","status-publish","has-post-thumbnail","hentry"],"acf":[],"yoast_head":"<!-- This site is optimized with the Yoast SEO plugin v27.4 - https:\/\/yoast.com\/product\/yoast-seo-wordpress\/ -->\n<title>Kohtaamispaikka Loisto - Visit Kalajoki<\/title>\n<meta name=\"description\" content=\"Loisto on viihtyis\u00e4 ostoskyl\u00e4 Hiekkas\u00e4rkill\u00e4 8-tien varrella. Loistossa toimivat mm. Kotipizzaa ja Rollsin herkkuja tarjoileva Raitin Ravintola, SuperPark ja Kiinteist\u00f6maailma.\" \/>\n<meta name=\"robots\" content=\"index, follow, max-snippet:-1, max-image-preview:large, max-video-preview:-1\" \/>\n<link rel=\"canonical\" href=\"https:\/\/visitkalajoki.fi\/sv\/shoppa\/kohtaamispaikka-loisto\/\" \/>\n<meta property=\"og:locale\" content=\"sv_SE\" \/>\n<meta property=\"og:type\" content=\"article\" \/>\n<meta property=\"og:title\" content=\"Kohtaamispaikka Loisto - Visit Kalajoki\" \/>\n<meta property=\"og:description\" content=\"Loisto on viihtyis\u00e4 ostoskyl\u00e4 Hiekkas\u00e4rkill\u00e4 8-tien varrella. Loistossa toimivat mm. Kotipizzaa ja Rollsin herkkuja tarjoileva Raitin Ravintola, SuperPark ja Kiinteist\u00f6maailma.\" \/>\n<meta property=\"og:url\" content=\"https:\/\/visitkalajoki.fi\/sv\/shoppa\/kohtaamispaikka-loisto\/\" \/>\n<meta property=\"og:site_name\" content=\"Visit Kalajoki\" \/>\n<meta property=\"article:publisher\" content=\"https:\/\/www.facebook.com\/visitkalajoki\" \/>\n<meta property=\"article:modified_time\" content=\"2024-09-02T05:56:47+00:00\" \/>\n<meta property=\"og:image\" content=\"https:\/\/visitkalajoki.fi\/wp-content\/uploads\/2021\/05\/Loisto-1.jpg\" \/>\n\t<meta property=\"og:image:width\" content=\"2048\" \/>\n\t<meta property=\"og:image:height\" content=\"913\" \/>\n\t<meta property=\"og:image:type\" content=\"image\/jpeg\" \/>\n<meta name=\"twitter:card\" content=\"summary_large_image\" \/>\n<meta name=\"twitter:site\" content=\"@Kalajoki\" \/>\n<meta name=\"twitter:label1\" content=\"Ber\u00e4knad l\u00e4stid\" \/>\n\t<meta name=\"twitter:data1\" content=\"1 minut\" \/>\n<script type=\"application\/ld+json\" class=\"yoast-schema-graph\">{\"@context\":\"https:\\\/\\\/schema.org\",\"@graph\":[{\"@type\":\"WebPage\",\"@id\":\"https:\\\/\\\/visitkalajoki.fi\\\/sv\\\/shoppa\\\/kohtaamispaikka-loisto\\\/\",\"url\":\"https:\\\/\\\/visitkalajoki.fi\\\/sv\\\/shoppa\\\/kohtaamispaikka-loisto\\\/\",\"name\":\"Kohtaamispaikka Loisto - Visit Kalajoki\",\"isPartOf\":{\"@id\":\"https:\\\/\\\/visitkalajoki.fi\\\/sv\\\/#website\"},\"primaryImageOfPage\":{\"@id\":\"https:\\\/\\\/visitkalajoki.fi\\\/sv\\\/shoppa\\\/kohtaamispaikka-loisto\\\/#primaryimage\"},\"image\":{\"@id\":\"https:\\\/\\\/visitkalajoki.fi\\\/sv\\\/shoppa\\\/kohtaamispaikka-loisto\\\/#primaryimage\"},\"thumbnailUrl\":\"https:\\\/\\\/visitkalajoki.fi\\\/wp-content\\\/uploads\\\/2021\\\/05\\\/Loisto-1.jpg\",\"datePublished\":\"2021-05-27T10:40:36+00:00\",\"dateModified\":\"2024-09-02T05:56:47+00:00\",\"description\":\"Loisto on viihtyis\u00e4 ostoskyl\u00e4 Hiekkas\u00e4rkill\u00e4 8-tien varrella. Loistossa toimivat mm. Kotipizzaa ja Rollsin herkkuja tarjoileva Raitin Ravintola, SuperPark ja Kiinteist\u00f6maailma.\",\"breadcrumb\":{\"@id\":\"https:\\\/\\\/visitkalajoki.fi\\\/sv\\\/shoppa\\\/kohtaamispaikka-loisto\\\/#breadcrumb\"},\"inLanguage\":\"sv-SE\",\"potentialAction\":[{\"@type\":\"ReadAction\",\"target\":[\"https:\\\/\\\/visitkalajoki.fi\\\/sv\\\/shoppa\\\/kohtaamispaikka-loisto\\\/\"]}]},{\"@type\":\"ImageObject\",\"inLanguage\":\"sv-SE\",\"@id\":\"https:\\\/\\\/visitkalajoki.fi\\\/sv\\\/shoppa\\\/kohtaamispaikka-loisto\\\/#primaryimage\",\"url\":\"https:\\\/\\\/visitkalajoki.fi\\\/wp-content\\\/uploads\\\/2021\\\/05\\\/Loisto-1.jpg\",\"contentUrl\":\"https:\\\/\\\/visitkalajoki.fi\\\/wp-content\\\/uploads\\\/2021\\\/05\\\/Loisto-1.jpg\",\"width\":2048,\"height\":913,\"caption\":\"Kohtaamispaikka Hiekkas\u00e4rkkien Loisto\"},{\"@type\":\"BreadcrumbList\",\"@id\":\"https:\\\/\\\/visitkalajoki.fi\\\/sv\\\/shoppa\\\/kohtaamispaikka-loisto\\\/#breadcrumb\",\"itemListElement\":[{\"@type\":\"ListItem\",\"position\":1,\"name\":\"Shoppa\",\"item\":\"https:\\\/\\\/visitkalajoki.fi\\\/sv\\\/shoppa\\\/\"},{\"@type\":\"ListItem\",\"position\":2,\"name\":\"Kohtaamispaikka Loisto\"}]},{\"@type\":\"WebSite\",\"@id\":\"https:\\\/\\\/visitkalajoki.fi\\\/sv\\\/#website\",\"url\":\"https:\\\/\\\/visitkalajoki.fi\\\/sv\\\/\",\"name\":\"Visit Kalajoki\",\"description\":\"\",\"potentialAction\":[{\"@type\":\"SearchAction\",\"target\":{\"@type\":\"EntryPoint\",\"urlTemplate\":\"https:\\\/\\\/visitkalajoki.fi\\\/sv\\\/?s={search_term_string}\"},\"query-input\":{\"@type\":\"PropertyValueSpecification\",\"valueRequired\":true,\"valueName\":\"search_term_string\"}}],\"inLanguage\":\"sv-SE\"}]}<\/script>\n<!-- \/ Yoast SEO plugin. -->","yoast_head_json":{"title":"Kohtaamispaikka Loisto - Visit Kalajoki","description":"Loisto on viihtyis\u00e4 ostoskyl\u00e4 Hiekkas\u00e4rkill\u00e4 8-tien varrella. Loistossa toimivat mm. Kotipizzaa ja Rollsin herkkuja tarjoileva Raitin Ravintola, SuperPark ja Kiinteist\u00f6maailma.","robots":{"index":"index","follow":"follow","max-snippet":"max-snippet:-1","max-image-preview":"max-image-preview:large","max-video-preview":"max-video-preview:-1"},"canonical":"https:\/\/visitkalajoki.fi\/sv\/shoppa\/kohtaamispaikka-loisto\/","og_locale":"sv_SE","og_type":"article","og_title":"Kohtaamispaikka Loisto - Visit Kalajoki","og_description":"Loisto on viihtyis\u00e4 ostoskyl\u00e4 Hiekkas\u00e4rkill\u00e4 8-tien varrella. Loistossa toimivat mm. Kotipizzaa ja Rollsin herkkuja tarjoileva Raitin Ravintola, SuperPark ja Kiinteist\u00f6maailma.","og_url":"https:\/\/visitkalajoki.fi\/sv\/shoppa\/kohtaamispaikka-loisto\/","og_site_name":"Visit Kalajoki","article_publisher":"https:\/\/www.facebook.com\/visitkalajoki","article_modified_time":"2024-09-02T05:56:47+00:00","og_image":[{"width":2048,"height":913,"url":"https:\/\/visitkalajoki.fi\/wp-content\/uploads\/2021\/05\/Loisto-1.jpg","type":"image\/jpeg"}],"twitter_card":"summary_large_image","twitter_site":"@Kalajoki","twitter_misc":{"Ber\u00e4knad l\u00e4stid":"1 minut"},"schema":{"@context":"https:\/\/schema.org","@graph":[{"@type":"WebPage","@id":"https:\/\/visitkalajoki.fi\/sv\/shoppa\/kohtaamispaikka-loisto\/","url":"https:\/\/visitkalajoki.fi\/sv\/shoppa\/kohtaamispaikka-loisto\/","name":"Kohtaamispaikka Loisto - Visit Kalajoki","isPartOf":{"@id":"https:\/\/visitkalajoki.fi\/sv\/#website"},"primaryImageOfPage":{"@id":"https:\/\/visitkalajoki.fi\/sv\/shoppa\/kohtaamispaikka-loisto\/#primaryimage"},"image":{"@id":"https:\/\/visitkalajoki.fi\/sv\/shoppa\/kohtaamispaikka-loisto\/#primaryimage"},"thumbnailUrl":"https:\/\/visitkalajoki.fi\/wp-content\/uploads\/2021\/05\/Loisto-1.jpg","datePublished":"2021-05-27T10:40:36+00:00","dateModified":"2024-09-02T05:56:47+00:00","description":"Loisto on viihtyis\u00e4 ostoskyl\u00e4 Hiekkas\u00e4rkill\u00e4 8-tien varrella. Loistossa toimivat mm. Kotipizzaa ja Rollsin herkkuja tarjoileva Raitin Ravintola, SuperPark ja Kiinteist\u00f6maailma.","breadcrumb":{"@id":"https:\/\/visitkalajoki.fi\/sv\/shoppa\/kohtaamispaikka-loisto\/#breadcrumb"},"inLanguage":"sv-SE","potentialAction":[{"@type":"ReadAction","target":["https:\/\/visitkalajoki.fi\/sv\/shoppa\/kohtaamispaikka-loisto\/"]}]},{"@type":"ImageObject","inLanguage":"sv-SE","@id":"https:\/\/visitkalajoki.fi\/sv\/shoppa\/kohtaamispaikka-loisto\/#primaryimage","url":"https:\/\/visitkalajoki.fi\/wp-content\/uploads\/2021\/05\/Loisto-1.jpg","contentUrl":"https:\/\/visitkalajoki.fi\/wp-content\/uploads\/2021\/05\/Loisto-1.jpg","width":2048,"height":913,"caption":"Kohtaamispaikka Hiekkas\u00e4rkkien Loisto"},{"@type":"BreadcrumbList","@id":"https:\/\/visitkalajoki.fi\/sv\/shoppa\/kohtaamispaikka-loisto\/#breadcrumb","itemListElement":[{"@type":"ListItem","position":1,"name":"Shoppa","item":"https:\/\/visitkalajoki.fi\/sv\/shoppa\/"},{"@type":"ListItem","position":2,"name":"Kohtaamispaikka Loisto"}]},{"@type":"WebSite","@id":"https:\/\/visitkalajoki.fi\/sv\/#website","url":"https:\/\/visitkalajoki.fi\/sv\/","name":"Visit Kalajoki","description":"","potentialAction":[{"@type":"SearchAction","target":{"@type":"EntryPoint","urlTemplate":"https:\/\/visitkalajoki.fi\/sv\/?s={search_term_string}"},"query-input":{"@type":"PropertyValueSpecification","valueRequired":true,"valueName":"search_term_string"}}],"inLanguage":"sv-SE"}]}},"_links":{"self":[{"href":"https:\/\/visitkalajoki.fi\/sv\/wp-json\/wp\/v2\/pages\/29075","targetHints":{"allow":["GET"]}}],"collection":[{"href":"https:\/\/visitkalajoki.fi\/sv\/wp-json\/wp\/v2\/pages"}],"about":[{"href":"https:\/\/visitkalajoki.fi\/sv\/wp-json\/wp\/v2\/types\/page"}],"author":[{"embeddable":true,"href":"https:\/\/visitkalajoki.fi\/sv\/wp-json\/wp\/v2\/users\/11"}],"replies":[{"embeddable":true,"href":"https:\/\/visitkalajoki.fi\/sv\/wp-json\/wp\/v2\/comments?post=29075"}],"version-history":[{"count":3,"href":"https:\/\/visitkalajoki.fi\/sv\/wp-json\/wp\/v2\/pages\/29075\/revisions"}],"predecessor-version":[{"id":31523,"href":"https:\/\/visitkalajoki.fi\/sv\/wp-json\/wp\/v2\/pages\/29075\/revisions\/31523"}],"up":[{"embeddable":true,"href":"https:\/\/visitkalajoki.fi\/sv\/wp-json\/wp\/v2\/pages\/8209"}],"wp:featuredmedia":[{"embeddable":true,"href":"https:\/\/visitkalajoki.fi\/sv\/wp-json\/wp\/v2\/media\/23245"}],"wp:attachment":[{"href":"https:\/\/visitkalajoki.fi\/sv\/wp-json\/wp\/v2\/media?parent=29075"}],"curies":[{"name":"wp","href":"https:\/\/api.w.org\/{rel}","templated":true}]}}