{"id":7658,"date":"2019-02-06T07:56:56","date_gmt":"2019-02-06T07:56:56","guid":{"rendered":"http:\/\/ntrnz.com\/asiakas\/visitkalajoki2019\/etusivu\/"},"modified":"2026-03-18T13:45:43","modified_gmt":"2026-03-18T11:45:43","slug":"etusivu","status":"publish","type":"page","link":"https:\/\/visitkalajoki.fi\/sv\/","title":{"rendered":"Upplev Kalajoki"},"content":{"rendered":"","protected":false},"excerpt":{"rendered":"","protected":false},"author":20,"featured_media":32781,"parent":0,"menu_order":1,"comment_status":"closed","ping_status":"closed","template":"page-templates\/front.php","meta":{"_acf_changed":false,"footnotes":""},"class_list":["post-7658","page","type-page","status-publish","has-post-thumbnail","hentry"],"acf":[],"yoast_head":"<!-- This site is optimized with the Yoast SEO plugin v27.4 - https:\/\/yoast.com\/product\/yoast-seo-wordpress\/ -->\n<title>Semester med familjen | Dr\u00f6msemester i Kalajoki | Kalajokis sanddyner kallar<\/title>\n<meta name=\"description\" content=\"Boka en of\u00f6rgl\u00f6mlig semester hos Kalajoen Hiekkas\u00e4rk\u00e4t! Kalajoki f\u00f6rtrollar med sina havslandskap, upplevelser och avslappnat strandliv.\" \/>\n<meta name=\"robots\" content=\"index, follow, max-snippet:-1, max-image-preview:large, max-video-preview:-1\" \/>\n<link rel=\"canonical\" href=\"https:\/\/visitkalajoki.fi\/sv\/\" \/>\n<meta property=\"og:locale\" content=\"sv_SE\" \/>\n<meta property=\"og:type\" content=\"article\" \/>\n<meta property=\"og:title\" content=\"Semester med familjen | Dr\u00f6msemester i Kalajoki | Kalajokis sanddyner kallar\" \/>\n<meta property=\"og:description\" content=\"Boka en of\u00f6rgl\u00f6mlig semester hos Kalajoen Hiekkas\u00e4rk\u00e4t! Kalajoki f\u00f6rtrollar med sina havslandskap, upplevelser och avslappnat strandliv.\" \/>\n<meta property=\"og:url\" content=\"https:\/\/visitkalajoki.fi\/sv\/\" \/>\n<meta property=\"og:site_name\" content=\"Visit Kalajoki\" \/>\n<meta property=\"article:publisher\" content=\"https:\/\/www.facebook.com\/visitkalajoki\" \/>\n<meta property=\"article:modified_time\" content=\"2026-03-18T11:45:43+00:00\" \/>\n<meta property=\"og:image\" content=\"https:\/\/visitkalajoki.fi\/wp-content\/uploads\/2025\/04\/etusivu.jpg\" \/>\n\t<meta property=\"og:image:width\" content=\"1920\" \/>\n\t<meta property=\"og:image:height\" content=\"750\" \/>\n\t<meta property=\"og:image:type\" content=\"image\/jpeg\" \/>\n<meta name=\"twitter:card\" content=\"summary_large_image\" \/>\n<meta name=\"twitter:site\" content=\"@Kalajoki\" \/>\n<meta name=\"twitter:label1\" content=\"Ber\u00e4knad l\u00e4stid\" \/>\n\t<meta name=\"twitter:data1\" content=\"4 minuter\" \/>\n<script type=\"application\/ld+json\" class=\"yoast-schema-graph\">{\"@context\":\"https:\\\/\\\/schema.org\",\"@graph\":[{\"@type\":\"WebPage\",\"@id\":\"https:\\\/\\\/visitkalajoki.fi\\\/sv\\\/\",\"url\":\"https:\\\/\\\/visitkalajoki.fi\\\/sv\\\/\",\"name\":\"Semester med familjen | Dr\u00f6msemester i Kalajoki | Kalajokis sanddyner kallar\",\"isPartOf\":{\"@id\":\"https:\\\/\\\/visitkalajoki.fi\\\/sv\\\/#website\"},\"primaryImageOfPage\":{\"@id\":\"https:\\\/\\\/visitkalajoki.fi\\\/sv\\\/#primaryimage\"},\"image\":{\"@id\":\"https:\\\/\\\/visitkalajoki.fi\\\/sv\\\/#primaryimage\"},\"thumbnailUrl\":\"https:\\\/\\\/visitkalajoki.fi\\\/wp-content\\\/uploads\\\/2025\\\/04\\\/etusivu.jpg\",\"datePublished\":\"2019-02-06T07:56:56+00:00\",\"dateModified\":\"2026-03-18T11:45:43+00:00\",\"description\":\"Boka en of\u00f6rgl\u00f6mlig semester hos Kalajoen Hiekkas\u00e4rk\u00e4t! Kalajoki f\u00f6rtrollar med sina havslandskap, upplevelser och avslappnat strandliv.\",\"inLanguage\":\"sv-SE\",\"potentialAction\":[{\"@type\":\"ReadAction\",\"target\":[\"https:\\\/\\\/visitkalajoki.fi\\\/sv\\\/\"]}]},{\"@type\":\"ImageObject\",\"inLanguage\":\"sv-SE\",\"@id\":\"https:\\\/\\\/visitkalajoki.fi\\\/sv\\\/#primaryimage\",\"url\":\"https:\\\/\\\/visitkalajoki.fi\\\/wp-content\\\/uploads\\\/2025\\\/04\\\/etusivu.jpg\",\"contentUrl\":\"https:\\\/\\\/visitkalajoki.fi\\\/wp-content\\\/uploads\\\/2025\\\/04\\\/etusivu.jpg\",\"width\":1920,\"height\":750,\"caption\":\"Majoitu Kalajoen hiekkas\u00e4rkill\u00e4\"},{\"@type\":\"WebSite\",\"@id\":\"https:\\\/\\\/visitkalajoki.fi\\\/sv\\\/#website\",\"url\":\"https:\\\/\\\/visitkalajoki.fi\\\/sv\\\/\",\"name\":\"Visit Kalajoki\",\"description\":\"\",\"potentialAction\":[{\"@type\":\"SearchAction\",\"target\":{\"@type\":\"EntryPoint\",\"urlTemplate\":\"https:\\\/\\\/visitkalajoki.fi\\\/sv\\\/?s={search_term_string}\"},\"query-input\":{\"@type\":\"PropertyValueSpecification\",\"valueRequired\":true,\"valueName\":\"search_term_string\"}}],\"inLanguage\":\"sv-SE\"}]}<\/script>\n<!-- \/ Yoast SEO plugin. -->","yoast_head_json":{"title":"Semester med familjen | Dr\u00f6msemester i Kalajoki | Kalajokis sanddyner kallar","description":"Boka en of\u00f6rgl\u00f6mlig semester hos Kalajoen Hiekkas\u00e4rk\u00e4t! Kalajoki f\u00f6rtrollar med sina havslandskap, upplevelser och avslappnat strandliv.","robots":{"index":"index","follow":"follow","max-snippet":"max-snippet:-1","max-image-preview":"max-image-preview:large","max-video-preview":"max-video-preview:-1"},"canonical":"https:\/\/visitkalajoki.fi\/sv\/","og_locale":"sv_SE","og_type":"article","og_title":"Semester med familjen | Dr\u00f6msemester i Kalajoki | Kalajokis sanddyner kallar","og_description":"Boka en of\u00f6rgl\u00f6mlig semester hos Kalajoen Hiekkas\u00e4rk\u00e4t! Kalajoki f\u00f6rtrollar med sina havslandskap, upplevelser och avslappnat strandliv.","og_url":"https:\/\/visitkalajoki.fi\/sv\/","og_site_name":"Visit Kalajoki","article_publisher":"https:\/\/www.facebook.com\/visitkalajoki","article_modified_time":"2026-03-18T11:45:43+00:00","og_image":[{"width":1920,"height":750,"url":"https:\/\/visitkalajoki.fi\/wp-content\/uploads\/2025\/04\/etusivu.jpg","type":"image\/jpeg"}],"twitter_card":"summary_large_image","twitter_site":"@Kalajoki","twitter_misc":{"Ber\u00e4knad l\u00e4stid":"4 minuter"},"schema":{"@context":"https:\/\/schema.org","@graph":[{"@type":"WebPage","@id":"https:\/\/visitkalajoki.fi\/sv\/","url":"https:\/\/visitkalajoki.fi\/sv\/","name":"Semester med familjen | Dr\u00f6msemester i Kalajoki | Kalajokis sanddyner kallar","isPartOf":{"@id":"https:\/\/visitkalajoki.fi\/sv\/#website"},"primaryImageOfPage":{"@id":"https:\/\/visitkalajoki.fi\/sv\/#primaryimage"},"image":{"@id":"https:\/\/visitkalajoki.fi\/sv\/#primaryimage"},"thumbnailUrl":"https:\/\/visitkalajoki.fi\/wp-content\/uploads\/2025\/04\/etusivu.jpg","datePublished":"2019-02-06T07:56:56+00:00","dateModified":"2026-03-18T11:45:43+00:00","description":"Boka en of\u00f6rgl\u00f6mlig semester hos Kalajoen Hiekkas\u00e4rk\u00e4t! Kalajoki f\u00f6rtrollar med sina havslandskap, upplevelser och avslappnat strandliv.","inLanguage":"sv-SE","potentialAction":[{"@type":"ReadAction","target":["https:\/\/visitkalajoki.fi\/sv\/"]}]},{"@type":"ImageObject","inLanguage":"sv-SE","@id":"https:\/\/visitkalajoki.fi\/sv\/#primaryimage","url":"https:\/\/visitkalajoki.fi\/wp-content\/uploads\/2025\/04\/etusivu.jpg","contentUrl":"https:\/\/visitkalajoki.fi\/wp-content\/uploads\/2025\/04\/etusivu.jpg","width":1920,"height":750,"caption":"Majoitu Kalajoen hiekkas\u00e4rkill\u00e4"},{"@type":"WebSite","@id":"https:\/\/visitkalajoki.fi\/sv\/#website","url":"https:\/\/visitkalajoki.fi\/sv\/","name":"Visit Kalajoki","description":"","potentialAction":[{"@type":"SearchAction","target":{"@type":"EntryPoint","urlTemplate":"https:\/\/visitkalajoki.fi\/sv\/?s={search_term_string}"},"query-input":{"@type":"PropertyValueSpecification","valueRequired":true,"valueName":"search_term_string"}}],"inLanguage":"sv-SE"}]}},"_links":{"self":[{"href":"https:\/\/visitkalajoki.fi\/sv\/wp-json\/wp\/v2\/pages\/7658","targetHints":{"allow":["GET"]}}],"collection":[{"href":"https:\/\/visitkalajoki.fi\/sv\/wp-json\/wp\/v2\/pages"}],"about":[{"href":"https:\/\/visitkalajoki.fi\/sv\/wp-json\/wp\/v2\/types\/page"}],"author":[{"embeddable":true,"href":"https:\/\/visitkalajoki.fi\/sv\/wp-json\/wp\/v2\/users\/20"}],"replies":[{"embeddable":true,"href":"https:\/\/visitkalajoki.fi\/sv\/wp-json\/wp\/v2\/comments?post=7658"}],"version-history":[{"count":94,"href":"https:\/\/visitkalajoki.fi\/sv\/wp-json\/wp\/v2\/pages\/7658\/revisions"}],"predecessor-version":[{"id":34382,"href":"https:\/\/visitkalajoki.fi\/sv\/wp-json\/wp\/v2\/pages\/7658\/revisions\/34382"}],"wp:featuredmedia":[{"embeddable":true,"href":"https:\/\/visitkalajoki.fi\/sv\/wp-json\/wp\/v2\/media\/32781"}],"wp:attachment":[{"href":"https:\/\/visitkalajoki.fi\/sv\/wp-json\/wp\/v2\/media?parent=7658"}],"curies":[{"name":"wp","href":"https:\/\/api.w.org\/{rel}","templated":true}]}}