{"id":7823,"date":"2019-04-03T08:20:02","date_gmt":"2019-04-03T08:20:02","guid":{"rendered":"http:\/\/ntrnz.com\/asiakas\/visitkalajoki2019\/aktivera-dig\/inne\/superpark-kalajoki\/"},"modified":"2021-04-23T11:13:34","modified_gmt":"2021-04-23T08:13:34","slug":"superpark-kalajoki","status":"publish","type":"page","link":"https:\/\/visitkalajoki.fi\/sv\/aktivera-dig\/inne\/superpark-kalajoki\/","title":{"rendered":"SuperPark Kalajoki"},"content":{"rendered":"","protected":false},"excerpt":{"rendered":"","protected":false},"author":20,"featured_media":25246,"parent":7793,"menu_order":0,"comment_status":"closed","ping_status":"closed","template":"","meta":{"_acf_changed":false,"footnotes":""},"class_list":["post-7823","page","type-page","status-publish","has-post-thumbnail","hentry"],"acf":[],"yoast_head":"<!-- This site is optimized with the Yoast SEO plugin v27.2 - https:\/\/yoast.com\/product\/yoast-seo-wordpress\/ -->\n<title>SuperPark Kalajoki - Visit Kalajoki<\/title>\n<meta name=\"description\" content=\"SuperPark Kalajoki erbjuder r\u00f6relsegl\u00e4dje f\u00f6r alla \u00e5ldrar! \u00c4ventyr, spel och freestyle ute och inne. SuperPark \u00e4r \u00f6ppet \u00e5ret runt.\" \/>\n<meta name=\"robots\" content=\"index, follow, max-snippet:-1, max-image-preview:large, max-video-preview:-1\" \/>\n<link rel=\"canonical\" href=\"https:\/\/visitkalajoki.fi\/sv\/aktivera-dig\/inne\/superpark-kalajoki\/\" \/>\n<meta property=\"og:locale\" content=\"sv_SE\" \/>\n<meta property=\"og:type\" content=\"article\" \/>\n<meta property=\"og:title\" content=\"SuperPark Kalajoki - Visit Kalajoki\" \/>\n<meta property=\"og:description\" content=\"SuperPark Kalajoki erbjuder r\u00f6relsegl\u00e4dje f\u00f6r alla \u00e5ldrar! \u00c4ventyr, spel och freestyle ute och inne. SuperPark \u00e4r \u00f6ppet \u00e5ret runt.\" \/>\n<meta property=\"og:url\" content=\"https:\/\/visitkalajoki.fi\/sv\/aktivera-dig\/inne\/superpark-kalajoki\/\" \/>\n<meta property=\"og:site_name\" content=\"Visit Kalajoki\" \/>\n<meta property=\"article:publisher\" content=\"https:\/\/www.facebook.com\/visitkalajoki\" \/>\n<meta property=\"article:modified_time\" content=\"2021-04-23T08:13:34+00:00\" \/>\n<meta property=\"og:image\" content=\"https:\/\/visitkalajoki.fi\/wp-content\/uploads\/2021\/10\/SuperPark-iWall.jpg\" \/>\n\t<meta property=\"og:image:width\" content=\"1920\" \/>\n\t<meta property=\"og:image:height\" content=\"716\" \/>\n\t<meta property=\"og:image:type\" content=\"image\/jpeg\" \/>\n<meta name=\"twitter:card\" content=\"summary_large_image\" \/>\n<meta name=\"twitter:site\" content=\"@Kalajoki\" \/>\n<script type=\"application\/ld+json\" class=\"yoast-schema-graph\">{\"@context\":\"https:\/\/schema.org\",\"@graph\":[{\"@type\":\"WebPage\",\"@id\":\"https:\/\/visitkalajoki.fi\/sv\/aktivera-dig\/inne\/superpark-kalajoki\/\",\"url\":\"https:\/\/visitkalajoki.fi\/sv\/aktivera-dig\/inne\/superpark-kalajoki\/\",\"name\":\"SuperPark Kalajoki - Visit Kalajoki\",\"isPartOf\":{\"@id\":\"https:\/\/visitkalajoki.fi\/sv\/#website\"},\"primaryImageOfPage\":{\"@id\":\"https:\/\/visitkalajoki.fi\/sv\/aktivera-dig\/inne\/superpark-kalajoki\/#primaryimage\"},\"image\":{\"@id\":\"https:\/\/visitkalajoki.fi\/sv\/aktivera-dig\/inne\/superpark-kalajoki\/#primaryimage\"},\"thumbnailUrl\":\"https:\/\/visitkalajoki.fi\/wp-content\/uploads\/2021\/10\/SuperPark-iWall.jpg\",\"datePublished\":\"2019-04-03T08:20:02+00:00\",\"dateModified\":\"2021-04-23T08:13:34+00:00\",\"description\":\"SuperPark Kalajoki erbjuder r\u00f6relsegl\u00e4dje f\u00f6r alla \u00e5ldrar! \u00c4ventyr, spel och freestyle ute och inne. SuperPark \u00e4r \u00f6ppet \u00e5ret runt.\",\"breadcrumb\":{\"@id\":\"https:\/\/visitkalajoki.fi\/sv\/aktivera-dig\/inne\/superpark-kalajoki\/#breadcrumb\"},\"inLanguage\":\"sv-SE\",\"potentialAction\":[{\"@type\":\"ReadAction\",\"target\":[\"https:\/\/visitkalajoki.fi\/sv\/aktivera-dig\/inne\/superpark-kalajoki\/\"]}]},{\"@type\":\"ImageObject\",\"inLanguage\":\"sv-SE\",\"@id\":\"https:\/\/visitkalajoki.fi\/sv\/aktivera-dig\/inne\/superpark-kalajoki\/#primaryimage\",\"url\":\"https:\/\/visitkalajoki.fi\/wp-content\/uploads\/2021\/10\/SuperPark-iWall.jpg\",\"contentUrl\":\"https:\/\/visitkalajoki.fi\/wp-content\/uploads\/2021\/10\/SuperPark-iWall.jpg\",\"width\":1920,\"height\":716,\"caption\":\"Aktivoidu SuperParkissa Kalajoella\"},{\"@type\":\"BreadcrumbList\",\"@id\":\"https:\/\/visitkalajoki.fi\/sv\/aktivera-dig\/inne\/superpark-kalajoki\/#breadcrumb\",\"itemListElement\":[{\"@type\":\"ListItem\",\"position\":1,\"name\":\"Aktivera dig\",\"item\":\"https:\/\/visitkalajoki.fi\/sv\/aktivera-dig\/\"},{\"@type\":\"ListItem\",\"position\":2,\"name\":\"Inne\",\"item\":\"https:\/\/visitkalajoki.fi\/sv\/aktivera-dig\/inne\/\"},{\"@type\":\"ListItem\",\"position\":3,\"name\":\"SuperPark Kalajoki\"}]},{\"@type\":\"WebSite\",\"@id\":\"https:\/\/visitkalajoki.fi\/sv\/#website\",\"url\":\"https:\/\/visitkalajoki.fi\/sv\/\",\"name\":\"Visit Kalajoki\",\"description\":\"\",\"potentialAction\":[{\"@type\":\"SearchAction\",\"target\":{\"@type\":\"EntryPoint\",\"urlTemplate\":\"https:\/\/visitkalajoki.fi\/sv\/?s={search_term_string}\"},\"query-input\":{\"@type\":\"PropertyValueSpecification\",\"valueRequired\":true,\"valueName\":\"search_term_string\"}}],\"inLanguage\":\"sv-SE\"}]}<\/script>\n<!-- \/ Yoast SEO plugin. -->","yoast_head_json":{"title":"SuperPark Kalajoki - Visit Kalajoki","description":"SuperPark Kalajoki erbjuder r\u00f6relsegl\u00e4dje f\u00f6r alla \u00e5ldrar! \u00c4ventyr, spel och freestyle ute och inne. SuperPark \u00e4r \u00f6ppet \u00e5ret runt.","robots":{"index":"index","follow":"follow","max-snippet":"max-snippet:-1","max-image-preview":"max-image-preview:large","max-video-preview":"max-video-preview:-1"},"canonical":"https:\/\/visitkalajoki.fi\/sv\/aktivera-dig\/inne\/superpark-kalajoki\/","og_locale":"sv_SE","og_type":"article","og_title":"SuperPark Kalajoki - Visit Kalajoki","og_description":"SuperPark Kalajoki erbjuder r\u00f6relsegl\u00e4dje f\u00f6r alla \u00e5ldrar! \u00c4ventyr, spel och freestyle ute och inne. SuperPark \u00e4r \u00f6ppet \u00e5ret runt.","og_url":"https:\/\/visitkalajoki.fi\/sv\/aktivera-dig\/inne\/superpark-kalajoki\/","og_site_name":"Visit Kalajoki","article_publisher":"https:\/\/www.facebook.com\/visitkalajoki","article_modified_time":"2021-04-23T08:13:34+00:00","og_image":[{"width":1920,"height":716,"url":"https:\/\/visitkalajoki.fi\/wp-content\/uploads\/2021\/10\/SuperPark-iWall.jpg","type":"image\/jpeg"}],"twitter_card":"summary_large_image","twitter_site":"@Kalajoki","schema":{"@context":"https:\/\/schema.org","@graph":[{"@type":"WebPage","@id":"https:\/\/visitkalajoki.fi\/sv\/aktivera-dig\/inne\/superpark-kalajoki\/","url":"https:\/\/visitkalajoki.fi\/sv\/aktivera-dig\/inne\/superpark-kalajoki\/","name":"SuperPark Kalajoki - Visit Kalajoki","isPartOf":{"@id":"https:\/\/visitkalajoki.fi\/sv\/#website"},"primaryImageOfPage":{"@id":"https:\/\/visitkalajoki.fi\/sv\/aktivera-dig\/inne\/superpark-kalajoki\/#primaryimage"},"image":{"@id":"https:\/\/visitkalajoki.fi\/sv\/aktivera-dig\/inne\/superpark-kalajoki\/#primaryimage"},"thumbnailUrl":"https:\/\/visitkalajoki.fi\/wp-content\/uploads\/2021\/10\/SuperPark-iWall.jpg","datePublished":"2019-04-03T08:20:02+00:00","dateModified":"2021-04-23T08:13:34+00:00","description":"SuperPark Kalajoki erbjuder r\u00f6relsegl\u00e4dje f\u00f6r alla \u00e5ldrar! \u00c4ventyr, spel och freestyle ute och inne. SuperPark \u00e4r \u00f6ppet \u00e5ret runt.","breadcrumb":{"@id":"https:\/\/visitkalajoki.fi\/sv\/aktivera-dig\/inne\/superpark-kalajoki\/#breadcrumb"},"inLanguage":"sv-SE","potentialAction":[{"@type":"ReadAction","target":["https:\/\/visitkalajoki.fi\/sv\/aktivera-dig\/inne\/superpark-kalajoki\/"]}]},{"@type":"ImageObject","inLanguage":"sv-SE","@id":"https:\/\/visitkalajoki.fi\/sv\/aktivera-dig\/inne\/superpark-kalajoki\/#primaryimage","url":"https:\/\/visitkalajoki.fi\/wp-content\/uploads\/2021\/10\/SuperPark-iWall.jpg","contentUrl":"https:\/\/visitkalajoki.fi\/wp-content\/uploads\/2021\/10\/SuperPark-iWall.jpg","width":1920,"height":716,"caption":"Aktivoidu SuperParkissa Kalajoella"},{"@type":"BreadcrumbList","@id":"https:\/\/visitkalajoki.fi\/sv\/aktivera-dig\/inne\/superpark-kalajoki\/#breadcrumb","itemListElement":[{"@type":"ListItem","position":1,"name":"Aktivera dig","item":"https:\/\/visitkalajoki.fi\/sv\/aktivera-dig\/"},{"@type":"ListItem","position":2,"name":"Inne","item":"https:\/\/visitkalajoki.fi\/sv\/aktivera-dig\/inne\/"},{"@type":"ListItem","position":3,"name":"SuperPark Kalajoki"}]},{"@type":"WebSite","@id":"https:\/\/visitkalajoki.fi\/sv\/#website","url":"https:\/\/visitkalajoki.fi\/sv\/","name":"Visit Kalajoki","description":"","potentialAction":[{"@type":"SearchAction","target":{"@type":"EntryPoint","urlTemplate":"https:\/\/visitkalajoki.fi\/sv\/?s={search_term_string}"},"query-input":{"@type":"PropertyValueSpecification","valueRequired":true,"valueName":"search_term_string"}}],"inLanguage":"sv-SE"}]}},"_links":{"self":[{"href":"https:\/\/visitkalajoki.fi\/sv\/wp-json\/wp\/v2\/pages\/7823","targetHints":{"allow":["GET"]}}],"collection":[{"href":"https:\/\/visitkalajoki.fi\/sv\/wp-json\/wp\/v2\/pages"}],"about":[{"href":"https:\/\/visitkalajoki.fi\/sv\/wp-json\/wp\/v2\/types\/page"}],"author":[{"embeddable":true,"href":"https:\/\/visitkalajoki.fi\/sv\/wp-json\/wp\/v2\/users\/20"}],"replies":[{"embeddable":true,"href":"https:\/\/visitkalajoki.fi\/sv\/wp-json\/wp\/v2\/comments?post=7823"}],"version-history":[{"count":3,"href":"https:\/\/visitkalajoki.fi\/sv\/wp-json\/wp\/v2\/pages\/7823\/revisions"}],"predecessor-version":[{"id":22389,"href":"https:\/\/visitkalajoki.fi\/sv\/wp-json\/wp\/v2\/pages\/7823\/revisions\/22389"}],"up":[{"embeddable":true,"href":"https:\/\/visitkalajoki.fi\/sv\/wp-json\/wp\/v2\/pages\/7793"}],"wp:featuredmedia":[{"embeddable":true,"href":"https:\/\/visitkalajoki.fi\/sv\/wp-json\/wp\/v2\/media\/25246"}],"wp:attachment":[{"href":"https:\/\/visitkalajoki.fi\/sv\/wp-json\/wp\/v2\/media?parent=7823"}],"curies":[{"name":"wp","href":"https:\/\/api.w.org\/{rel}","templated":true}]}}