{"id":7850,"date":"2019-04-02T14:00:59","date_gmt":"2019-04-02T14:00:59","guid":{"rendered":"http:\/\/ntrnz.com\/asiakas\/visitkalajoki2019\/aktivera-dig\/ute\/equipment-rental\/"},"modified":"2026-01-07T10:17:16","modified_gmt":"2026-01-07T08:17:16","slug":"utrustningsuthyrning","status":"publish","type":"page","link":"https:\/\/visitkalajoki.fi\/sv\/aktivera-dig\/ute\/utrustningsuthyrning\/","title":{"rendered":"Hyr utrustning &#038; \u00e5kdon"},"content":{"rendered":"","protected":false},"excerpt":{"rendered":"","protected":false},"author":20,"featured_media":33689,"parent":7830,"menu_order":0,"comment_status":"closed","ping_status":"closed","template":"","meta":{"_acf_changed":false,"footnotes":""},"class_list":["post-7850","page","type-page","status-publish","has-post-thumbnail","hentry"],"acf":[],"yoast_head":"<!-- This site is optimized with the Yoast SEO plugin v27.2 - https:\/\/yoast.com\/product\/yoast-seo-wordpress\/ -->\n<title>Hyr utrustning &amp; \u00e5kdon - Visit Kalajoki<\/title>\n<meta name=\"description\" content=\"Hyr en cykel eller en SUP breda, skidor, sn\u00f6skor eller sn\u00f6skoter och upplev naturen i Kalajoki n\u00e4r du vill, \u00e5ret runt!\" \/>\n<meta name=\"robots\" content=\"index, follow, max-snippet:-1, max-image-preview:large, max-video-preview:-1\" \/>\n<link rel=\"canonical\" href=\"https:\/\/visitkalajoki.fi\/sv\/aktivera-dig\/ute\/utrustningsuthyrning\/\" \/>\n<meta property=\"og:locale\" content=\"sv_SE\" \/>\n<meta property=\"og:type\" content=\"article\" \/>\n<meta property=\"og:title\" content=\"Hyr utrustning &amp; \u00e5kdon - Visit Kalajoki\" \/>\n<meta property=\"og:description\" content=\"Hyr en cykel eller en SUP breda, skidor, sn\u00f6skor eller sn\u00f6skoter och upplev naturen i Kalajoki n\u00e4r du vill, \u00e5ret runt!\" \/>\n<meta property=\"og:url\" content=\"https:\/\/visitkalajoki.fi\/sv\/aktivera-dig\/ute\/utrustningsuthyrning\/\" \/>\n<meta property=\"og:site_name\" content=\"Visit Kalajoki\" \/>\n<meta property=\"article:publisher\" content=\"https:\/\/www.facebook.com\/visitkalajoki\" \/>\n<meta property=\"article:modified_time\" content=\"2026-01-07T08:17:16+00:00\" \/>\n<meta property=\"og:image\" content=\"https:\/\/visitkalajoki.fi\/wp-content\/uploads\/2025\/12\/Monitoimireitit-merenjaa-013.jpg\" \/>\n\t<meta property=\"og:image:width\" content=\"1920\" \/>\n\t<meta property=\"og:image:height\" content=\"824\" \/>\n\t<meta property=\"og:image:type\" content=\"image\/jpeg\" \/>\n<meta name=\"twitter:card\" content=\"summary_large_image\" \/>\n<meta name=\"twitter:site\" content=\"@Kalajoki\" \/>\n<meta name=\"twitter:label1\" content=\"Ber\u00e4knad l\u00e4stid\" \/>\n\t<meta name=\"twitter:data1\" content=\"1 minut\" \/>\n<script type=\"application\/ld+json\" class=\"yoast-schema-graph\">{\"@context\":\"https:\/\/schema.org\",\"@graph\":[{\"@type\":\"WebPage\",\"@id\":\"https:\/\/visitkalajoki.fi\/sv\/aktivera-dig\/ute\/utrustningsuthyrning\/\",\"url\":\"https:\/\/visitkalajoki.fi\/sv\/aktivera-dig\/ute\/utrustningsuthyrning\/\",\"name\":\"Hyr utrustning & \u00e5kdon - Visit Kalajoki\",\"isPartOf\":{\"@id\":\"https:\/\/visitkalajoki.fi\/sv\/#website\"},\"primaryImageOfPage\":{\"@id\":\"https:\/\/visitkalajoki.fi\/sv\/aktivera-dig\/ute\/utrustningsuthyrning\/#primaryimage\"},\"image\":{\"@id\":\"https:\/\/visitkalajoki.fi\/sv\/aktivera-dig\/ute\/utrustningsuthyrning\/#primaryimage\"},\"thumbnailUrl\":\"https:\/\/visitkalajoki.fi\/wp-content\/uploads\/2025\/12\/Monitoimireitit-merenjaa-013.jpg\",\"datePublished\":\"2019-04-02T14:00:59+00:00\",\"dateModified\":\"2026-01-07T08:17:16+00:00\",\"description\":\"Hyr en cykel eller en SUP breda, skidor, sn\u00f6skor eller sn\u00f6skoter och upplev naturen i Kalajoki n\u00e4r du vill, \u00e5ret runt!\",\"breadcrumb\":{\"@id\":\"https:\/\/visitkalajoki.fi\/sv\/aktivera-dig\/ute\/utrustningsuthyrning\/#breadcrumb\"},\"inLanguage\":\"sv-SE\",\"potentialAction\":[{\"@type\":\"ReadAction\",\"target\":[\"https:\/\/visitkalajoki.fi\/sv\/aktivera-dig\/ute\/utrustningsuthyrning\/\"]}]},{\"@type\":\"ImageObject\",\"inLanguage\":\"sv-SE\",\"@id\":\"https:\/\/visitkalajoki.fi\/sv\/aktivera-dig\/ute\/utrustningsuthyrning\/#primaryimage\",\"url\":\"https:\/\/visitkalajoki.fi\/wp-content\/uploads\/2025\/12\/Monitoimireitit-merenjaa-013.jpg\",\"contentUrl\":\"https:\/\/visitkalajoki.fi\/wp-content\/uploads\/2025\/12\/Monitoimireitit-merenjaa-013.jpg\",\"width\":1920,\"height\":824,\"caption\":\"Hiiht\u00e4mist\u00e4 ja py\u00f6r\u00e4ily\u00e4 meren j\u00e4\u00e4ll\u00e4\"},{\"@type\":\"BreadcrumbList\",\"@id\":\"https:\/\/visitkalajoki.fi\/sv\/aktivera-dig\/ute\/utrustningsuthyrning\/#breadcrumb\",\"itemListElement\":[{\"@type\":\"ListItem\",\"position\":1,\"name\":\"Aktivera dig\",\"item\":\"https:\/\/visitkalajoki.fi\/sv\/aktivera-dig\/\"},{\"@type\":\"ListItem\",\"position\":2,\"name\":\"Ute\",\"item\":\"https:\/\/visitkalajoki.fi\/sv\/aktivera-dig\/ute\/\"},{\"@type\":\"ListItem\",\"position\":3,\"name\":\"Hyr utrustning &#038; \u00e5kdon\"}]},{\"@type\":\"WebSite\",\"@id\":\"https:\/\/visitkalajoki.fi\/sv\/#website\",\"url\":\"https:\/\/visitkalajoki.fi\/sv\/\",\"name\":\"Visit Kalajoki\",\"description\":\"\",\"potentialAction\":[{\"@type\":\"SearchAction\",\"target\":{\"@type\":\"EntryPoint\",\"urlTemplate\":\"https:\/\/visitkalajoki.fi\/sv\/?s={search_term_string}\"},\"query-input\":{\"@type\":\"PropertyValueSpecification\",\"valueRequired\":true,\"valueName\":\"search_term_string\"}}],\"inLanguage\":\"sv-SE\"}]}<\/script>\n<!-- \/ Yoast SEO plugin. -->","yoast_head_json":{"title":"Hyr utrustning & \u00e5kdon - Visit Kalajoki","description":"Hyr en cykel eller en SUP breda, skidor, sn\u00f6skor eller sn\u00f6skoter och upplev naturen i Kalajoki n\u00e4r du vill, \u00e5ret runt!","robots":{"index":"index","follow":"follow","max-snippet":"max-snippet:-1","max-image-preview":"max-image-preview:large","max-video-preview":"max-video-preview:-1"},"canonical":"https:\/\/visitkalajoki.fi\/sv\/aktivera-dig\/ute\/utrustningsuthyrning\/","og_locale":"sv_SE","og_type":"article","og_title":"Hyr utrustning & \u00e5kdon - Visit Kalajoki","og_description":"Hyr en cykel eller en SUP breda, skidor, sn\u00f6skor eller sn\u00f6skoter och upplev naturen i Kalajoki n\u00e4r du vill, \u00e5ret runt!","og_url":"https:\/\/visitkalajoki.fi\/sv\/aktivera-dig\/ute\/utrustningsuthyrning\/","og_site_name":"Visit Kalajoki","article_publisher":"https:\/\/www.facebook.com\/visitkalajoki","article_modified_time":"2026-01-07T08:17:16+00:00","og_image":[{"width":1920,"height":824,"url":"https:\/\/visitkalajoki.fi\/wp-content\/uploads\/2025\/12\/Monitoimireitit-merenjaa-013.jpg","type":"image\/jpeg"}],"twitter_card":"summary_large_image","twitter_site":"@Kalajoki","twitter_misc":{"Ber\u00e4knad l\u00e4stid":"1 minut"},"schema":{"@context":"https:\/\/schema.org","@graph":[{"@type":"WebPage","@id":"https:\/\/visitkalajoki.fi\/sv\/aktivera-dig\/ute\/utrustningsuthyrning\/","url":"https:\/\/visitkalajoki.fi\/sv\/aktivera-dig\/ute\/utrustningsuthyrning\/","name":"Hyr utrustning & \u00e5kdon - Visit Kalajoki","isPartOf":{"@id":"https:\/\/visitkalajoki.fi\/sv\/#website"},"primaryImageOfPage":{"@id":"https:\/\/visitkalajoki.fi\/sv\/aktivera-dig\/ute\/utrustningsuthyrning\/#primaryimage"},"image":{"@id":"https:\/\/visitkalajoki.fi\/sv\/aktivera-dig\/ute\/utrustningsuthyrning\/#primaryimage"},"thumbnailUrl":"https:\/\/visitkalajoki.fi\/wp-content\/uploads\/2025\/12\/Monitoimireitit-merenjaa-013.jpg","datePublished":"2019-04-02T14:00:59+00:00","dateModified":"2026-01-07T08:17:16+00:00","description":"Hyr en cykel eller en SUP breda, skidor, sn\u00f6skor eller sn\u00f6skoter och upplev naturen i Kalajoki n\u00e4r du vill, \u00e5ret runt!","breadcrumb":{"@id":"https:\/\/visitkalajoki.fi\/sv\/aktivera-dig\/ute\/utrustningsuthyrning\/#breadcrumb"},"inLanguage":"sv-SE","potentialAction":[{"@type":"ReadAction","target":["https:\/\/visitkalajoki.fi\/sv\/aktivera-dig\/ute\/utrustningsuthyrning\/"]}]},{"@type":"ImageObject","inLanguage":"sv-SE","@id":"https:\/\/visitkalajoki.fi\/sv\/aktivera-dig\/ute\/utrustningsuthyrning\/#primaryimage","url":"https:\/\/visitkalajoki.fi\/wp-content\/uploads\/2025\/12\/Monitoimireitit-merenjaa-013.jpg","contentUrl":"https:\/\/visitkalajoki.fi\/wp-content\/uploads\/2025\/12\/Monitoimireitit-merenjaa-013.jpg","width":1920,"height":824,"caption":"Hiiht\u00e4mist\u00e4 ja py\u00f6r\u00e4ily\u00e4 meren j\u00e4\u00e4ll\u00e4"},{"@type":"BreadcrumbList","@id":"https:\/\/visitkalajoki.fi\/sv\/aktivera-dig\/ute\/utrustningsuthyrning\/#breadcrumb","itemListElement":[{"@type":"ListItem","position":1,"name":"Aktivera dig","item":"https:\/\/visitkalajoki.fi\/sv\/aktivera-dig\/"},{"@type":"ListItem","position":2,"name":"Ute","item":"https:\/\/visitkalajoki.fi\/sv\/aktivera-dig\/ute\/"},{"@type":"ListItem","position":3,"name":"Hyr utrustning &#038; \u00e5kdon"}]},{"@type":"WebSite","@id":"https:\/\/visitkalajoki.fi\/sv\/#website","url":"https:\/\/visitkalajoki.fi\/sv\/","name":"Visit Kalajoki","description":"","potentialAction":[{"@type":"SearchAction","target":{"@type":"EntryPoint","urlTemplate":"https:\/\/visitkalajoki.fi\/sv\/?s={search_term_string}"},"query-input":{"@type":"PropertyValueSpecification","valueRequired":true,"valueName":"search_term_string"}}],"inLanguage":"sv-SE"}]}},"_links":{"self":[{"href":"https:\/\/visitkalajoki.fi\/sv\/wp-json\/wp\/v2\/pages\/7850","targetHints":{"allow":["GET"]}}],"collection":[{"href":"https:\/\/visitkalajoki.fi\/sv\/wp-json\/wp\/v2\/pages"}],"about":[{"href":"https:\/\/visitkalajoki.fi\/sv\/wp-json\/wp\/v2\/types\/page"}],"author":[{"embeddable":true,"href":"https:\/\/visitkalajoki.fi\/sv\/wp-json\/wp\/v2\/users\/20"}],"replies":[{"embeddable":true,"href":"https:\/\/visitkalajoki.fi\/sv\/wp-json\/wp\/v2\/comments?post=7850"}],"version-history":[{"count":10,"href":"https:\/\/visitkalajoki.fi\/sv\/wp-json\/wp\/v2\/pages\/7850\/revisions"}],"predecessor-version":[{"id":33806,"href":"https:\/\/visitkalajoki.fi\/sv\/wp-json\/wp\/v2\/pages\/7850\/revisions\/33806"}],"up":[{"embeddable":true,"href":"https:\/\/visitkalajoki.fi\/sv\/wp-json\/wp\/v2\/pages\/7830"}],"wp:featuredmedia":[{"embeddable":true,"href":"https:\/\/visitkalajoki.fi\/sv\/wp-json\/wp\/v2\/media\/33689"}],"wp:attachment":[{"href":"https:\/\/visitkalajoki.fi\/sv\/wp-json\/wp\/v2\/media?parent=7850"}],"curies":[{"name":"wp","href":"https:\/\/api.w.org\/{rel}","templated":true}]}}