{"id":7906,"date":"2019-04-03T07:26:11","date_gmt":"2019-04-03T07:26:11","guid":{"rendered":"http:\/\/ntrnz.com\/asiakas\/visitkalajoki2019\/aktivera-dig\/ute\/programme-services\/"},"modified":"2022-12-29T14:01:04","modified_gmt":"2022-12-29T12:01:04","slug":"programtjanster","status":"publish","type":"page","link":"https:\/\/visitkalajoki.fi\/sv\/aktivera-dig\/ute\/programtjanster\/","title":{"rendered":"Programtj\u00e4nster"},"content":{"rendered":"","protected":false},"excerpt":{"rendered":"","protected":false},"author":20,"featured_media":25323,"parent":7830,"menu_order":0,"comment_status":"closed","ping_status":"closed","template":"","meta":{"_acf_changed":false,"footnotes":""},"class_list":["post-7906","page","type-page","status-publish","has-post-thumbnail","hentry"],"acf":[],"yoast_head":"<!-- This site is optimized with the Yoast SEO plugin v27.2 - https:\/\/yoast.com\/product\/yoast-seo-wordpress\/ -->\n<title>Programtj\u00e4nster - Visit Kalajoki<\/title>\n<meta name=\"description\" content=\"Guidade turer och programtj\u00e4nster i Hiekkas\u00e4rk\u00e4t, Siiponjoki, Maakalla och i Rahja sk\u00e4rg\u00e5rd: SUP-, paddlings- och fisketurer, fatbike-utf\u00e4rder, b\u00e5tturer...\" \/>\n<meta name=\"robots\" content=\"index, follow, max-snippet:-1, max-image-preview:large, max-video-preview:-1\" \/>\n<link rel=\"canonical\" href=\"https:\/\/visitkalajoki.fi\/sv\/aktivera-dig\/ute\/programtjanster\/\" \/>\n<meta property=\"og:locale\" content=\"sv_SE\" \/>\n<meta property=\"og:type\" content=\"article\" \/>\n<meta property=\"og:title\" content=\"Programtj\u00e4nster - Visit Kalajoki\" \/>\n<meta property=\"og:description\" content=\"Guidade turer och programtj\u00e4nster i Hiekkas\u00e4rk\u00e4t, Siiponjoki, Maakalla och i Rahja sk\u00e4rg\u00e5rd: SUP-, paddlings- och fisketurer, fatbike-utf\u00e4rder, b\u00e5tturer...\" \/>\n<meta property=\"og:url\" content=\"https:\/\/visitkalajoki.fi\/sv\/aktivera-dig\/ute\/programtjanster\/\" \/>\n<meta property=\"og:site_name\" content=\"Visit Kalajoki\" \/>\n<meta property=\"article:publisher\" content=\"https:\/\/www.facebook.com\/visitkalajoki\" \/>\n<meta property=\"article:modified_time\" content=\"2022-12-29T12:01:04+00:00\" \/>\n<meta property=\"og:image\" content=\"https:\/\/visitkalajoki.fi\/wp-content\/uploads\/2021\/10\/Vastuullisuus.jpg\" \/>\n\t<meta property=\"og:image:width\" content=\"1920\" \/>\n\t<meta property=\"og:image:height\" content=\"600\" \/>\n\t<meta property=\"og:image:type\" content=\"image\/jpeg\" \/>\n<meta name=\"twitter:card\" content=\"summary_large_image\" \/>\n<meta name=\"twitter:site\" content=\"@Kalajoki\" \/>\n<script type=\"application\/ld+json\" class=\"yoast-schema-graph\">{\"@context\":\"https:\/\/schema.org\",\"@graph\":[{\"@type\":\"WebPage\",\"@id\":\"https:\/\/visitkalajoki.fi\/sv\/aktivera-dig\/ute\/programtjanster\/\",\"url\":\"https:\/\/visitkalajoki.fi\/sv\/aktivera-dig\/ute\/programtjanster\/\",\"name\":\"Programtj\u00e4nster - Visit Kalajoki\",\"isPartOf\":{\"@id\":\"https:\/\/visitkalajoki.fi\/sv\/#website\"},\"primaryImageOfPage\":{\"@id\":\"https:\/\/visitkalajoki.fi\/sv\/aktivera-dig\/ute\/programtjanster\/#primaryimage\"},\"image\":{\"@id\":\"https:\/\/visitkalajoki.fi\/sv\/aktivera-dig\/ute\/programtjanster\/#primaryimage\"},\"thumbnailUrl\":\"https:\/\/visitkalajoki.fi\/wp-content\/uploads\/2021\/10\/Vastuullisuus.jpg\",\"datePublished\":\"2019-04-03T07:26:11+00:00\",\"dateModified\":\"2022-12-29T12:01:04+00:00\",\"description\":\"Guidade turer och programtj\u00e4nster i Hiekkas\u00e4rk\u00e4t, Siiponjoki, Maakalla och i Rahja sk\u00e4rg\u00e5rd: SUP-, paddlings- och fisketurer, fatbike-utf\u00e4rder, b\u00e5tturer...\",\"breadcrumb\":{\"@id\":\"https:\/\/visitkalajoki.fi\/sv\/aktivera-dig\/ute\/programtjanster\/#breadcrumb\"},\"inLanguage\":\"sv-SE\",\"potentialAction\":[{\"@type\":\"ReadAction\",\"target\":[\"https:\/\/visitkalajoki.fi\/sv\/aktivera-dig\/ute\/programtjanster\/\"]}]},{\"@type\":\"ImageObject\",\"inLanguage\":\"sv-SE\",\"@id\":\"https:\/\/visitkalajoki.fi\/sv\/aktivera-dig\/ute\/programtjanster\/#primaryimage\",\"url\":\"https:\/\/visitkalajoki.fi\/wp-content\/uploads\/2021\/10\/Vastuullisuus.jpg\",\"contentUrl\":\"https:\/\/visitkalajoki.fi\/wp-content\/uploads\/2021\/10\/Vastuullisuus.jpg\",\"width\":1920,\"height\":600,\"caption\":\"Vastuullisuus sustainable\"},{\"@type\":\"BreadcrumbList\",\"@id\":\"https:\/\/visitkalajoki.fi\/sv\/aktivera-dig\/ute\/programtjanster\/#breadcrumb\",\"itemListElement\":[{\"@type\":\"ListItem\",\"position\":1,\"name\":\"Aktivera dig\",\"item\":\"https:\/\/visitkalajoki.fi\/sv\/aktivera-dig\/\"},{\"@type\":\"ListItem\",\"position\":2,\"name\":\"Ute\",\"item\":\"https:\/\/visitkalajoki.fi\/sv\/aktivera-dig\/ute\/\"},{\"@type\":\"ListItem\",\"position\":3,\"name\":\"Programtj\u00e4nster\"}]},{\"@type\":\"WebSite\",\"@id\":\"https:\/\/visitkalajoki.fi\/sv\/#website\",\"url\":\"https:\/\/visitkalajoki.fi\/sv\/\",\"name\":\"Visit Kalajoki\",\"description\":\"\",\"potentialAction\":[{\"@type\":\"SearchAction\",\"target\":{\"@type\":\"EntryPoint\",\"urlTemplate\":\"https:\/\/visitkalajoki.fi\/sv\/?s={search_term_string}\"},\"query-input\":{\"@type\":\"PropertyValueSpecification\",\"valueRequired\":true,\"valueName\":\"search_term_string\"}}],\"inLanguage\":\"sv-SE\"}]}<\/script>\n<!-- \/ Yoast SEO plugin. -->","yoast_head_json":{"title":"Programtj\u00e4nster - Visit Kalajoki","description":"Guidade turer och programtj\u00e4nster i Hiekkas\u00e4rk\u00e4t, Siiponjoki, Maakalla och i Rahja sk\u00e4rg\u00e5rd: SUP-, paddlings- och fisketurer, fatbike-utf\u00e4rder, b\u00e5tturer...","robots":{"index":"index","follow":"follow","max-snippet":"max-snippet:-1","max-image-preview":"max-image-preview:large","max-video-preview":"max-video-preview:-1"},"canonical":"https:\/\/visitkalajoki.fi\/sv\/aktivera-dig\/ute\/programtjanster\/","og_locale":"sv_SE","og_type":"article","og_title":"Programtj\u00e4nster - Visit Kalajoki","og_description":"Guidade turer och programtj\u00e4nster i Hiekkas\u00e4rk\u00e4t, Siiponjoki, Maakalla och i Rahja sk\u00e4rg\u00e5rd: SUP-, paddlings- och fisketurer, fatbike-utf\u00e4rder, b\u00e5tturer...","og_url":"https:\/\/visitkalajoki.fi\/sv\/aktivera-dig\/ute\/programtjanster\/","og_site_name":"Visit Kalajoki","article_publisher":"https:\/\/www.facebook.com\/visitkalajoki","article_modified_time":"2022-12-29T12:01:04+00:00","og_image":[{"width":1920,"height":600,"url":"https:\/\/visitkalajoki.fi\/wp-content\/uploads\/2021\/10\/Vastuullisuus.jpg","type":"image\/jpeg"}],"twitter_card":"summary_large_image","twitter_site":"@Kalajoki","schema":{"@context":"https:\/\/schema.org","@graph":[{"@type":"WebPage","@id":"https:\/\/visitkalajoki.fi\/sv\/aktivera-dig\/ute\/programtjanster\/","url":"https:\/\/visitkalajoki.fi\/sv\/aktivera-dig\/ute\/programtjanster\/","name":"Programtj\u00e4nster - Visit Kalajoki","isPartOf":{"@id":"https:\/\/visitkalajoki.fi\/sv\/#website"},"primaryImageOfPage":{"@id":"https:\/\/visitkalajoki.fi\/sv\/aktivera-dig\/ute\/programtjanster\/#primaryimage"},"image":{"@id":"https:\/\/visitkalajoki.fi\/sv\/aktivera-dig\/ute\/programtjanster\/#primaryimage"},"thumbnailUrl":"https:\/\/visitkalajoki.fi\/wp-content\/uploads\/2021\/10\/Vastuullisuus.jpg","datePublished":"2019-04-03T07:26:11+00:00","dateModified":"2022-12-29T12:01:04+00:00","description":"Guidade turer och programtj\u00e4nster i Hiekkas\u00e4rk\u00e4t, Siiponjoki, Maakalla och i Rahja sk\u00e4rg\u00e5rd: SUP-, paddlings- och fisketurer, fatbike-utf\u00e4rder, b\u00e5tturer...","breadcrumb":{"@id":"https:\/\/visitkalajoki.fi\/sv\/aktivera-dig\/ute\/programtjanster\/#breadcrumb"},"inLanguage":"sv-SE","potentialAction":[{"@type":"ReadAction","target":["https:\/\/visitkalajoki.fi\/sv\/aktivera-dig\/ute\/programtjanster\/"]}]},{"@type":"ImageObject","inLanguage":"sv-SE","@id":"https:\/\/visitkalajoki.fi\/sv\/aktivera-dig\/ute\/programtjanster\/#primaryimage","url":"https:\/\/visitkalajoki.fi\/wp-content\/uploads\/2021\/10\/Vastuullisuus.jpg","contentUrl":"https:\/\/visitkalajoki.fi\/wp-content\/uploads\/2021\/10\/Vastuullisuus.jpg","width":1920,"height":600,"caption":"Vastuullisuus sustainable"},{"@type":"BreadcrumbList","@id":"https:\/\/visitkalajoki.fi\/sv\/aktivera-dig\/ute\/programtjanster\/#breadcrumb","itemListElement":[{"@type":"ListItem","position":1,"name":"Aktivera dig","item":"https:\/\/visitkalajoki.fi\/sv\/aktivera-dig\/"},{"@type":"ListItem","position":2,"name":"Ute","item":"https:\/\/visitkalajoki.fi\/sv\/aktivera-dig\/ute\/"},{"@type":"ListItem","position":3,"name":"Programtj\u00e4nster"}]},{"@type":"WebSite","@id":"https:\/\/visitkalajoki.fi\/sv\/#website","url":"https:\/\/visitkalajoki.fi\/sv\/","name":"Visit Kalajoki","description":"","potentialAction":[{"@type":"SearchAction","target":{"@type":"EntryPoint","urlTemplate":"https:\/\/visitkalajoki.fi\/sv\/?s={search_term_string}"},"query-input":{"@type":"PropertyValueSpecification","valueRequired":true,"valueName":"search_term_string"}}],"inLanguage":"sv-SE"}]}},"_links":{"self":[{"href":"https:\/\/visitkalajoki.fi\/sv\/wp-json\/wp\/v2\/pages\/7906","targetHints":{"allow":["GET"]}}],"collection":[{"href":"https:\/\/visitkalajoki.fi\/sv\/wp-json\/wp\/v2\/pages"}],"about":[{"href":"https:\/\/visitkalajoki.fi\/sv\/wp-json\/wp\/v2\/types\/page"}],"author":[{"embeddable":true,"href":"https:\/\/visitkalajoki.fi\/sv\/wp-json\/wp\/v2\/users\/20"}],"replies":[{"embeddable":true,"href":"https:\/\/visitkalajoki.fi\/sv\/wp-json\/wp\/v2\/comments?post=7906"}],"version-history":[{"count":14,"href":"https:\/\/visitkalajoki.fi\/sv\/wp-json\/wp\/v2\/pages\/7906\/revisions"}],"predecessor-version":[{"id":28235,"href":"https:\/\/visitkalajoki.fi\/sv\/wp-json\/wp\/v2\/pages\/7906\/revisions\/28235"}],"up":[{"embeddable":true,"href":"https:\/\/visitkalajoki.fi\/sv\/wp-json\/wp\/v2\/pages\/7830"}],"wp:featuredmedia":[{"embeddable":true,"href":"https:\/\/visitkalajoki.fi\/sv\/wp-json\/wp\/v2\/media\/25323"}],"wp:attachment":[{"href":"https:\/\/visitkalajoki.fi\/sv\/wp-json\/wp\/v2\/media?parent=7906"}],"curies":[{"name":"wp","href":"https:\/\/api.w.org\/{rel}","templated":true}]}}