{"id":7918,"date":"2019-04-03T07:15:00","date_gmt":"2019-04-03T07:15:00","guid":{"rendered":"http:\/\/ntrnz.com\/asiakas\/visitkalajoki2019\/aktivera-dig\/ute\/skating-snowshoeing\/"},"modified":"2024-01-03T10:10:08","modified_gmt":"2024-01-03T08:10:08","slug":"skridskor-snoskor","status":"publish","type":"page","link":"https:\/\/visitkalajoki.fi\/sv\/aktivera-dig\/ute\/skridskor-snoskor\/","title":{"rendered":"\u00c5k skridskor &#038; g\u00e5 med sn\u00f6skor"},"content":{"rendered":"","protected":false},"excerpt":{"rendered":"","protected":false},"author":20,"featured_media":32286,"parent":7830,"menu_order":0,"comment_status":"closed","ping_status":"closed","template":"","meta":{"_acf_changed":false,"footnotes":""},"class_list":["post-7918","page","type-page","status-publish","has-post-thumbnail","hentry"],"acf":[],"yoast_head":"<!-- This site is optimized with the Yoast SEO plugin v27.4 - https:\/\/yoast.com\/product\/yoast-seo-wordpress\/ -->\n<title>\u00c5k skridskor &amp; g\u00e5 med sn\u00f6skor - Visit Kalajoki<\/title>\n<meta name=\"description\" content=\"G\u00e5 med p\u00e5 en guidad sn\u00f6skovandring eller hyr sn\u00f6skor och g\u00f6r en utflykt p\u00e5 egen hand i naturen i Kalajoki!\" \/>\n<meta name=\"robots\" content=\"index, follow, max-snippet:-1, max-image-preview:large, max-video-preview:-1\" \/>\n<link rel=\"canonical\" href=\"https:\/\/visitkalajoki.fi\/sv\/aktivera-dig\/ute\/skridskor-snoskor\/\" \/>\n<meta property=\"og:locale\" content=\"sv_SE\" \/>\n<meta property=\"og:type\" content=\"article\" \/>\n<meta property=\"og:title\" content=\"\u00c5k skridskor &amp; g\u00e5 med sn\u00f6skor - Visit Kalajoki\" \/>\n<meta property=\"og:description\" content=\"G\u00e5 med p\u00e5 en guidad sn\u00f6skovandring eller hyr sn\u00f6skor och g\u00f6r en utflykt p\u00e5 egen hand i naturen i Kalajoki!\" \/>\n<meta property=\"og:url\" content=\"https:\/\/visitkalajoki.fi\/sv\/aktivera-dig\/ute\/skridskor-snoskor\/\" \/>\n<meta property=\"og:site_name\" content=\"Visit Kalajoki\" \/>\n<meta property=\"article:publisher\" content=\"https:\/\/www.facebook.com\/visitkalajoki\" \/>\n<meta property=\"article:modified_time\" content=\"2024-01-03T08:10:08+00:00\" \/>\n<meta property=\"og:image\" content=\"https:\/\/visitkalajoki.fi\/wp-content\/uploads\/2024\/01\/Luistelu-netti.jpg\" \/>\n\t<meta property=\"og:image:width\" content=\"1920\" \/>\n\t<meta property=\"og:image:height\" content=\"750\" \/>\n\t<meta property=\"og:image:type\" content=\"image\/jpeg\" \/>\n<meta name=\"twitter:card\" content=\"summary_large_image\" \/>\n<meta name=\"twitter:site\" content=\"@Kalajoki\" \/>\n<meta name=\"twitter:label1\" content=\"Ber\u00e4knad l\u00e4stid\" \/>\n\t<meta name=\"twitter:data1\" content=\"1 minut\" \/>\n<script type=\"application\/ld+json\" class=\"yoast-schema-graph\">{\"@context\":\"https:\\\/\\\/schema.org\",\"@graph\":[{\"@type\":\"WebPage\",\"@id\":\"https:\\\/\\\/visitkalajoki.fi\\\/sv\\\/aktivera-dig\\\/ute\\\/skridskor-snoskor\\\/\",\"url\":\"https:\\\/\\\/visitkalajoki.fi\\\/sv\\\/aktivera-dig\\\/ute\\\/skridskor-snoskor\\\/\",\"name\":\"\u00c5k skridskor & g\u00e5 med sn\u00f6skor - Visit Kalajoki\",\"isPartOf\":{\"@id\":\"https:\\\/\\\/visitkalajoki.fi\\\/sv\\\/#website\"},\"primaryImageOfPage\":{\"@id\":\"https:\\\/\\\/visitkalajoki.fi\\\/sv\\\/aktivera-dig\\\/ute\\\/skridskor-snoskor\\\/#primaryimage\"},\"image\":{\"@id\":\"https:\\\/\\\/visitkalajoki.fi\\\/sv\\\/aktivera-dig\\\/ute\\\/skridskor-snoskor\\\/#primaryimage\"},\"thumbnailUrl\":\"https:\\\/\\\/visitkalajoki.fi\\\/wp-content\\\/uploads\\\/2025\\\/01\\\/arctivitypark.jpg\",\"datePublished\":\"2019-04-03T07:15:00+00:00\",\"dateModified\":\"2024-01-03T08:10:08+00:00\",\"description\":\"G\u00e5 med p\u00e5 en guidad sn\u00f6skovandring eller hyr sn\u00f6skor och g\u00f6r en utflykt p\u00e5 egen hand i naturen i Kalajoki!\",\"breadcrumb\":{\"@id\":\"https:\\\/\\\/visitkalajoki.fi\\\/sv\\\/aktivera-dig\\\/ute\\\/skridskor-snoskor\\\/#breadcrumb\"},\"inLanguage\":\"sv-SE\",\"potentialAction\":[{\"@type\":\"ReadAction\",\"target\":[\"https:\\\/\\\/visitkalajoki.fi\\\/sv\\\/aktivera-dig\\\/ute\\\/skridskor-snoskor\\\/\"]}]},{\"@type\":\"ImageObject\",\"inLanguage\":\"sv-SE\",\"@id\":\"https:\\\/\\\/visitkalajoki.fi\\\/sv\\\/aktivera-dig\\\/ute\\\/skridskor-snoskor\\\/#primaryimage\",\"url\":\"https:\\\/\\\/visitkalajoki.fi\\\/wp-content\\\/uploads\\\/2025\\\/01\\\/arctivitypark.jpg\",\"contentUrl\":\"https:\\\/\\\/visitkalajoki.fi\\\/wp-content\\\/uploads\\\/2025\\\/01\\\/arctivitypark.jpg\",\"width\":2048,\"height\":1038,\"caption\":\"Retkiluistelua kartingradalla Safaritalolla\"},{\"@type\":\"BreadcrumbList\",\"@id\":\"https:\\\/\\\/visitkalajoki.fi\\\/sv\\\/aktivera-dig\\\/ute\\\/skridskor-snoskor\\\/#breadcrumb\",\"itemListElement\":[{\"@type\":\"ListItem\",\"position\":1,\"name\":\"Aktivera dig\",\"item\":\"https:\\\/\\\/visitkalajoki.fi\\\/sv\\\/aktivera-dig\\\/\"},{\"@type\":\"ListItem\",\"position\":2,\"name\":\"Ute\",\"item\":\"https:\\\/\\\/visitkalajoki.fi\\\/sv\\\/aktivera-dig\\\/ute\\\/\"},{\"@type\":\"ListItem\",\"position\":3,\"name\":\"\u00c5k skridskor &#038; g\u00e5 med sn\u00f6skor\"}]},{\"@type\":\"WebSite\",\"@id\":\"https:\\\/\\\/visitkalajoki.fi\\\/sv\\\/#website\",\"url\":\"https:\\\/\\\/visitkalajoki.fi\\\/sv\\\/\",\"name\":\"Visit Kalajoki\",\"description\":\"\",\"potentialAction\":[{\"@type\":\"SearchAction\",\"target\":{\"@type\":\"EntryPoint\",\"urlTemplate\":\"https:\\\/\\\/visitkalajoki.fi\\\/sv\\\/?s={search_term_string}\"},\"query-input\":{\"@type\":\"PropertyValueSpecification\",\"valueRequired\":true,\"valueName\":\"search_term_string\"}}],\"inLanguage\":\"sv-SE\"}]}<\/script>\n<!-- \/ Yoast SEO plugin. -->","yoast_head_json":{"title":"\u00c5k skridskor & g\u00e5 med sn\u00f6skor - Visit Kalajoki","description":"G\u00e5 med p\u00e5 en guidad sn\u00f6skovandring eller hyr sn\u00f6skor och g\u00f6r en utflykt p\u00e5 egen hand i naturen i Kalajoki!","robots":{"index":"index","follow":"follow","max-snippet":"max-snippet:-1","max-image-preview":"max-image-preview:large","max-video-preview":"max-video-preview:-1"},"canonical":"https:\/\/visitkalajoki.fi\/sv\/aktivera-dig\/ute\/skridskor-snoskor\/","og_locale":"sv_SE","og_type":"article","og_title":"\u00c5k skridskor & g\u00e5 med sn\u00f6skor - Visit Kalajoki","og_description":"G\u00e5 med p\u00e5 en guidad sn\u00f6skovandring eller hyr sn\u00f6skor och g\u00f6r en utflykt p\u00e5 egen hand i naturen i Kalajoki!","og_url":"https:\/\/visitkalajoki.fi\/sv\/aktivera-dig\/ute\/skridskor-snoskor\/","og_site_name":"Visit Kalajoki","article_publisher":"https:\/\/www.facebook.com\/visitkalajoki","article_modified_time":"2024-01-03T08:10:08+00:00","og_image":[{"width":1920,"height":750,"url":"https:\/\/visitkalajoki.fi\/wp-content\/uploads\/2024\/01\/Luistelu-netti.jpg","type":"image\/jpeg"}],"twitter_card":"summary_large_image","twitter_site":"@Kalajoki","twitter_misc":{"Ber\u00e4knad l\u00e4stid":"1 minut"},"schema":{"@context":"https:\/\/schema.org","@graph":[{"@type":"WebPage","@id":"https:\/\/visitkalajoki.fi\/sv\/aktivera-dig\/ute\/skridskor-snoskor\/","url":"https:\/\/visitkalajoki.fi\/sv\/aktivera-dig\/ute\/skridskor-snoskor\/","name":"\u00c5k skridskor & g\u00e5 med sn\u00f6skor - Visit Kalajoki","isPartOf":{"@id":"https:\/\/visitkalajoki.fi\/sv\/#website"},"primaryImageOfPage":{"@id":"https:\/\/visitkalajoki.fi\/sv\/aktivera-dig\/ute\/skridskor-snoskor\/#primaryimage"},"image":{"@id":"https:\/\/visitkalajoki.fi\/sv\/aktivera-dig\/ute\/skridskor-snoskor\/#primaryimage"},"thumbnailUrl":"https:\/\/visitkalajoki.fi\/wp-content\/uploads\/2025\/01\/arctivitypark.jpg","datePublished":"2019-04-03T07:15:00+00:00","dateModified":"2024-01-03T08:10:08+00:00","description":"G\u00e5 med p\u00e5 en guidad sn\u00f6skovandring eller hyr sn\u00f6skor och g\u00f6r en utflykt p\u00e5 egen hand i naturen i Kalajoki!","breadcrumb":{"@id":"https:\/\/visitkalajoki.fi\/sv\/aktivera-dig\/ute\/skridskor-snoskor\/#breadcrumb"},"inLanguage":"sv-SE","potentialAction":[{"@type":"ReadAction","target":["https:\/\/visitkalajoki.fi\/sv\/aktivera-dig\/ute\/skridskor-snoskor\/"]}]},{"@type":"ImageObject","inLanguage":"sv-SE","@id":"https:\/\/visitkalajoki.fi\/sv\/aktivera-dig\/ute\/skridskor-snoskor\/#primaryimage","url":"https:\/\/visitkalajoki.fi\/wp-content\/uploads\/2025\/01\/arctivitypark.jpg","contentUrl":"https:\/\/visitkalajoki.fi\/wp-content\/uploads\/2025\/01\/arctivitypark.jpg","width":2048,"height":1038,"caption":"Retkiluistelua kartingradalla Safaritalolla"},{"@type":"BreadcrumbList","@id":"https:\/\/visitkalajoki.fi\/sv\/aktivera-dig\/ute\/skridskor-snoskor\/#breadcrumb","itemListElement":[{"@type":"ListItem","position":1,"name":"Aktivera dig","item":"https:\/\/visitkalajoki.fi\/sv\/aktivera-dig\/"},{"@type":"ListItem","position":2,"name":"Ute","item":"https:\/\/visitkalajoki.fi\/sv\/aktivera-dig\/ute\/"},{"@type":"ListItem","position":3,"name":"\u00c5k skridskor &#038; g\u00e5 med sn\u00f6skor"}]},{"@type":"WebSite","@id":"https:\/\/visitkalajoki.fi\/sv\/#website","url":"https:\/\/visitkalajoki.fi\/sv\/","name":"Visit Kalajoki","description":"","potentialAction":[{"@type":"SearchAction","target":{"@type":"EntryPoint","urlTemplate":"https:\/\/visitkalajoki.fi\/sv\/?s={search_term_string}"},"query-input":{"@type":"PropertyValueSpecification","valueRequired":true,"valueName":"search_term_string"}}],"inLanguage":"sv-SE"}]}},"_links":{"self":[{"href":"https:\/\/visitkalajoki.fi\/sv\/wp-json\/wp\/v2\/pages\/7918","targetHints":{"allow":["GET"]}}],"collection":[{"href":"https:\/\/visitkalajoki.fi\/sv\/wp-json\/wp\/v2\/pages"}],"about":[{"href":"https:\/\/visitkalajoki.fi\/sv\/wp-json\/wp\/v2\/types\/page"}],"author":[{"embeddable":true,"href":"https:\/\/visitkalajoki.fi\/sv\/wp-json\/wp\/v2\/users\/20"}],"replies":[{"embeddable":true,"href":"https:\/\/visitkalajoki.fi\/sv\/wp-json\/wp\/v2\/comments?post=7918"}],"version-history":[{"count":6,"href":"https:\/\/visitkalajoki.fi\/sv\/wp-json\/wp\/v2\/pages\/7918\/revisions"}],"predecessor-version":[{"id":30267,"href":"https:\/\/visitkalajoki.fi\/sv\/wp-json\/wp\/v2\/pages\/7918\/revisions\/30267"}],"up":[{"embeddable":true,"href":"https:\/\/visitkalajoki.fi\/sv\/wp-json\/wp\/v2\/pages\/7830"}],"wp:featuredmedia":[{"embeddable":true,"href":"https:\/\/visitkalajoki.fi\/sv\/wp-json\/wp\/v2\/media\/32286"}],"wp:attachment":[{"href":"https:\/\/visitkalajoki.fi\/sv\/wp-json\/wp\/v2\/media?parent=7918"}],"curies":[{"name":"wp","href":"https:\/\/api.w.org\/{rel}","templated":true}]}}