{"id":7970,"date":"2019-04-01T17:35:17","date_gmt":"2019-04-01T17:35:17","guid":{"rendered":"http:\/\/ntrnz.com\/asiakas\/visitkalajoki2019\/eat-drink\/"},"modified":"2023-05-11T17:15:42","modified_gmt":"2023-05-11T14:15:42","slug":"at-drick","status":"publish","type":"page","link":"https:\/\/visitkalajoki.fi\/sv\/at-drick\/","title":{"rendered":"\u00c4t &#038; drick"},"content":{"rendered":"","protected":false},"excerpt":{"rendered":"","protected":false},"author":20,"featured_media":19358,"parent":0,"menu_order":0,"comment_status":"closed","ping_status":"closed","template":"","meta":{"_acf_changed":false,"footnotes":""},"class_list":["post-7970","page","type-page","status-publish","has-post-thumbnail","hentry"],"acf":[],"yoast_head":"<!-- This site is optimized with the Yoast SEO plugin v27.2 - https:\/\/yoast.com\/product\/yoast-seo-wordpress\/ -->\n<title>Restauranger i Kalajoki | Mat lagad med k\u00e4rlek - Visit Kalajoki<\/title>\n<meta name=\"description\" content=\"Njut av l\u00e4cker mat i Kalajokis restauranger! Dina favoritr\u00e4tter tillverkas av de b\u00e4sta r\u00e5varor. Lokal mat, traditionell gourmetmat, trendiga l\u00e4ckerheter, pizza och burgare.\" \/>\n<meta name=\"robots\" content=\"index, follow, max-snippet:-1, max-image-preview:large, max-video-preview:-1\" \/>\n<link rel=\"canonical\" href=\"https:\/\/visitkalajoki.fi\/sv\/at-drick\/\" \/>\n<meta property=\"og:locale\" content=\"sv_SE\" \/>\n<meta property=\"og:type\" content=\"article\" \/>\n<meta property=\"og:title\" content=\"Restauranger i Kalajoki | Mat lagad med k\u00e4rlek - Visit Kalajoki\" \/>\n<meta property=\"og:description\" content=\"Njut av l\u00e4cker mat i Kalajokis restauranger! Dina favoritr\u00e4tter tillverkas av de b\u00e4sta r\u00e5varor. Lokal mat, traditionell gourmetmat, trendiga l\u00e4ckerheter, pizza och burgare.\" \/>\n<meta property=\"og:url\" content=\"https:\/\/visitkalajoki.fi\/sv\/at-drick\/\" \/>\n<meta property=\"og:site_name\" content=\"Visit Kalajoki\" \/>\n<meta property=\"article:publisher\" content=\"https:\/\/www.facebook.com\/visitkalajoki\" \/>\n<meta property=\"article:modified_time\" content=\"2023-05-11T14:15:42+00:00\" \/>\n<meta property=\"og:image\" content=\"https:\/\/visitkalajoki.fi\/wp-content\/uploads\/2020\/10\/1920x520px_private-dinner_uusi-min.jpg\" \/>\n\t<meta property=\"og:image:width\" content=\"1920\" \/>\n\t<meta property=\"og:image:height\" content=\"520\" \/>\n\t<meta property=\"og:image:type\" content=\"image\/jpeg\" \/>\n<meta name=\"twitter:card\" content=\"summary_large_image\" \/>\n<meta name=\"twitter:site\" content=\"@Kalajoki\" \/>\n<script type=\"application\/ld+json\" class=\"yoast-schema-graph\">{\"@context\":\"https:\/\/schema.org\",\"@graph\":[{\"@type\":\"WebPage\",\"@id\":\"https:\/\/visitkalajoki.fi\/sv\/at-drick\/\",\"url\":\"https:\/\/visitkalajoki.fi\/sv\/at-drick\/\",\"name\":\"Restauranger i Kalajoki | Mat lagad med k\u00e4rlek - Visit Kalajoki\",\"isPartOf\":{\"@id\":\"https:\/\/visitkalajoki.fi\/sv\/#website\"},\"primaryImageOfPage\":{\"@id\":\"https:\/\/visitkalajoki.fi\/sv\/at-drick\/#primaryimage\"},\"image\":{\"@id\":\"https:\/\/visitkalajoki.fi\/sv\/at-drick\/#primaryimage\"},\"thumbnailUrl\":\"https:\/\/visitkalajoki.fi\/wp-content\/uploads\/2020\/10\/1920x520px_private-dinner_uusi-min.jpg\",\"datePublished\":\"2019-04-01T17:35:17+00:00\",\"dateModified\":\"2023-05-11T14:15:42+00:00\",\"description\":\"Njut av l\u00e4cker mat i Kalajokis restauranger! Dina favoritr\u00e4tter tillverkas av de b\u00e4sta r\u00e5varor. Lokal mat, traditionell gourmetmat, trendiga l\u00e4ckerheter, pizza och burgare.\",\"inLanguage\":\"sv-SE\",\"potentialAction\":[{\"@type\":\"ReadAction\",\"target\":[\"https:\/\/visitkalajoki.fi\/sv\/at-drick\/\"]}]},{\"@type\":\"ImageObject\",\"inLanguage\":\"sv-SE\",\"@id\":\"https:\/\/visitkalajoki.fi\/sv\/at-drick\/#primaryimage\",\"url\":\"https:\/\/visitkalajoki.fi\/wp-content\/uploads\/2020\/10\/1920x520px_private-dinner_uusi-min.jpg\",\"contentUrl\":\"https:\/\/visitkalajoki.fi\/wp-content\/uploads\/2020\/10\/1920x520px_private-dinner_uusi-min.jpg\",\"width\":1920,\"height\":520},{\"@type\":\"WebSite\",\"@id\":\"https:\/\/visitkalajoki.fi\/sv\/#website\",\"url\":\"https:\/\/visitkalajoki.fi\/sv\/\",\"name\":\"Visit Kalajoki\",\"description\":\"\",\"potentialAction\":[{\"@type\":\"SearchAction\",\"target\":{\"@type\":\"EntryPoint\",\"urlTemplate\":\"https:\/\/visitkalajoki.fi\/sv\/?s={search_term_string}\"},\"query-input\":{\"@type\":\"PropertyValueSpecification\",\"valueRequired\":true,\"valueName\":\"search_term_string\"}}],\"inLanguage\":\"sv-SE\"}]}<\/script>\n<!-- \/ Yoast SEO plugin. -->","yoast_head_json":{"title":"Restauranger i Kalajoki | Mat lagad med k\u00e4rlek - Visit Kalajoki","description":"Njut av l\u00e4cker mat i Kalajokis restauranger! Dina favoritr\u00e4tter tillverkas av de b\u00e4sta r\u00e5varor. Lokal mat, traditionell gourmetmat, trendiga l\u00e4ckerheter, pizza och burgare.","robots":{"index":"index","follow":"follow","max-snippet":"max-snippet:-1","max-image-preview":"max-image-preview:large","max-video-preview":"max-video-preview:-1"},"canonical":"https:\/\/visitkalajoki.fi\/sv\/at-drick\/","og_locale":"sv_SE","og_type":"article","og_title":"Restauranger i Kalajoki | Mat lagad med k\u00e4rlek - Visit Kalajoki","og_description":"Njut av l\u00e4cker mat i Kalajokis restauranger! Dina favoritr\u00e4tter tillverkas av de b\u00e4sta r\u00e5varor. Lokal mat, traditionell gourmetmat, trendiga l\u00e4ckerheter, pizza och burgare.","og_url":"https:\/\/visitkalajoki.fi\/sv\/at-drick\/","og_site_name":"Visit Kalajoki","article_publisher":"https:\/\/www.facebook.com\/visitkalajoki","article_modified_time":"2023-05-11T14:15:42+00:00","og_image":[{"width":1920,"height":520,"url":"https:\/\/visitkalajoki.fi\/wp-content\/uploads\/2020\/10\/1920x520px_private-dinner_uusi-min.jpg","type":"image\/jpeg"}],"twitter_card":"summary_large_image","twitter_site":"@Kalajoki","schema":{"@context":"https:\/\/schema.org","@graph":[{"@type":"WebPage","@id":"https:\/\/visitkalajoki.fi\/sv\/at-drick\/","url":"https:\/\/visitkalajoki.fi\/sv\/at-drick\/","name":"Restauranger i Kalajoki | Mat lagad med k\u00e4rlek - Visit Kalajoki","isPartOf":{"@id":"https:\/\/visitkalajoki.fi\/sv\/#website"},"primaryImageOfPage":{"@id":"https:\/\/visitkalajoki.fi\/sv\/at-drick\/#primaryimage"},"image":{"@id":"https:\/\/visitkalajoki.fi\/sv\/at-drick\/#primaryimage"},"thumbnailUrl":"https:\/\/visitkalajoki.fi\/wp-content\/uploads\/2020\/10\/1920x520px_private-dinner_uusi-min.jpg","datePublished":"2019-04-01T17:35:17+00:00","dateModified":"2023-05-11T14:15:42+00:00","description":"Njut av l\u00e4cker mat i Kalajokis restauranger! Dina favoritr\u00e4tter tillverkas av de b\u00e4sta r\u00e5varor. Lokal mat, traditionell gourmetmat, trendiga l\u00e4ckerheter, pizza och burgare.","inLanguage":"sv-SE","potentialAction":[{"@type":"ReadAction","target":["https:\/\/visitkalajoki.fi\/sv\/at-drick\/"]}]},{"@type":"ImageObject","inLanguage":"sv-SE","@id":"https:\/\/visitkalajoki.fi\/sv\/at-drick\/#primaryimage","url":"https:\/\/visitkalajoki.fi\/wp-content\/uploads\/2020\/10\/1920x520px_private-dinner_uusi-min.jpg","contentUrl":"https:\/\/visitkalajoki.fi\/wp-content\/uploads\/2020\/10\/1920x520px_private-dinner_uusi-min.jpg","width":1920,"height":520},{"@type":"WebSite","@id":"https:\/\/visitkalajoki.fi\/sv\/#website","url":"https:\/\/visitkalajoki.fi\/sv\/","name":"Visit Kalajoki","description":"","potentialAction":[{"@type":"SearchAction","target":{"@type":"EntryPoint","urlTemplate":"https:\/\/visitkalajoki.fi\/sv\/?s={search_term_string}"},"query-input":{"@type":"PropertyValueSpecification","valueRequired":true,"valueName":"search_term_string"}}],"inLanguage":"sv-SE"}]}},"_links":{"self":[{"href":"https:\/\/visitkalajoki.fi\/sv\/wp-json\/wp\/v2\/pages\/7970","targetHints":{"allow":["GET"]}}],"collection":[{"href":"https:\/\/visitkalajoki.fi\/sv\/wp-json\/wp\/v2\/pages"}],"about":[{"href":"https:\/\/visitkalajoki.fi\/sv\/wp-json\/wp\/v2\/types\/page"}],"author":[{"embeddable":true,"href":"https:\/\/visitkalajoki.fi\/sv\/wp-json\/wp\/v2\/users\/20"}],"replies":[{"embeddable":true,"href":"https:\/\/visitkalajoki.fi\/sv\/wp-json\/wp\/v2\/comments?post=7970"}],"version-history":[{"count":7,"href":"https:\/\/visitkalajoki.fi\/sv\/wp-json\/wp\/v2\/pages\/7970\/revisions"}],"predecessor-version":[{"id":29243,"href":"https:\/\/visitkalajoki.fi\/sv\/wp-json\/wp\/v2\/pages\/7970\/revisions\/29243"}],"wp:featuredmedia":[{"embeddable":true,"href":"https:\/\/visitkalajoki.fi\/sv\/wp-json\/wp\/v2\/media\/19358"}],"wp:attachment":[{"href":"https:\/\/visitkalajoki.fi\/sv\/wp-json\/wp\/v2\/media?parent=7970"}],"curies":[{"name":"wp","href":"https:\/\/api.w.org\/{rel}","templated":true}]}}