{"id":8016,"date":"2019-04-03T11:49:30","date_gmt":"2019-04-03T11:49:30","guid":{"rendered":"http:\/\/ntrnz.com\/asiakas\/visitkalajoki2019\/at-drick\/cafes-and-kiosks\/"},"modified":"2024-03-27T11:49:54","modified_gmt":"2024-03-27T09:49:54","slug":"kafeer-kiosker","status":"publish","type":"page","link":"https:\/\/visitkalajoki.fi\/sv\/at-drick\/kafeer-kiosker\/","title":{"rendered":"Kaf\u00e9er &#038; kiosker"},"content":{"rendered":"","protected":false},"excerpt":{"rendered":"","protected":false},"author":20,"featured_media":4066,"parent":7970,"menu_order":0,"comment_status":"closed","ping_status":"closed","template":"","meta":{"_acf_changed":false,"footnotes":""},"class_list":["post-8016","page","type-page","status-publish","has-post-thumbnail","hentry"],"acf":[],"yoast_head":"<!-- This site is optimized with the Yoast SEO plugin v27.2 - https:\/\/yoast.com\/product\/yoast-seo-wordpress\/ -->\n<title>Kaf\u00e9er &amp; kiosker - Visit Kalajoki<\/title>\n<meta name=\"description\" content=\"Kaf\u00e9erna och kioskerna i Kalajoki bjuder p\u00e5 en l\u00e4cker andh\u00e4mtningspaus!\" \/>\n<meta name=\"robots\" content=\"index, follow, max-snippet:-1, max-image-preview:large, max-video-preview:-1\" \/>\n<link rel=\"canonical\" href=\"https:\/\/visitkalajoki.fi\/sv\/at-drick\/kafeer-kiosker\/\" \/>\n<meta property=\"og:locale\" content=\"sv_SE\" \/>\n<meta property=\"og:type\" content=\"article\" \/>\n<meta property=\"og:title\" content=\"Kaf\u00e9er &amp; kiosker - Visit Kalajoki\" \/>\n<meta property=\"og:description\" content=\"Kaf\u00e9erna och kioskerna i Kalajoki bjuder p\u00e5 en l\u00e4cker andh\u00e4mtningspaus!\" \/>\n<meta property=\"og:url\" content=\"https:\/\/visitkalajoki.fi\/sv\/at-drick\/kafeer-kiosker\/\" \/>\n<meta property=\"og:site_name\" content=\"Visit Kalajoki\" \/>\n<meta property=\"article:publisher\" content=\"https:\/\/www.facebook.com\/visitkalajoki\" \/>\n<meta property=\"article:modified_time\" content=\"2024-03-27T09:49:54+00:00\" \/>\n<meta property=\"og:image\" content=\"https:\/\/visitkalajoki.fi\/wp-content\/uploads\/2019\/04\/1920x720_kahvilat_ja_kioskit-min-1.jpg\" \/>\n\t<meta property=\"og:image:width\" content=\"1920\" \/>\n\t<meta property=\"og:image:height\" content=\"720\" \/>\n\t<meta property=\"og:image:type\" content=\"image\/jpeg\" \/>\n<meta name=\"twitter:card\" content=\"summary_large_image\" \/>\n<meta name=\"twitter:site\" content=\"@Kalajoki\" \/>\n<meta name=\"twitter:label1\" content=\"Ber\u00e4knad l\u00e4stid\" \/>\n\t<meta name=\"twitter:data1\" content=\"2 minuter\" \/>\n<script type=\"application\/ld+json\" class=\"yoast-schema-graph\">{\"@context\":\"https:\/\/schema.org\",\"@graph\":[{\"@type\":\"WebPage\",\"@id\":\"https:\/\/visitkalajoki.fi\/sv\/at-drick\/kafeer-kiosker\/\",\"url\":\"https:\/\/visitkalajoki.fi\/sv\/at-drick\/kafeer-kiosker\/\",\"name\":\"Kaf\u00e9er & kiosker - Visit Kalajoki\",\"isPartOf\":{\"@id\":\"https:\/\/visitkalajoki.fi\/sv\/#website\"},\"primaryImageOfPage\":{\"@id\":\"https:\/\/visitkalajoki.fi\/sv\/at-drick\/kafeer-kiosker\/#primaryimage\"},\"image\":{\"@id\":\"https:\/\/visitkalajoki.fi\/sv\/at-drick\/kafeer-kiosker\/#primaryimage\"},\"thumbnailUrl\":\"https:\/\/visitkalajoki.fi\/wp-content\/uploads\/2019\/04\/1920x720_kahvilat_ja_kioskit-min-1.jpg\",\"datePublished\":\"2019-04-03T11:49:30+00:00\",\"dateModified\":\"2024-03-27T09:49:54+00:00\",\"description\":\"Kaf\u00e9erna och kioskerna i Kalajoki bjuder p\u00e5 en l\u00e4cker andh\u00e4mtningspaus!\",\"breadcrumb\":{\"@id\":\"https:\/\/visitkalajoki.fi\/sv\/at-drick\/kafeer-kiosker\/#breadcrumb\"},\"inLanguage\":\"sv-SE\",\"potentialAction\":[{\"@type\":\"ReadAction\",\"target\":[\"https:\/\/visitkalajoki.fi\/sv\/at-drick\/kafeer-kiosker\/\"]}]},{\"@type\":\"ImageObject\",\"inLanguage\":\"sv-SE\",\"@id\":\"https:\/\/visitkalajoki.fi\/sv\/at-drick\/kafeer-kiosker\/#primaryimage\",\"url\":\"https:\/\/visitkalajoki.fi\/wp-content\/uploads\/2019\/04\/1920x720_kahvilat_ja_kioskit-min-1.jpg\",\"contentUrl\":\"https:\/\/visitkalajoki.fi\/wp-content\/uploads\/2019\/04\/1920x720_kahvilat_ja_kioskit-min-1.jpg\",\"width\":1920,\"height\":720},{\"@type\":\"BreadcrumbList\",\"@id\":\"https:\/\/visitkalajoki.fi\/sv\/at-drick\/kafeer-kiosker\/#breadcrumb\",\"itemListElement\":[{\"@type\":\"ListItem\",\"position\":1,\"name\":\"\u00c4t &#038; drick\",\"item\":\"https:\/\/visitkalajoki.fi\/sv\/at-drick\/\"},{\"@type\":\"ListItem\",\"position\":2,\"name\":\"Kaf\u00e9er &#038; kiosker\"}]},{\"@type\":\"WebSite\",\"@id\":\"https:\/\/visitkalajoki.fi\/sv\/#website\",\"url\":\"https:\/\/visitkalajoki.fi\/sv\/\",\"name\":\"Visit Kalajoki\",\"description\":\"\",\"potentialAction\":[{\"@type\":\"SearchAction\",\"target\":{\"@type\":\"EntryPoint\",\"urlTemplate\":\"https:\/\/visitkalajoki.fi\/sv\/?s={search_term_string}\"},\"query-input\":{\"@type\":\"PropertyValueSpecification\",\"valueRequired\":true,\"valueName\":\"search_term_string\"}}],\"inLanguage\":\"sv-SE\"}]}<\/script>\n<!-- \/ Yoast SEO plugin. -->","yoast_head_json":{"title":"Kaf\u00e9er & kiosker - Visit Kalajoki","description":"Kaf\u00e9erna och kioskerna i Kalajoki bjuder p\u00e5 en l\u00e4cker andh\u00e4mtningspaus!","robots":{"index":"index","follow":"follow","max-snippet":"max-snippet:-1","max-image-preview":"max-image-preview:large","max-video-preview":"max-video-preview:-1"},"canonical":"https:\/\/visitkalajoki.fi\/sv\/at-drick\/kafeer-kiosker\/","og_locale":"sv_SE","og_type":"article","og_title":"Kaf\u00e9er & kiosker - Visit Kalajoki","og_description":"Kaf\u00e9erna och kioskerna i Kalajoki bjuder p\u00e5 en l\u00e4cker andh\u00e4mtningspaus!","og_url":"https:\/\/visitkalajoki.fi\/sv\/at-drick\/kafeer-kiosker\/","og_site_name":"Visit Kalajoki","article_publisher":"https:\/\/www.facebook.com\/visitkalajoki","article_modified_time":"2024-03-27T09:49:54+00:00","og_image":[{"width":1920,"height":720,"url":"https:\/\/visitkalajoki.fi\/wp-content\/uploads\/2019\/04\/1920x720_kahvilat_ja_kioskit-min-1.jpg","type":"image\/jpeg"}],"twitter_card":"summary_large_image","twitter_site":"@Kalajoki","twitter_misc":{"Ber\u00e4knad l\u00e4stid":"2 minuter"},"schema":{"@context":"https:\/\/schema.org","@graph":[{"@type":"WebPage","@id":"https:\/\/visitkalajoki.fi\/sv\/at-drick\/kafeer-kiosker\/","url":"https:\/\/visitkalajoki.fi\/sv\/at-drick\/kafeer-kiosker\/","name":"Kaf\u00e9er & kiosker - Visit Kalajoki","isPartOf":{"@id":"https:\/\/visitkalajoki.fi\/sv\/#website"},"primaryImageOfPage":{"@id":"https:\/\/visitkalajoki.fi\/sv\/at-drick\/kafeer-kiosker\/#primaryimage"},"image":{"@id":"https:\/\/visitkalajoki.fi\/sv\/at-drick\/kafeer-kiosker\/#primaryimage"},"thumbnailUrl":"https:\/\/visitkalajoki.fi\/wp-content\/uploads\/2019\/04\/1920x720_kahvilat_ja_kioskit-min-1.jpg","datePublished":"2019-04-03T11:49:30+00:00","dateModified":"2024-03-27T09:49:54+00:00","description":"Kaf\u00e9erna och kioskerna i Kalajoki bjuder p\u00e5 en l\u00e4cker andh\u00e4mtningspaus!","breadcrumb":{"@id":"https:\/\/visitkalajoki.fi\/sv\/at-drick\/kafeer-kiosker\/#breadcrumb"},"inLanguage":"sv-SE","potentialAction":[{"@type":"ReadAction","target":["https:\/\/visitkalajoki.fi\/sv\/at-drick\/kafeer-kiosker\/"]}]},{"@type":"ImageObject","inLanguage":"sv-SE","@id":"https:\/\/visitkalajoki.fi\/sv\/at-drick\/kafeer-kiosker\/#primaryimage","url":"https:\/\/visitkalajoki.fi\/wp-content\/uploads\/2019\/04\/1920x720_kahvilat_ja_kioskit-min-1.jpg","contentUrl":"https:\/\/visitkalajoki.fi\/wp-content\/uploads\/2019\/04\/1920x720_kahvilat_ja_kioskit-min-1.jpg","width":1920,"height":720},{"@type":"BreadcrumbList","@id":"https:\/\/visitkalajoki.fi\/sv\/at-drick\/kafeer-kiosker\/#breadcrumb","itemListElement":[{"@type":"ListItem","position":1,"name":"\u00c4t &#038; drick","item":"https:\/\/visitkalajoki.fi\/sv\/at-drick\/"},{"@type":"ListItem","position":2,"name":"Kaf\u00e9er &#038; kiosker"}]},{"@type":"WebSite","@id":"https:\/\/visitkalajoki.fi\/sv\/#website","url":"https:\/\/visitkalajoki.fi\/sv\/","name":"Visit Kalajoki","description":"","potentialAction":[{"@type":"SearchAction","target":{"@type":"EntryPoint","urlTemplate":"https:\/\/visitkalajoki.fi\/sv\/?s={search_term_string}"},"query-input":{"@type":"PropertyValueSpecification","valueRequired":true,"valueName":"search_term_string"}}],"inLanguage":"sv-SE"}]}},"_links":{"self":[{"href":"https:\/\/visitkalajoki.fi\/sv\/wp-json\/wp\/v2\/pages\/8016","targetHints":{"allow":["GET"]}}],"collection":[{"href":"https:\/\/visitkalajoki.fi\/sv\/wp-json\/wp\/v2\/pages"}],"about":[{"href":"https:\/\/visitkalajoki.fi\/sv\/wp-json\/wp\/v2\/types\/page"}],"author":[{"embeddable":true,"href":"https:\/\/visitkalajoki.fi\/sv\/wp-json\/wp\/v2\/users\/20"}],"replies":[{"embeddable":true,"href":"https:\/\/visitkalajoki.fi\/sv\/wp-json\/wp\/v2\/comments?post=8016"}],"version-history":[{"count":12,"href":"https:\/\/visitkalajoki.fi\/sv\/wp-json\/wp\/v2\/pages\/8016\/revisions"}],"predecessor-version":[{"id":30740,"href":"https:\/\/visitkalajoki.fi\/sv\/wp-json\/wp\/v2\/pages\/8016\/revisions\/30740"}],"up":[{"embeddable":true,"href":"https:\/\/visitkalajoki.fi\/sv\/wp-json\/wp\/v2\/pages\/7970"}],"wp:featuredmedia":[{"embeddable":true,"href":"https:\/\/visitkalajoki.fi\/sv\/wp-json\/wp\/v2\/media\/4066"}],"wp:attachment":[{"href":"https:\/\/visitkalajoki.fi\/sv\/wp-json\/wp\/v2\/media?parent=8016"}],"curies":[{"name":"wp","href":"https:\/\/api.w.org\/{rel}","templated":true}]}}