{"id":8138,"date":"2019-04-03T12:02:21","date_gmt":"2019-04-03T12:02:21","guid":{"rendered":"http:\/\/ntrnz.com\/asiakas\/visitkalajoki2019\/at-drick\/restauranger\/henrys-saloon\/"},"modified":"2023-04-04T12:46:59","modified_gmt":"2023-04-04T09:46:59","slug":"henrys-saloon","status":"publish","type":"page","link":"https:\/\/visitkalajoki.fi\/sv\/at-drick\/restauranger\/henrys-saloon\/","title":{"rendered":"Henry\u2019s Saloon"},"content":{"rendered":"","protected":false},"excerpt":{"rendered":"","protected":false},"author":20,"featured_media":8552,"parent":7985,"menu_order":0,"comment_status":"closed","ping_status":"closed","template":"","meta":{"_acf_changed":false,"footnotes":""},"class_list":["post-8138","page","type-page","status-publish","has-post-thumbnail","hentry"],"acf":[],"yoast_head":"<!-- This site is optimized with the Yoast SEO plugin v27.2 - https:\/\/yoast.com\/product\/yoast-seo-wordpress\/ -->\n<title>Henry\u2019s Saloon - Visit Kalajoki<\/title>\n<meta name=\"description\" content=\"I Henry\u2019s Saloon stiger du in i vilda v\u00e4stern mitt i Hiekkas\u00e4rk\u00e4t! H\u00e4r kan du njuta av restaurangens egna delikatesser, kycklingvingar, pizzor och andra l\u00e4ckerbitar.\" \/>\n<meta name=\"robots\" content=\"index, follow, max-snippet:-1, max-image-preview:large, max-video-preview:-1\" \/>\n<link rel=\"canonical\" href=\"https:\/\/visitkalajoki.fi\/sv\/at-drick\/restauranger\/henrys-saloon\/\" \/>\n<meta property=\"og:locale\" content=\"sv_SE\" \/>\n<meta property=\"og:type\" content=\"article\" \/>\n<meta property=\"og:title\" content=\"Henry\u2019s Saloon - Visit Kalajoki\" \/>\n<meta property=\"og:description\" content=\"I Henry\u2019s Saloon stiger du in i vilda v\u00e4stern mitt i Hiekkas\u00e4rk\u00e4t! H\u00e4r kan du njuta av restaurangens egna delikatesser, kycklingvingar, pizzor och andra l\u00e4ckerbitar.\" \/>\n<meta property=\"og:url\" content=\"https:\/\/visitkalajoki.fi\/sv\/at-drick\/restauranger\/henrys-saloon\/\" \/>\n<meta property=\"og:site_name\" content=\"Visit Kalajoki\" \/>\n<meta property=\"article:publisher\" content=\"https:\/\/www.facebook.com\/visitkalajoki\" \/>\n<meta property=\"article:modified_time\" content=\"2023-04-04T09:46:59+00:00\" \/>\n<meta property=\"og:image\" content=\"https:\/\/visitkalajoki.fi\/wp-content\/uploads\/2019\/06\/1920x720_henrys_saloon-2.jpg\" \/>\n\t<meta property=\"og:image:width\" content=\"1920\" \/>\n\t<meta property=\"og:image:height\" content=\"720\" \/>\n\t<meta property=\"og:image:type\" content=\"image\/jpeg\" \/>\n<meta name=\"twitter:card\" content=\"summary_large_image\" \/>\n<meta name=\"twitter:site\" content=\"@Kalajoki\" \/>\n<script type=\"application\/ld+json\" class=\"yoast-schema-graph\">{\"@context\":\"https:\/\/schema.org\",\"@graph\":[{\"@type\":\"WebPage\",\"@id\":\"https:\/\/visitkalajoki.fi\/sv\/at-drick\/restauranger\/henrys-saloon\/\",\"url\":\"https:\/\/visitkalajoki.fi\/sv\/at-drick\/restauranger\/henrys-saloon\/\",\"name\":\"Henry\u2019s Saloon - Visit Kalajoki\",\"isPartOf\":{\"@id\":\"https:\/\/visitkalajoki.fi\/sv\/#website\"},\"primaryImageOfPage\":{\"@id\":\"https:\/\/visitkalajoki.fi\/sv\/at-drick\/restauranger\/henrys-saloon\/#primaryimage\"},\"image\":{\"@id\":\"https:\/\/visitkalajoki.fi\/sv\/at-drick\/restauranger\/henrys-saloon\/#primaryimage\"},\"thumbnailUrl\":\"https:\/\/visitkalajoki.fi\/wp-content\/uploads\/2019\/06\/1920x720_henrys_saloon-2.jpg\",\"datePublished\":\"2019-04-03T12:02:21+00:00\",\"dateModified\":\"2023-04-04T09:46:59+00:00\",\"description\":\"I Henry\u2019s Saloon stiger du in i vilda v\u00e4stern mitt i Hiekkas\u00e4rk\u00e4t! H\u00e4r kan du njuta av restaurangens egna delikatesser, kycklingvingar, pizzor och andra l\u00e4ckerbitar.\",\"breadcrumb\":{\"@id\":\"https:\/\/visitkalajoki.fi\/sv\/at-drick\/restauranger\/henrys-saloon\/#breadcrumb\"},\"inLanguage\":\"sv-SE\",\"potentialAction\":[{\"@type\":\"ReadAction\",\"target\":[\"https:\/\/visitkalajoki.fi\/sv\/at-drick\/restauranger\/henrys-saloon\/\"]}]},{\"@type\":\"ImageObject\",\"inLanguage\":\"sv-SE\",\"@id\":\"https:\/\/visitkalajoki.fi\/sv\/at-drick\/restauranger\/henrys-saloon\/#primaryimage\",\"url\":\"https:\/\/visitkalajoki.fi\/wp-content\/uploads\/2019\/06\/1920x720_henrys_saloon-2.jpg\",\"contentUrl\":\"https:\/\/visitkalajoki.fi\/wp-content\/uploads\/2019\/06\/1920x720_henrys_saloon-2.jpg\",\"width\":1920,\"height\":720},{\"@type\":\"BreadcrumbList\",\"@id\":\"https:\/\/visitkalajoki.fi\/sv\/at-drick\/restauranger\/henrys-saloon\/#breadcrumb\",\"itemListElement\":[{\"@type\":\"ListItem\",\"position\":1,\"name\":\"\u00c4t &#038; drick\",\"item\":\"https:\/\/visitkalajoki.fi\/sv\/at-drick\/\"},{\"@type\":\"ListItem\",\"position\":2,\"name\":\"Restauranger\",\"item\":\"https:\/\/visitkalajoki.fi\/sv\/at-drick\/restauranger\/\"},{\"@type\":\"ListItem\",\"position\":3,\"name\":\"Henry\u2019s Saloon\"}]},{\"@type\":\"WebSite\",\"@id\":\"https:\/\/visitkalajoki.fi\/sv\/#website\",\"url\":\"https:\/\/visitkalajoki.fi\/sv\/\",\"name\":\"Visit Kalajoki\",\"description\":\"\",\"potentialAction\":[{\"@type\":\"SearchAction\",\"target\":{\"@type\":\"EntryPoint\",\"urlTemplate\":\"https:\/\/visitkalajoki.fi\/sv\/?s={search_term_string}\"},\"query-input\":{\"@type\":\"PropertyValueSpecification\",\"valueRequired\":true,\"valueName\":\"search_term_string\"}}],\"inLanguage\":\"sv-SE\"}]}<\/script>\n<!-- \/ Yoast SEO plugin. -->","yoast_head_json":{"title":"Henry\u2019s Saloon - Visit Kalajoki","description":"I Henry\u2019s Saloon stiger du in i vilda v\u00e4stern mitt i Hiekkas\u00e4rk\u00e4t! H\u00e4r kan du njuta av restaurangens egna delikatesser, kycklingvingar, pizzor och andra l\u00e4ckerbitar.","robots":{"index":"index","follow":"follow","max-snippet":"max-snippet:-1","max-image-preview":"max-image-preview:large","max-video-preview":"max-video-preview:-1"},"canonical":"https:\/\/visitkalajoki.fi\/sv\/at-drick\/restauranger\/henrys-saloon\/","og_locale":"sv_SE","og_type":"article","og_title":"Henry\u2019s Saloon - Visit Kalajoki","og_description":"I Henry\u2019s Saloon stiger du in i vilda v\u00e4stern mitt i Hiekkas\u00e4rk\u00e4t! H\u00e4r kan du njuta av restaurangens egna delikatesser, kycklingvingar, pizzor och andra l\u00e4ckerbitar.","og_url":"https:\/\/visitkalajoki.fi\/sv\/at-drick\/restauranger\/henrys-saloon\/","og_site_name":"Visit Kalajoki","article_publisher":"https:\/\/www.facebook.com\/visitkalajoki","article_modified_time":"2023-04-04T09:46:59+00:00","og_image":[{"width":1920,"height":720,"url":"https:\/\/visitkalajoki.fi\/wp-content\/uploads\/2019\/06\/1920x720_henrys_saloon-2.jpg","type":"image\/jpeg"}],"twitter_card":"summary_large_image","twitter_site":"@Kalajoki","schema":{"@context":"https:\/\/schema.org","@graph":[{"@type":"WebPage","@id":"https:\/\/visitkalajoki.fi\/sv\/at-drick\/restauranger\/henrys-saloon\/","url":"https:\/\/visitkalajoki.fi\/sv\/at-drick\/restauranger\/henrys-saloon\/","name":"Henry\u2019s Saloon - Visit Kalajoki","isPartOf":{"@id":"https:\/\/visitkalajoki.fi\/sv\/#website"},"primaryImageOfPage":{"@id":"https:\/\/visitkalajoki.fi\/sv\/at-drick\/restauranger\/henrys-saloon\/#primaryimage"},"image":{"@id":"https:\/\/visitkalajoki.fi\/sv\/at-drick\/restauranger\/henrys-saloon\/#primaryimage"},"thumbnailUrl":"https:\/\/visitkalajoki.fi\/wp-content\/uploads\/2019\/06\/1920x720_henrys_saloon-2.jpg","datePublished":"2019-04-03T12:02:21+00:00","dateModified":"2023-04-04T09:46:59+00:00","description":"I Henry\u2019s Saloon stiger du in i vilda v\u00e4stern mitt i Hiekkas\u00e4rk\u00e4t! H\u00e4r kan du njuta av restaurangens egna delikatesser, kycklingvingar, pizzor och andra l\u00e4ckerbitar.","breadcrumb":{"@id":"https:\/\/visitkalajoki.fi\/sv\/at-drick\/restauranger\/henrys-saloon\/#breadcrumb"},"inLanguage":"sv-SE","potentialAction":[{"@type":"ReadAction","target":["https:\/\/visitkalajoki.fi\/sv\/at-drick\/restauranger\/henrys-saloon\/"]}]},{"@type":"ImageObject","inLanguage":"sv-SE","@id":"https:\/\/visitkalajoki.fi\/sv\/at-drick\/restauranger\/henrys-saloon\/#primaryimage","url":"https:\/\/visitkalajoki.fi\/wp-content\/uploads\/2019\/06\/1920x720_henrys_saloon-2.jpg","contentUrl":"https:\/\/visitkalajoki.fi\/wp-content\/uploads\/2019\/06\/1920x720_henrys_saloon-2.jpg","width":1920,"height":720},{"@type":"BreadcrumbList","@id":"https:\/\/visitkalajoki.fi\/sv\/at-drick\/restauranger\/henrys-saloon\/#breadcrumb","itemListElement":[{"@type":"ListItem","position":1,"name":"\u00c4t &#038; drick","item":"https:\/\/visitkalajoki.fi\/sv\/at-drick\/"},{"@type":"ListItem","position":2,"name":"Restauranger","item":"https:\/\/visitkalajoki.fi\/sv\/at-drick\/restauranger\/"},{"@type":"ListItem","position":3,"name":"Henry\u2019s Saloon"}]},{"@type":"WebSite","@id":"https:\/\/visitkalajoki.fi\/sv\/#website","url":"https:\/\/visitkalajoki.fi\/sv\/","name":"Visit Kalajoki","description":"","potentialAction":[{"@type":"SearchAction","target":{"@type":"EntryPoint","urlTemplate":"https:\/\/visitkalajoki.fi\/sv\/?s={search_term_string}"},"query-input":{"@type":"PropertyValueSpecification","valueRequired":true,"valueName":"search_term_string"}}],"inLanguage":"sv-SE"}]}},"_links":{"self":[{"href":"https:\/\/visitkalajoki.fi\/sv\/wp-json\/wp\/v2\/pages\/8138","targetHints":{"allow":["GET"]}}],"collection":[{"href":"https:\/\/visitkalajoki.fi\/sv\/wp-json\/wp\/v2\/pages"}],"about":[{"href":"https:\/\/visitkalajoki.fi\/sv\/wp-json\/wp\/v2\/types\/page"}],"author":[{"embeddable":true,"href":"https:\/\/visitkalajoki.fi\/sv\/wp-json\/wp\/v2\/users\/20"}],"replies":[{"embeddable":true,"href":"https:\/\/visitkalajoki.fi\/sv\/wp-json\/wp\/v2\/comments?post=8138"}],"version-history":[{"count":4,"href":"https:\/\/visitkalajoki.fi\/sv\/wp-json\/wp\/v2\/pages\/8138\/revisions"}],"predecessor-version":[{"id":29016,"href":"https:\/\/visitkalajoki.fi\/sv\/wp-json\/wp\/v2\/pages\/8138\/revisions\/29016"}],"up":[{"embeddable":true,"href":"https:\/\/visitkalajoki.fi\/sv\/wp-json\/wp\/v2\/pages\/7985"}],"wp:featuredmedia":[{"embeddable":true,"href":"https:\/\/visitkalajoki.fi\/sv\/wp-json\/wp\/v2\/media\/8552"}],"wp:attachment":[{"href":"https:\/\/visitkalajoki.fi\/sv\/wp-json\/wp\/v2\/media?parent=8138"}],"curies":[{"name":"wp","href":"https:\/\/api.w.org\/{rel}","templated":true}]}}