{"id":8160,"date":"2019-04-03T11:35:59","date_gmt":"2019-04-03T11:35:59","guid":{"rendered":"http:\/\/ntrnz.com\/asiakas\/visitkalajoki2019\/at-drick\/restauranger\/sandy-kelt\/"},"modified":"2020-05-07T14:02:23","modified_gmt":"2020-05-07T11:02:23","slug":"sandy-kelt","status":"publish","type":"page","link":"https:\/\/visitkalajoki.fi\/sv\/at-drick\/restauranger\/sandy-kelt\/","title":{"rendered":"Sandy Kelt"},"content":{"rendered":"","protected":false},"excerpt":{"rendered":"","protected":false},"author":20,"featured_media":3158,"parent":7985,"menu_order":0,"comment_status":"closed","ping_status":"closed","template":"","meta":{"_acf_changed":false,"footnotes":""},"class_list":["post-8160","page","type-page","status-publish","has-post-thumbnail","hentry"],"acf":[],"yoast_head":"<!-- This site is optimized with the Yoast SEO plugin v27.4 - https:\/\/yoast.com\/product\/yoast-seo-wordpress\/ -->\n<title>Sandy Kelt - Irish Bar - Visit Kalajoki<\/title>\n<meta name=\"description\" content=\"Sandy Kelt \u00e4r autentisk irl\u00e4ndsk bar som bjuder p\u00e5 varm keltisk st\u00e4mning och internationell gastropub-mat.\" \/>\n<meta name=\"robots\" content=\"index, follow, max-snippet:-1, max-image-preview:large, max-video-preview:-1\" \/>\n<link rel=\"canonical\" href=\"https:\/\/visitkalajoki.fi\/sv\/at-drick\/restauranger\/sandy-kelt\/\" \/>\n<meta property=\"og:locale\" content=\"sv_SE\" \/>\n<meta property=\"og:type\" content=\"article\" \/>\n<meta property=\"og:title\" content=\"Sandy Kelt - Irish Bar - Visit Kalajoki\" \/>\n<meta property=\"og:description\" content=\"Sandy Kelt \u00e4r autentisk irl\u00e4ndsk bar som bjuder p\u00e5 varm keltisk st\u00e4mning och internationell gastropub-mat.\" \/>\n<meta property=\"og:url\" content=\"https:\/\/visitkalajoki.fi\/sv\/at-drick\/restauranger\/sandy-kelt\/\" \/>\n<meta property=\"og:site_name\" content=\"Visit Kalajoki\" \/>\n<meta property=\"article:publisher\" content=\"https:\/\/www.facebook.com\/visitkalajoki\" \/>\n<meta property=\"article:modified_time\" content=\"2020-05-07T11:02:23+00:00\" \/>\n<meta property=\"og:image\" content=\"https:\/\/visitkalajoki.fi\/wp-content\/uploads\/2019\/04\/1920x720_sandykelt_ravintolat-min.jpg\" \/>\n\t<meta property=\"og:image:width\" content=\"1920\" \/>\n\t<meta property=\"og:image:height\" content=\"720\" \/>\n\t<meta property=\"og:image:type\" content=\"image\/jpeg\" \/>\n<meta name=\"twitter:card\" content=\"summary_large_image\" \/>\n<meta name=\"twitter:site\" content=\"@Kalajoki\" \/>\n<script type=\"application\/ld+json\" class=\"yoast-schema-graph\">{\"@context\":\"https:\\\/\\\/schema.org\",\"@graph\":[{\"@type\":\"WebPage\",\"@id\":\"https:\\\/\\\/visitkalajoki.fi\\\/sv\\\/at-drick\\\/restauranger\\\/sandy-kelt\\\/\",\"url\":\"https:\\\/\\\/visitkalajoki.fi\\\/sv\\\/at-drick\\\/restauranger\\\/sandy-kelt\\\/\",\"name\":\"Sandy Kelt - Irish Bar - Visit Kalajoki\",\"isPartOf\":{\"@id\":\"https:\\\/\\\/visitkalajoki.fi\\\/sv\\\/#website\"},\"primaryImageOfPage\":{\"@id\":\"https:\\\/\\\/visitkalajoki.fi\\\/sv\\\/at-drick\\\/restauranger\\\/sandy-kelt\\\/#primaryimage\"},\"image\":{\"@id\":\"https:\\\/\\\/visitkalajoki.fi\\\/sv\\\/at-drick\\\/restauranger\\\/sandy-kelt\\\/#primaryimage\"},\"thumbnailUrl\":\"https:\\\/\\\/visitkalajoki.fi\\\/wp-content\\\/uploads\\\/2019\\\/04\\\/1920x720_sandykelt_ravintolat-min.jpg\",\"datePublished\":\"2019-04-03T11:35:59+00:00\",\"dateModified\":\"2020-05-07T11:02:23+00:00\",\"description\":\"Sandy Kelt \u00e4r autentisk irl\u00e4ndsk bar som bjuder p\u00e5 varm keltisk st\u00e4mning och internationell gastropub-mat.\",\"breadcrumb\":{\"@id\":\"https:\\\/\\\/visitkalajoki.fi\\\/sv\\\/at-drick\\\/restauranger\\\/sandy-kelt\\\/#breadcrumb\"},\"inLanguage\":\"sv-SE\",\"potentialAction\":[{\"@type\":\"ReadAction\",\"target\":[\"https:\\\/\\\/visitkalajoki.fi\\\/sv\\\/at-drick\\\/restauranger\\\/sandy-kelt\\\/\"]}]},{\"@type\":\"ImageObject\",\"inLanguage\":\"sv-SE\",\"@id\":\"https:\\\/\\\/visitkalajoki.fi\\\/sv\\\/at-drick\\\/restauranger\\\/sandy-kelt\\\/#primaryimage\",\"url\":\"https:\\\/\\\/visitkalajoki.fi\\\/wp-content\\\/uploads\\\/2019\\\/04\\\/1920x720_sandykelt_ravintolat-min.jpg\",\"contentUrl\":\"https:\\\/\\\/visitkalajoki.fi\\\/wp-content\\\/uploads\\\/2019\\\/04\\\/1920x720_sandykelt_ravintolat-min.jpg\",\"width\":1920,\"height\":720},{\"@type\":\"BreadcrumbList\",\"@id\":\"https:\\\/\\\/visitkalajoki.fi\\\/sv\\\/at-drick\\\/restauranger\\\/sandy-kelt\\\/#breadcrumb\",\"itemListElement\":[{\"@type\":\"ListItem\",\"position\":1,\"name\":\"\u00c4t &#038; drick\",\"item\":\"https:\\\/\\\/visitkalajoki.fi\\\/sv\\\/at-drick\\\/\"},{\"@type\":\"ListItem\",\"position\":2,\"name\":\"Restauranger\",\"item\":\"https:\\\/\\\/visitkalajoki.fi\\\/sv\\\/at-drick\\\/restauranger\\\/\"},{\"@type\":\"ListItem\",\"position\":3,\"name\":\"Sandy Kelt\"}]},{\"@type\":\"WebSite\",\"@id\":\"https:\\\/\\\/visitkalajoki.fi\\\/sv\\\/#website\",\"url\":\"https:\\\/\\\/visitkalajoki.fi\\\/sv\\\/\",\"name\":\"Visit Kalajoki\",\"description\":\"\",\"potentialAction\":[{\"@type\":\"SearchAction\",\"target\":{\"@type\":\"EntryPoint\",\"urlTemplate\":\"https:\\\/\\\/visitkalajoki.fi\\\/sv\\\/?s={search_term_string}\"},\"query-input\":{\"@type\":\"PropertyValueSpecification\",\"valueRequired\":true,\"valueName\":\"search_term_string\"}}],\"inLanguage\":\"sv-SE\"}]}<\/script>\n<!-- \/ Yoast SEO plugin. -->","yoast_head_json":{"title":"Sandy Kelt - Irish Bar - Visit Kalajoki","description":"Sandy Kelt \u00e4r autentisk irl\u00e4ndsk bar som bjuder p\u00e5 varm keltisk st\u00e4mning och internationell gastropub-mat.","robots":{"index":"index","follow":"follow","max-snippet":"max-snippet:-1","max-image-preview":"max-image-preview:large","max-video-preview":"max-video-preview:-1"},"canonical":"https:\/\/visitkalajoki.fi\/sv\/at-drick\/restauranger\/sandy-kelt\/","og_locale":"sv_SE","og_type":"article","og_title":"Sandy Kelt - Irish Bar - Visit Kalajoki","og_description":"Sandy Kelt \u00e4r autentisk irl\u00e4ndsk bar som bjuder p\u00e5 varm keltisk st\u00e4mning och internationell gastropub-mat.","og_url":"https:\/\/visitkalajoki.fi\/sv\/at-drick\/restauranger\/sandy-kelt\/","og_site_name":"Visit Kalajoki","article_publisher":"https:\/\/www.facebook.com\/visitkalajoki","article_modified_time":"2020-05-07T11:02:23+00:00","og_image":[{"width":1920,"height":720,"url":"https:\/\/visitkalajoki.fi\/wp-content\/uploads\/2019\/04\/1920x720_sandykelt_ravintolat-min.jpg","type":"image\/jpeg"}],"twitter_card":"summary_large_image","twitter_site":"@Kalajoki","schema":{"@context":"https:\/\/schema.org","@graph":[{"@type":"WebPage","@id":"https:\/\/visitkalajoki.fi\/sv\/at-drick\/restauranger\/sandy-kelt\/","url":"https:\/\/visitkalajoki.fi\/sv\/at-drick\/restauranger\/sandy-kelt\/","name":"Sandy Kelt - Irish Bar - Visit Kalajoki","isPartOf":{"@id":"https:\/\/visitkalajoki.fi\/sv\/#website"},"primaryImageOfPage":{"@id":"https:\/\/visitkalajoki.fi\/sv\/at-drick\/restauranger\/sandy-kelt\/#primaryimage"},"image":{"@id":"https:\/\/visitkalajoki.fi\/sv\/at-drick\/restauranger\/sandy-kelt\/#primaryimage"},"thumbnailUrl":"https:\/\/visitkalajoki.fi\/wp-content\/uploads\/2019\/04\/1920x720_sandykelt_ravintolat-min.jpg","datePublished":"2019-04-03T11:35:59+00:00","dateModified":"2020-05-07T11:02:23+00:00","description":"Sandy Kelt \u00e4r autentisk irl\u00e4ndsk bar som bjuder p\u00e5 varm keltisk st\u00e4mning och internationell gastropub-mat.","breadcrumb":{"@id":"https:\/\/visitkalajoki.fi\/sv\/at-drick\/restauranger\/sandy-kelt\/#breadcrumb"},"inLanguage":"sv-SE","potentialAction":[{"@type":"ReadAction","target":["https:\/\/visitkalajoki.fi\/sv\/at-drick\/restauranger\/sandy-kelt\/"]}]},{"@type":"ImageObject","inLanguage":"sv-SE","@id":"https:\/\/visitkalajoki.fi\/sv\/at-drick\/restauranger\/sandy-kelt\/#primaryimage","url":"https:\/\/visitkalajoki.fi\/wp-content\/uploads\/2019\/04\/1920x720_sandykelt_ravintolat-min.jpg","contentUrl":"https:\/\/visitkalajoki.fi\/wp-content\/uploads\/2019\/04\/1920x720_sandykelt_ravintolat-min.jpg","width":1920,"height":720},{"@type":"BreadcrumbList","@id":"https:\/\/visitkalajoki.fi\/sv\/at-drick\/restauranger\/sandy-kelt\/#breadcrumb","itemListElement":[{"@type":"ListItem","position":1,"name":"\u00c4t &#038; drick","item":"https:\/\/visitkalajoki.fi\/sv\/at-drick\/"},{"@type":"ListItem","position":2,"name":"Restauranger","item":"https:\/\/visitkalajoki.fi\/sv\/at-drick\/restauranger\/"},{"@type":"ListItem","position":3,"name":"Sandy Kelt"}]},{"@type":"WebSite","@id":"https:\/\/visitkalajoki.fi\/sv\/#website","url":"https:\/\/visitkalajoki.fi\/sv\/","name":"Visit Kalajoki","description":"","potentialAction":[{"@type":"SearchAction","target":{"@type":"EntryPoint","urlTemplate":"https:\/\/visitkalajoki.fi\/sv\/?s={search_term_string}"},"query-input":{"@type":"PropertyValueSpecification","valueRequired":true,"valueName":"search_term_string"}}],"inLanguage":"sv-SE"}]}},"_links":{"self":[{"href":"https:\/\/visitkalajoki.fi\/sv\/wp-json\/wp\/v2\/pages\/8160","targetHints":{"allow":["GET"]}}],"collection":[{"href":"https:\/\/visitkalajoki.fi\/sv\/wp-json\/wp\/v2\/pages"}],"about":[{"href":"https:\/\/visitkalajoki.fi\/sv\/wp-json\/wp\/v2\/types\/page"}],"author":[{"embeddable":true,"href":"https:\/\/visitkalajoki.fi\/sv\/wp-json\/wp\/v2\/users\/20"}],"replies":[{"embeddable":true,"href":"https:\/\/visitkalajoki.fi\/sv\/wp-json\/wp\/v2\/comments?post=8160"}],"version-history":[{"count":2,"href":"https:\/\/visitkalajoki.fi\/sv\/wp-json\/wp\/v2\/pages\/8160\/revisions"}],"predecessor-version":[{"id":16746,"href":"https:\/\/visitkalajoki.fi\/sv\/wp-json\/wp\/v2\/pages\/8160\/revisions\/16746"}],"up":[{"embeddable":true,"href":"https:\/\/visitkalajoki.fi\/sv\/wp-json\/wp\/v2\/pages\/7985"}],"wp:featuredmedia":[{"embeddable":true,"href":"https:\/\/visitkalajoki.fi\/sv\/wp-json\/wp\/v2\/media\/3158"}],"wp:attachment":[{"href":"https:\/\/visitkalajoki.fi\/sv\/wp-json\/wp\/v2\/media?parent=8160"}],"curies":[{"name":"wp","href":"https:\/\/api.w.org\/{rel}","templated":true}]}}