{"id":8219,"date":"2019-04-03T09:25:02","date_gmt":"2019-04-03T09:25:02","guid":{"rendered":"http:\/\/ntrnz.com\/asiakas\/visitkalajoki2019\/shoppa\/k-supermarket-kalajoki\/"},"modified":"2020-09-01T12:24:37","modified_gmt":"2020-09-01T09:24:37","slug":"k-supermarket-kalajoki","status":"publish","type":"page","link":"https:\/\/visitkalajoki.fi\/sv\/shoppa\/k-supermarket-kalajoki\/","title":{"rendered":"K-supermarket Kalajoki"},"content":{"rendered":"","protected":false},"excerpt":{"rendered":"","protected":false},"author":20,"featured_media":3261,"parent":8209,"menu_order":0,"comment_status":"closed","ping_status":"closed","template":"","meta":{"_acf_changed":false,"footnotes":""},"class_list":["post-8219","page","type-page","status-publish","has-post-thumbnail","hentry"],"acf":[],"yoast_head":"<!-- This site is optimized with the Yoast SEO plugin v27.4 - https:\/\/yoast.com\/product\/yoast-seo-wordpress\/ -->\n<title>K-supermarket Kalajoki - Visit Kalajoki<\/title>\n<meta name=\"description\" content=\"I Kalajoki centrum, i butiken utmed Riksv\u00e4g 8 hittar du livsmedel och dagligvaror. I anslutning till butiken finns en Osta &amp; nosta-punkt, Kalajoki Alko, Veikkaus spelautomater, Matkahuoltos avh\u00e4mtningsst\u00e4lle samt en \u00e5tervinningspunkt.\" \/>\n<meta name=\"robots\" content=\"index, follow, max-snippet:-1, max-image-preview:large, max-video-preview:-1\" \/>\n<link rel=\"canonical\" href=\"https:\/\/visitkalajoki.fi\/sv\/shoppa\/k-supermarket-kalajoki\/\" \/>\n<meta property=\"og:locale\" content=\"sv_SE\" \/>\n<meta property=\"og:type\" content=\"article\" \/>\n<meta property=\"og:title\" content=\"K-supermarket Kalajoki - Visit Kalajoki\" \/>\n<meta property=\"og:description\" content=\"I Kalajoki centrum, i butiken utmed Riksv\u00e4g 8 hittar du livsmedel och dagligvaror. I anslutning till butiken finns en Osta &amp; nosta-punkt, Kalajoki Alko, Veikkaus spelautomater, Matkahuoltos avh\u00e4mtningsst\u00e4lle samt en \u00e5tervinningspunkt.\" \/>\n<meta property=\"og:url\" content=\"https:\/\/visitkalajoki.fi\/sv\/shoppa\/k-supermarket-kalajoki\/\" \/>\n<meta property=\"og:site_name\" content=\"Visit Kalajoki\" \/>\n<meta property=\"article:publisher\" content=\"https:\/\/www.facebook.com\/visitkalajoki\" \/>\n<meta property=\"article:modified_time\" content=\"2020-09-01T09:24:37+00:00\" \/>\n<meta property=\"og:image\" content=\"https:\/\/visitkalajoki.fi\/wp-content\/uploads\/2019\/04\/1920x720_ksupermarket-min.jpg\" \/>\n\t<meta property=\"og:image:width\" content=\"1920\" \/>\n\t<meta property=\"og:image:height\" content=\"720\" \/>\n\t<meta property=\"og:image:type\" content=\"image\/jpeg\" \/>\n<meta name=\"twitter:card\" content=\"summary_large_image\" \/>\n<meta name=\"twitter:site\" content=\"@Kalajoki\" \/>\n<script type=\"application\/ld+json\" class=\"yoast-schema-graph\">{\"@context\":\"https:\\\/\\\/schema.org\",\"@graph\":[{\"@type\":\"WebPage\",\"@id\":\"https:\\\/\\\/visitkalajoki.fi\\\/sv\\\/shoppa\\\/k-supermarket-kalajoki\\\/\",\"url\":\"https:\\\/\\\/visitkalajoki.fi\\\/sv\\\/shoppa\\\/k-supermarket-kalajoki\\\/\",\"name\":\"K-supermarket Kalajoki - Visit Kalajoki\",\"isPartOf\":{\"@id\":\"https:\\\/\\\/visitkalajoki.fi\\\/sv\\\/#website\"},\"primaryImageOfPage\":{\"@id\":\"https:\\\/\\\/visitkalajoki.fi\\\/sv\\\/shoppa\\\/k-supermarket-kalajoki\\\/#primaryimage\"},\"image\":{\"@id\":\"https:\\\/\\\/visitkalajoki.fi\\\/sv\\\/shoppa\\\/k-supermarket-kalajoki\\\/#primaryimage\"},\"thumbnailUrl\":\"https:\\\/\\\/visitkalajoki.fi\\\/wp-content\\\/uploads\\\/2019\\\/04\\\/1920x720_ksupermarket-min.jpg\",\"datePublished\":\"2019-04-03T09:25:02+00:00\",\"dateModified\":\"2020-09-01T09:24:37+00:00\",\"description\":\"I Kalajoki centrum, i butiken utmed Riksv\u00e4g 8 hittar du livsmedel och dagligvaror. I anslutning till butiken finns en Osta & nosta-punkt, Kalajoki Alko, Veikkaus spelautomater, Matkahuoltos avh\u00e4mtningsst\u00e4lle samt en \u00e5tervinningspunkt.\",\"breadcrumb\":{\"@id\":\"https:\\\/\\\/visitkalajoki.fi\\\/sv\\\/shoppa\\\/k-supermarket-kalajoki\\\/#breadcrumb\"},\"inLanguage\":\"sv-SE\",\"potentialAction\":[{\"@type\":\"ReadAction\",\"target\":[\"https:\\\/\\\/visitkalajoki.fi\\\/sv\\\/shoppa\\\/k-supermarket-kalajoki\\\/\"]}]},{\"@type\":\"ImageObject\",\"inLanguage\":\"sv-SE\",\"@id\":\"https:\\\/\\\/visitkalajoki.fi\\\/sv\\\/shoppa\\\/k-supermarket-kalajoki\\\/#primaryimage\",\"url\":\"https:\\\/\\\/visitkalajoki.fi\\\/wp-content\\\/uploads\\\/2019\\\/04\\\/1920x720_ksupermarket-min.jpg\",\"contentUrl\":\"https:\\\/\\\/visitkalajoki.fi\\\/wp-content\\\/uploads\\\/2019\\\/04\\\/1920x720_ksupermarket-min.jpg\",\"width\":1920,\"height\":720},{\"@type\":\"BreadcrumbList\",\"@id\":\"https:\\\/\\\/visitkalajoki.fi\\\/sv\\\/shoppa\\\/k-supermarket-kalajoki\\\/#breadcrumb\",\"itemListElement\":[{\"@type\":\"ListItem\",\"position\":1,\"name\":\"Shoppa\",\"item\":\"https:\\\/\\\/visitkalajoki.fi\\\/sv\\\/shoppa\\\/\"},{\"@type\":\"ListItem\",\"position\":2,\"name\":\"K-supermarket Kalajoki\"}]},{\"@type\":\"WebSite\",\"@id\":\"https:\\\/\\\/visitkalajoki.fi\\\/sv\\\/#website\",\"url\":\"https:\\\/\\\/visitkalajoki.fi\\\/sv\\\/\",\"name\":\"Visit Kalajoki\",\"description\":\"\",\"potentialAction\":[{\"@type\":\"SearchAction\",\"target\":{\"@type\":\"EntryPoint\",\"urlTemplate\":\"https:\\\/\\\/visitkalajoki.fi\\\/sv\\\/?s={search_term_string}\"},\"query-input\":{\"@type\":\"PropertyValueSpecification\",\"valueRequired\":true,\"valueName\":\"search_term_string\"}}],\"inLanguage\":\"sv-SE\"}]}<\/script>\n<!-- \/ Yoast SEO plugin. -->","yoast_head_json":{"title":"K-supermarket Kalajoki - Visit Kalajoki","description":"I Kalajoki centrum, i butiken utmed Riksv\u00e4g 8 hittar du livsmedel och dagligvaror. I anslutning till butiken finns en Osta & nosta-punkt, Kalajoki Alko, Veikkaus spelautomater, Matkahuoltos avh\u00e4mtningsst\u00e4lle samt en \u00e5tervinningspunkt.","robots":{"index":"index","follow":"follow","max-snippet":"max-snippet:-1","max-image-preview":"max-image-preview:large","max-video-preview":"max-video-preview:-1"},"canonical":"https:\/\/visitkalajoki.fi\/sv\/shoppa\/k-supermarket-kalajoki\/","og_locale":"sv_SE","og_type":"article","og_title":"K-supermarket Kalajoki - Visit Kalajoki","og_description":"I Kalajoki centrum, i butiken utmed Riksv\u00e4g 8 hittar du livsmedel och dagligvaror. I anslutning till butiken finns en Osta & nosta-punkt, Kalajoki Alko, Veikkaus spelautomater, Matkahuoltos avh\u00e4mtningsst\u00e4lle samt en \u00e5tervinningspunkt.","og_url":"https:\/\/visitkalajoki.fi\/sv\/shoppa\/k-supermarket-kalajoki\/","og_site_name":"Visit Kalajoki","article_publisher":"https:\/\/www.facebook.com\/visitkalajoki","article_modified_time":"2020-09-01T09:24:37+00:00","og_image":[{"width":1920,"height":720,"url":"https:\/\/visitkalajoki.fi\/wp-content\/uploads\/2019\/04\/1920x720_ksupermarket-min.jpg","type":"image\/jpeg"}],"twitter_card":"summary_large_image","twitter_site":"@Kalajoki","schema":{"@context":"https:\/\/schema.org","@graph":[{"@type":"WebPage","@id":"https:\/\/visitkalajoki.fi\/sv\/shoppa\/k-supermarket-kalajoki\/","url":"https:\/\/visitkalajoki.fi\/sv\/shoppa\/k-supermarket-kalajoki\/","name":"K-supermarket Kalajoki - Visit Kalajoki","isPartOf":{"@id":"https:\/\/visitkalajoki.fi\/sv\/#website"},"primaryImageOfPage":{"@id":"https:\/\/visitkalajoki.fi\/sv\/shoppa\/k-supermarket-kalajoki\/#primaryimage"},"image":{"@id":"https:\/\/visitkalajoki.fi\/sv\/shoppa\/k-supermarket-kalajoki\/#primaryimage"},"thumbnailUrl":"https:\/\/visitkalajoki.fi\/wp-content\/uploads\/2019\/04\/1920x720_ksupermarket-min.jpg","datePublished":"2019-04-03T09:25:02+00:00","dateModified":"2020-09-01T09:24:37+00:00","description":"I Kalajoki centrum, i butiken utmed Riksv\u00e4g 8 hittar du livsmedel och dagligvaror. I anslutning till butiken finns en Osta & nosta-punkt, Kalajoki Alko, Veikkaus spelautomater, Matkahuoltos avh\u00e4mtningsst\u00e4lle samt en \u00e5tervinningspunkt.","breadcrumb":{"@id":"https:\/\/visitkalajoki.fi\/sv\/shoppa\/k-supermarket-kalajoki\/#breadcrumb"},"inLanguage":"sv-SE","potentialAction":[{"@type":"ReadAction","target":["https:\/\/visitkalajoki.fi\/sv\/shoppa\/k-supermarket-kalajoki\/"]}]},{"@type":"ImageObject","inLanguage":"sv-SE","@id":"https:\/\/visitkalajoki.fi\/sv\/shoppa\/k-supermarket-kalajoki\/#primaryimage","url":"https:\/\/visitkalajoki.fi\/wp-content\/uploads\/2019\/04\/1920x720_ksupermarket-min.jpg","contentUrl":"https:\/\/visitkalajoki.fi\/wp-content\/uploads\/2019\/04\/1920x720_ksupermarket-min.jpg","width":1920,"height":720},{"@type":"BreadcrumbList","@id":"https:\/\/visitkalajoki.fi\/sv\/shoppa\/k-supermarket-kalajoki\/#breadcrumb","itemListElement":[{"@type":"ListItem","position":1,"name":"Shoppa","item":"https:\/\/visitkalajoki.fi\/sv\/shoppa\/"},{"@type":"ListItem","position":2,"name":"K-supermarket Kalajoki"}]},{"@type":"WebSite","@id":"https:\/\/visitkalajoki.fi\/sv\/#website","url":"https:\/\/visitkalajoki.fi\/sv\/","name":"Visit Kalajoki","description":"","potentialAction":[{"@type":"SearchAction","target":{"@type":"EntryPoint","urlTemplate":"https:\/\/visitkalajoki.fi\/sv\/?s={search_term_string}"},"query-input":{"@type":"PropertyValueSpecification","valueRequired":true,"valueName":"search_term_string"}}],"inLanguage":"sv-SE"}]}},"_links":{"self":[{"href":"https:\/\/visitkalajoki.fi\/sv\/wp-json\/wp\/v2\/pages\/8219","targetHints":{"allow":["GET"]}}],"collection":[{"href":"https:\/\/visitkalajoki.fi\/sv\/wp-json\/wp\/v2\/pages"}],"about":[{"href":"https:\/\/visitkalajoki.fi\/sv\/wp-json\/wp\/v2\/types\/page"}],"author":[{"embeddable":true,"href":"https:\/\/visitkalajoki.fi\/sv\/wp-json\/wp\/v2\/users\/20"}],"replies":[{"embeddable":true,"href":"https:\/\/visitkalajoki.fi\/sv\/wp-json\/wp\/v2\/comments?post=8219"}],"version-history":[{"count":3,"href":"https:\/\/visitkalajoki.fi\/sv\/wp-json\/wp\/v2\/pages\/8219\/revisions"}],"predecessor-version":[{"id":18902,"href":"https:\/\/visitkalajoki.fi\/sv\/wp-json\/wp\/v2\/pages\/8219\/revisions\/18902"}],"up":[{"embeddable":true,"href":"https:\/\/visitkalajoki.fi\/sv\/wp-json\/wp\/v2\/pages\/8209"}],"wp:featuredmedia":[{"embeddable":true,"href":"https:\/\/visitkalajoki.fi\/sv\/wp-json\/wp\/v2\/media\/3261"}],"wp:attachment":[{"href":"https:\/\/visitkalajoki.fi\/sv\/wp-json\/wp\/v2\/media?parent=8219"}],"curies":[{"name":"wp","href":"https:\/\/api.w.org\/{rel}","templated":true}]}}