{"id":8228,"date":"2019-04-03T09:23:54","date_gmt":"2019-04-03T09:23:54","guid":{"rendered":"http:\/\/ntrnz.com\/asiakas\/visitkalajoki2019\/shoppa\/lohilaakso-souvenirs\/"},"modified":"2020-06-24T16:45:55","modified_gmt":"2020-06-24T13:45:55","slug":"lohilaakso-smyckesbutik","status":"publish","type":"page","link":"https:\/\/visitkalajoki.fi\/sv\/shoppa\/lohilaakso-smyckesbutik\/","title":{"rendered":"Lohilaakso smyckesbutik"},"content":{"rendered":"","protected":false},"excerpt":{"rendered":"","protected":false},"author":20,"featured_media":3293,"parent":8209,"menu_order":0,"comment_status":"closed","ping_status":"closed","template":"","meta":{"_acf_changed":false,"footnotes":""},"class_list":["post-8228","page","type-page","status-publish","has-post-thumbnail","hentry"],"acf":[],"yoast_head":"<!-- This site is optimized with the Yoast SEO plugin v27.2 - https:\/\/yoast.com\/product\/yoast-seo-wordpress\/ -->\n<title>Lohilaakso smyckesbutik - Visit Kalajoki<\/title>\n<meta name=\"description\" content=\"I Lohilaakso hittar du Kalajoki-postkort och magneter, orosdockor och r\u00f6kelser samt egentillverkade f\u00e4rggranna halsband, \u00f6rh\u00e4ngen och armband.\" \/>\n<meta name=\"robots\" content=\"index, follow, max-snippet:-1, max-image-preview:large, max-video-preview:-1\" \/>\n<link rel=\"canonical\" href=\"https:\/\/visitkalajoki.fi\/sv\/shoppa\/lohilaakso-smyckesbutik\/\" \/>\n<meta property=\"og:locale\" content=\"sv_SE\" \/>\n<meta property=\"og:type\" content=\"article\" \/>\n<meta property=\"og:title\" content=\"Lohilaakso smyckesbutik - Visit Kalajoki\" \/>\n<meta property=\"og:description\" content=\"I Lohilaakso hittar du Kalajoki-postkort och magneter, orosdockor och r\u00f6kelser samt egentillverkade f\u00e4rggranna halsband, \u00f6rh\u00e4ngen och armband.\" \/>\n<meta property=\"og:url\" content=\"https:\/\/visitkalajoki.fi\/sv\/shoppa\/lohilaakso-smyckesbutik\/\" \/>\n<meta property=\"og:site_name\" content=\"Visit Kalajoki\" \/>\n<meta property=\"article:publisher\" content=\"https:\/\/www.facebook.com\/visitkalajoki\" \/>\n<meta property=\"article:modified_time\" content=\"2020-06-24T13:45:55+00:00\" \/>\n<meta property=\"og:image\" content=\"https:\/\/visitkalajoki.fi\/wp-content\/uploads\/2019\/04\/1920x720_lohilaakson_koru-min.jpg\" \/>\n\t<meta property=\"og:image:width\" content=\"1920\" \/>\n\t<meta property=\"og:image:height\" content=\"720\" \/>\n\t<meta property=\"og:image:type\" content=\"image\/jpeg\" \/>\n<meta name=\"twitter:card\" content=\"summary_large_image\" \/>\n<meta name=\"twitter:site\" content=\"@Kalajoki\" \/>\n<script type=\"application\/ld+json\" class=\"yoast-schema-graph\">{\"@context\":\"https:\/\/schema.org\",\"@graph\":[{\"@type\":\"WebPage\",\"@id\":\"https:\/\/visitkalajoki.fi\/sv\/shoppa\/lohilaakso-smyckesbutik\/\",\"url\":\"https:\/\/visitkalajoki.fi\/sv\/shoppa\/lohilaakso-smyckesbutik\/\",\"name\":\"Lohilaakso smyckesbutik - Visit Kalajoki\",\"isPartOf\":{\"@id\":\"https:\/\/visitkalajoki.fi\/sv\/#website\"},\"primaryImageOfPage\":{\"@id\":\"https:\/\/visitkalajoki.fi\/sv\/shoppa\/lohilaakso-smyckesbutik\/#primaryimage\"},\"image\":{\"@id\":\"https:\/\/visitkalajoki.fi\/sv\/shoppa\/lohilaakso-smyckesbutik\/#primaryimage\"},\"thumbnailUrl\":\"https:\/\/visitkalajoki.fi\/wp-content\/uploads\/2019\/04\/1920x720_lohilaakson_koru-min.jpg\",\"datePublished\":\"2019-04-03T09:23:54+00:00\",\"dateModified\":\"2020-06-24T13:45:55+00:00\",\"description\":\"I Lohilaakso hittar du Kalajoki-postkort och magneter, orosdockor och r\u00f6kelser samt egentillverkade f\u00e4rggranna halsband, \u00f6rh\u00e4ngen och armband.\",\"breadcrumb\":{\"@id\":\"https:\/\/visitkalajoki.fi\/sv\/shoppa\/lohilaakso-smyckesbutik\/#breadcrumb\"},\"inLanguage\":\"sv-SE\",\"potentialAction\":[{\"@type\":\"ReadAction\",\"target\":[\"https:\/\/visitkalajoki.fi\/sv\/shoppa\/lohilaakso-smyckesbutik\/\"]}]},{\"@type\":\"ImageObject\",\"inLanguage\":\"sv-SE\",\"@id\":\"https:\/\/visitkalajoki.fi\/sv\/shoppa\/lohilaakso-smyckesbutik\/#primaryimage\",\"url\":\"https:\/\/visitkalajoki.fi\/wp-content\/uploads\/2019\/04\/1920x720_lohilaakson_koru-min.jpg\",\"contentUrl\":\"https:\/\/visitkalajoki.fi\/wp-content\/uploads\/2019\/04\/1920x720_lohilaakson_koru-min.jpg\",\"width\":1920,\"height\":720},{\"@type\":\"BreadcrumbList\",\"@id\":\"https:\/\/visitkalajoki.fi\/sv\/shoppa\/lohilaakso-smyckesbutik\/#breadcrumb\",\"itemListElement\":[{\"@type\":\"ListItem\",\"position\":1,\"name\":\"Shoppa\",\"item\":\"https:\/\/visitkalajoki.fi\/sv\/shoppa\/\"},{\"@type\":\"ListItem\",\"position\":2,\"name\":\"Lohilaakso smyckesbutik\"}]},{\"@type\":\"WebSite\",\"@id\":\"https:\/\/visitkalajoki.fi\/sv\/#website\",\"url\":\"https:\/\/visitkalajoki.fi\/sv\/\",\"name\":\"Visit Kalajoki\",\"description\":\"\",\"potentialAction\":[{\"@type\":\"SearchAction\",\"target\":{\"@type\":\"EntryPoint\",\"urlTemplate\":\"https:\/\/visitkalajoki.fi\/sv\/?s={search_term_string}\"},\"query-input\":{\"@type\":\"PropertyValueSpecification\",\"valueRequired\":true,\"valueName\":\"search_term_string\"}}],\"inLanguage\":\"sv-SE\"}]}<\/script>\n<!-- \/ Yoast SEO plugin. -->","yoast_head_json":{"title":"Lohilaakso smyckesbutik - Visit Kalajoki","description":"I Lohilaakso hittar du Kalajoki-postkort och magneter, orosdockor och r\u00f6kelser samt egentillverkade f\u00e4rggranna halsband, \u00f6rh\u00e4ngen och armband.","robots":{"index":"index","follow":"follow","max-snippet":"max-snippet:-1","max-image-preview":"max-image-preview:large","max-video-preview":"max-video-preview:-1"},"canonical":"https:\/\/visitkalajoki.fi\/sv\/shoppa\/lohilaakso-smyckesbutik\/","og_locale":"sv_SE","og_type":"article","og_title":"Lohilaakso smyckesbutik - Visit Kalajoki","og_description":"I Lohilaakso hittar du Kalajoki-postkort och magneter, orosdockor och r\u00f6kelser samt egentillverkade f\u00e4rggranna halsband, \u00f6rh\u00e4ngen och armband.","og_url":"https:\/\/visitkalajoki.fi\/sv\/shoppa\/lohilaakso-smyckesbutik\/","og_site_name":"Visit Kalajoki","article_publisher":"https:\/\/www.facebook.com\/visitkalajoki","article_modified_time":"2020-06-24T13:45:55+00:00","og_image":[{"width":1920,"height":720,"url":"https:\/\/visitkalajoki.fi\/wp-content\/uploads\/2019\/04\/1920x720_lohilaakson_koru-min.jpg","type":"image\/jpeg"}],"twitter_card":"summary_large_image","twitter_site":"@Kalajoki","schema":{"@context":"https:\/\/schema.org","@graph":[{"@type":"WebPage","@id":"https:\/\/visitkalajoki.fi\/sv\/shoppa\/lohilaakso-smyckesbutik\/","url":"https:\/\/visitkalajoki.fi\/sv\/shoppa\/lohilaakso-smyckesbutik\/","name":"Lohilaakso smyckesbutik - Visit Kalajoki","isPartOf":{"@id":"https:\/\/visitkalajoki.fi\/sv\/#website"},"primaryImageOfPage":{"@id":"https:\/\/visitkalajoki.fi\/sv\/shoppa\/lohilaakso-smyckesbutik\/#primaryimage"},"image":{"@id":"https:\/\/visitkalajoki.fi\/sv\/shoppa\/lohilaakso-smyckesbutik\/#primaryimage"},"thumbnailUrl":"https:\/\/visitkalajoki.fi\/wp-content\/uploads\/2019\/04\/1920x720_lohilaakson_koru-min.jpg","datePublished":"2019-04-03T09:23:54+00:00","dateModified":"2020-06-24T13:45:55+00:00","description":"I Lohilaakso hittar du Kalajoki-postkort och magneter, orosdockor och r\u00f6kelser samt egentillverkade f\u00e4rggranna halsband, \u00f6rh\u00e4ngen och armband.","breadcrumb":{"@id":"https:\/\/visitkalajoki.fi\/sv\/shoppa\/lohilaakso-smyckesbutik\/#breadcrumb"},"inLanguage":"sv-SE","potentialAction":[{"@type":"ReadAction","target":["https:\/\/visitkalajoki.fi\/sv\/shoppa\/lohilaakso-smyckesbutik\/"]}]},{"@type":"ImageObject","inLanguage":"sv-SE","@id":"https:\/\/visitkalajoki.fi\/sv\/shoppa\/lohilaakso-smyckesbutik\/#primaryimage","url":"https:\/\/visitkalajoki.fi\/wp-content\/uploads\/2019\/04\/1920x720_lohilaakson_koru-min.jpg","contentUrl":"https:\/\/visitkalajoki.fi\/wp-content\/uploads\/2019\/04\/1920x720_lohilaakson_koru-min.jpg","width":1920,"height":720},{"@type":"BreadcrumbList","@id":"https:\/\/visitkalajoki.fi\/sv\/shoppa\/lohilaakso-smyckesbutik\/#breadcrumb","itemListElement":[{"@type":"ListItem","position":1,"name":"Shoppa","item":"https:\/\/visitkalajoki.fi\/sv\/shoppa\/"},{"@type":"ListItem","position":2,"name":"Lohilaakso smyckesbutik"}]},{"@type":"WebSite","@id":"https:\/\/visitkalajoki.fi\/sv\/#website","url":"https:\/\/visitkalajoki.fi\/sv\/","name":"Visit Kalajoki","description":"","potentialAction":[{"@type":"SearchAction","target":{"@type":"EntryPoint","urlTemplate":"https:\/\/visitkalajoki.fi\/sv\/?s={search_term_string}"},"query-input":{"@type":"PropertyValueSpecification","valueRequired":true,"valueName":"search_term_string"}}],"inLanguage":"sv-SE"}]}},"_links":{"self":[{"href":"https:\/\/visitkalajoki.fi\/sv\/wp-json\/wp\/v2\/pages\/8228","targetHints":{"allow":["GET"]}}],"collection":[{"href":"https:\/\/visitkalajoki.fi\/sv\/wp-json\/wp\/v2\/pages"}],"about":[{"href":"https:\/\/visitkalajoki.fi\/sv\/wp-json\/wp\/v2\/types\/page"}],"author":[{"embeddable":true,"href":"https:\/\/visitkalajoki.fi\/sv\/wp-json\/wp\/v2\/users\/20"}],"replies":[{"embeddable":true,"href":"https:\/\/visitkalajoki.fi\/sv\/wp-json\/wp\/v2\/comments?post=8228"}],"version-history":[{"count":3,"href":"https:\/\/visitkalajoki.fi\/sv\/wp-json\/wp\/v2\/pages\/8228\/revisions"}],"predecessor-version":[{"id":17789,"href":"https:\/\/visitkalajoki.fi\/sv\/wp-json\/wp\/v2\/pages\/8228\/revisions\/17789"}],"up":[{"embeddable":true,"href":"https:\/\/visitkalajoki.fi\/sv\/wp-json\/wp\/v2\/pages\/8209"}],"wp:featuredmedia":[{"embeddable":true,"href":"https:\/\/visitkalajoki.fi\/sv\/wp-json\/wp\/v2\/media\/3293"}],"wp:attachment":[{"href":"https:\/\/visitkalajoki.fi\/sv\/wp-json\/wp\/v2\/media?parent=8228"}],"curies":[{"name":"wp","href":"https:\/\/api.w.org\/{rel}","templated":true}]}}