{"id":8277,"date":"2019-04-03T11:54:52","date_gmt":"2019-04-03T11:54:52","guid":{"rendered":"http:\/\/ntrnz.com\/asiakas\/visitkalajoki2019\/at-drick\/restauranger\/restaurant-bistro\/"},"modified":"2024-06-07T09:11:19","modified_gmt":"2024-06-07T06:11:19","slug":"restaurang-valke","status":"publish","type":"page","link":"https:\/\/visitkalajoki.fi\/sv\/at-drick\/restauranger\/restaurang-valke\/","title":{"rendered":"Restaurang V\u00e4lke"},"content":{"rendered":"","protected":false},"excerpt":{"rendered":"","protected":false},"author":20,"featured_media":31056,"parent":7985,"menu_order":0,"comment_status":"closed","ping_status":"closed","template":"","meta":{"_acf_changed":false,"footnotes":""},"class_list":["post-8277","page","type-page","status-publish","has-post-thumbnail","hentry"],"acf":[],"yoast_head":"<!-- This site is optimized with the Yoast SEO plugin v27.4 - https:\/\/yoast.com\/product\/yoast-seo-wordpress\/ -->\n<title>Restaurang V\u00e4lke - Visit Kalajoki<\/title>\n<meta name=\"description\" content=\"Hela familjens st\u00e4mningsfulla matrestaurang p\u00e5 Santa&#039;s Resort &amp; Spa Hotel Sani serverar lokala smaker, klassiker och l\u00e4ckerheter fr\u00e5n n\u00e4romr\u00e5det.\" \/>\n<meta name=\"robots\" content=\"index, follow, max-snippet:-1, max-image-preview:large, max-video-preview:-1\" \/>\n<link rel=\"canonical\" href=\"https:\/\/visitkalajoki.fi\/sv\/at-drick\/restauranger\/restaurang-valke\/\" \/>\n<meta property=\"og:locale\" content=\"sv_SE\" \/>\n<meta property=\"og:type\" content=\"article\" \/>\n<meta property=\"og:title\" content=\"Restaurang V\u00e4lke - Visit Kalajoki\" \/>\n<meta property=\"og:description\" content=\"Hela familjens st\u00e4mningsfulla matrestaurang p\u00e5 Santa&#039;s Resort &amp; Spa Hotel Sani serverar lokala smaker, klassiker och l\u00e4ckerheter fr\u00e5n n\u00e4romr\u00e5det.\" \/>\n<meta property=\"og:url\" content=\"https:\/\/visitkalajoki.fi\/sv\/at-drick\/restauranger\/restaurang-valke\/\" \/>\n<meta property=\"og:site_name\" content=\"Visit Kalajoki\" \/>\n<meta property=\"article:publisher\" content=\"https:\/\/www.facebook.com\/visitkalajoki\" \/>\n<meta property=\"article:modified_time\" content=\"2024-06-07T06:11:19+00:00\" \/>\n<meta property=\"og:image\" content=\"https:\/\/visitkalajoki.fi\/wp-content\/uploads\/2024\/06\/RavintolaValke.jpg\" \/>\n\t<meta property=\"og:image:width\" content=\"2048\" \/>\n\t<meta property=\"og:image:height\" content=\"1366\" \/>\n\t<meta property=\"og:image:type\" content=\"image\/jpeg\" \/>\n<meta name=\"twitter:card\" content=\"summary_large_image\" \/>\n<meta name=\"twitter:site\" content=\"@Kalajoki\" \/>\n<meta name=\"twitter:label1\" content=\"Ber\u00e4knad l\u00e4stid\" \/>\n\t<meta name=\"twitter:data1\" content=\"2 minuter\" \/>\n<script type=\"application\/ld+json\" class=\"yoast-schema-graph\">{\"@context\":\"https:\\\/\\\/schema.org\",\"@graph\":[{\"@type\":\"WebPage\",\"@id\":\"https:\\\/\\\/visitkalajoki.fi\\\/sv\\\/at-drick\\\/restauranger\\\/restaurang-valke\\\/\",\"url\":\"https:\\\/\\\/visitkalajoki.fi\\\/sv\\\/at-drick\\\/restauranger\\\/restaurang-valke\\\/\",\"name\":\"Restaurang V\u00e4lke - Visit Kalajoki\",\"isPartOf\":{\"@id\":\"https:\\\/\\\/visitkalajoki.fi\\\/sv\\\/#website\"},\"primaryImageOfPage\":{\"@id\":\"https:\\\/\\\/visitkalajoki.fi\\\/sv\\\/at-drick\\\/restauranger\\\/restaurang-valke\\\/#primaryimage\"},\"image\":{\"@id\":\"https:\\\/\\\/visitkalajoki.fi\\\/sv\\\/at-drick\\\/restauranger\\\/restaurang-valke\\\/#primaryimage\"},\"thumbnailUrl\":\"https:\\\/\\\/visitkalajoki.fi\\\/wp-content\\\/uploads\\\/2024\\\/06\\\/RavintolaValke.jpg\",\"datePublished\":\"2019-04-03T11:54:52+00:00\",\"dateModified\":\"2024-06-07T06:11:19+00:00\",\"description\":\"Hela familjens st\u00e4mningsfulla matrestaurang p\u00e5 Santa's Resort & Spa Hotel Sani serverar lokala smaker, klassiker och l\u00e4ckerheter fr\u00e5n n\u00e4romr\u00e5det.\",\"breadcrumb\":{\"@id\":\"https:\\\/\\\/visitkalajoki.fi\\\/sv\\\/at-drick\\\/restauranger\\\/restaurang-valke\\\/#breadcrumb\"},\"inLanguage\":\"sv-SE\",\"potentialAction\":[{\"@type\":\"ReadAction\",\"target\":[\"https:\\\/\\\/visitkalajoki.fi\\\/sv\\\/at-drick\\\/restauranger\\\/restaurang-valke\\\/\"]}]},{\"@type\":\"ImageObject\",\"inLanguage\":\"sv-SE\",\"@id\":\"https:\\\/\\\/visitkalajoki.fi\\\/sv\\\/at-drick\\\/restauranger\\\/restaurang-valke\\\/#primaryimage\",\"url\":\"https:\\\/\\\/visitkalajoki.fi\\\/wp-content\\\/uploads\\\/2024\\\/06\\\/RavintolaValke.jpg\",\"contentUrl\":\"https:\\\/\\\/visitkalajoki.fi\\\/wp-content\\\/uploads\\\/2024\\\/06\\\/RavintolaValke.jpg\",\"width\":2048,\"height\":1366,\"caption\":\"Santa\u00b4s Resort & Spa Hotel Sani ravintola V\u00e4lke\"},{\"@type\":\"BreadcrumbList\",\"@id\":\"https:\\\/\\\/visitkalajoki.fi\\\/sv\\\/at-drick\\\/restauranger\\\/restaurang-valke\\\/#breadcrumb\",\"itemListElement\":[{\"@type\":\"ListItem\",\"position\":1,\"name\":\"\u00c4t &#038; drick\",\"item\":\"https:\\\/\\\/visitkalajoki.fi\\\/sv\\\/at-drick\\\/\"},{\"@type\":\"ListItem\",\"position\":2,\"name\":\"Restauranger\",\"item\":\"https:\\\/\\\/visitkalajoki.fi\\\/sv\\\/at-drick\\\/restauranger\\\/\"},{\"@type\":\"ListItem\",\"position\":3,\"name\":\"Restaurang V\u00e4lke\"}]},{\"@type\":\"WebSite\",\"@id\":\"https:\\\/\\\/visitkalajoki.fi\\\/sv\\\/#website\",\"url\":\"https:\\\/\\\/visitkalajoki.fi\\\/sv\\\/\",\"name\":\"Visit Kalajoki\",\"description\":\"\",\"potentialAction\":[{\"@type\":\"SearchAction\",\"target\":{\"@type\":\"EntryPoint\",\"urlTemplate\":\"https:\\\/\\\/visitkalajoki.fi\\\/sv\\\/?s={search_term_string}\"},\"query-input\":{\"@type\":\"PropertyValueSpecification\",\"valueRequired\":true,\"valueName\":\"search_term_string\"}}],\"inLanguage\":\"sv-SE\"}]}<\/script>\n<!-- \/ Yoast SEO plugin. -->","yoast_head_json":{"title":"Restaurang V\u00e4lke - Visit Kalajoki","description":"Hela familjens st\u00e4mningsfulla matrestaurang p\u00e5 Santa's Resort & Spa Hotel Sani serverar lokala smaker, klassiker och l\u00e4ckerheter fr\u00e5n n\u00e4romr\u00e5det.","robots":{"index":"index","follow":"follow","max-snippet":"max-snippet:-1","max-image-preview":"max-image-preview:large","max-video-preview":"max-video-preview:-1"},"canonical":"https:\/\/visitkalajoki.fi\/sv\/at-drick\/restauranger\/restaurang-valke\/","og_locale":"sv_SE","og_type":"article","og_title":"Restaurang V\u00e4lke - Visit Kalajoki","og_description":"Hela familjens st\u00e4mningsfulla matrestaurang p\u00e5 Santa's Resort & Spa Hotel Sani serverar lokala smaker, klassiker och l\u00e4ckerheter fr\u00e5n n\u00e4romr\u00e5det.","og_url":"https:\/\/visitkalajoki.fi\/sv\/at-drick\/restauranger\/restaurang-valke\/","og_site_name":"Visit Kalajoki","article_publisher":"https:\/\/www.facebook.com\/visitkalajoki","article_modified_time":"2024-06-07T06:11:19+00:00","og_image":[{"width":2048,"height":1366,"url":"https:\/\/visitkalajoki.fi\/wp-content\/uploads\/2024\/06\/RavintolaValke.jpg","type":"image\/jpeg"}],"twitter_card":"summary_large_image","twitter_site":"@Kalajoki","twitter_misc":{"Ber\u00e4knad l\u00e4stid":"2 minuter"},"schema":{"@context":"https:\/\/schema.org","@graph":[{"@type":"WebPage","@id":"https:\/\/visitkalajoki.fi\/sv\/at-drick\/restauranger\/restaurang-valke\/","url":"https:\/\/visitkalajoki.fi\/sv\/at-drick\/restauranger\/restaurang-valke\/","name":"Restaurang V\u00e4lke - Visit Kalajoki","isPartOf":{"@id":"https:\/\/visitkalajoki.fi\/sv\/#website"},"primaryImageOfPage":{"@id":"https:\/\/visitkalajoki.fi\/sv\/at-drick\/restauranger\/restaurang-valke\/#primaryimage"},"image":{"@id":"https:\/\/visitkalajoki.fi\/sv\/at-drick\/restauranger\/restaurang-valke\/#primaryimage"},"thumbnailUrl":"https:\/\/visitkalajoki.fi\/wp-content\/uploads\/2024\/06\/RavintolaValke.jpg","datePublished":"2019-04-03T11:54:52+00:00","dateModified":"2024-06-07T06:11:19+00:00","description":"Hela familjens st\u00e4mningsfulla matrestaurang p\u00e5 Santa's Resort & Spa Hotel Sani serverar lokala smaker, klassiker och l\u00e4ckerheter fr\u00e5n n\u00e4romr\u00e5det.","breadcrumb":{"@id":"https:\/\/visitkalajoki.fi\/sv\/at-drick\/restauranger\/restaurang-valke\/#breadcrumb"},"inLanguage":"sv-SE","potentialAction":[{"@type":"ReadAction","target":["https:\/\/visitkalajoki.fi\/sv\/at-drick\/restauranger\/restaurang-valke\/"]}]},{"@type":"ImageObject","inLanguage":"sv-SE","@id":"https:\/\/visitkalajoki.fi\/sv\/at-drick\/restauranger\/restaurang-valke\/#primaryimage","url":"https:\/\/visitkalajoki.fi\/wp-content\/uploads\/2024\/06\/RavintolaValke.jpg","contentUrl":"https:\/\/visitkalajoki.fi\/wp-content\/uploads\/2024\/06\/RavintolaValke.jpg","width":2048,"height":1366,"caption":"Santa\u00b4s Resort & Spa Hotel Sani ravintola V\u00e4lke"},{"@type":"BreadcrumbList","@id":"https:\/\/visitkalajoki.fi\/sv\/at-drick\/restauranger\/restaurang-valke\/#breadcrumb","itemListElement":[{"@type":"ListItem","position":1,"name":"\u00c4t &#038; drick","item":"https:\/\/visitkalajoki.fi\/sv\/at-drick\/"},{"@type":"ListItem","position":2,"name":"Restauranger","item":"https:\/\/visitkalajoki.fi\/sv\/at-drick\/restauranger\/"},{"@type":"ListItem","position":3,"name":"Restaurang V\u00e4lke"}]},{"@type":"WebSite","@id":"https:\/\/visitkalajoki.fi\/sv\/#website","url":"https:\/\/visitkalajoki.fi\/sv\/","name":"Visit Kalajoki","description":"","potentialAction":[{"@type":"SearchAction","target":{"@type":"EntryPoint","urlTemplate":"https:\/\/visitkalajoki.fi\/sv\/?s={search_term_string}"},"query-input":{"@type":"PropertyValueSpecification","valueRequired":true,"valueName":"search_term_string"}}],"inLanguage":"sv-SE"}]}},"_links":{"self":[{"href":"https:\/\/visitkalajoki.fi\/sv\/wp-json\/wp\/v2\/pages\/8277","targetHints":{"allow":["GET"]}}],"collection":[{"href":"https:\/\/visitkalajoki.fi\/sv\/wp-json\/wp\/v2\/pages"}],"about":[{"href":"https:\/\/visitkalajoki.fi\/sv\/wp-json\/wp\/v2\/types\/page"}],"author":[{"embeddable":true,"href":"https:\/\/visitkalajoki.fi\/sv\/wp-json\/wp\/v2\/users\/20"}],"replies":[{"embeddable":true,"href":"https:\/\/visitkalajoki.fi\/sv\/wp-json\/wp\/v2\/comments?post=8277"}],"version-history":[{"count":5,"href":"https:\/\/visitkalajoki.fi\/sv\/wp-json\/wp\/v2\/pages\/8277\/revisions"}],"predecessor-version":[{"id":31063,"href":"https:\/\/visitkalajoki.fi\/sv\/wp-json\/wp\/v2\/pages\/8277\/revisions\/31063"}],"up":[{"embeddable":true,"href":"https:\/\/visitkalajoki.fi\/sv\/wp-json\/wp\/v2\/pages\/7985"}],"wp:featuredmedia":[{"embeddable":true,"href":"https:\/\/visitkalajoki.fi\/sv\/wp-json\/wp\/v2\/media\/31056"}],"wp:attachment":[{"href":"https:\/\/visitkalajoki.fi\/sv\/wp-json\/wp\/v2\/media?parent=8277"}],"curies":[{"name":"wp","href":"https:\/\/api.w.org\/{rel}","templated":true}]}}